{"id":892,"date":"2023-06-01T12:46:38","date_gmt":"2023-06-01T12:46:38","guid":{"rendered":"https:\/\/aps-eb.de\/?post_type=product&#038;p=892"},"modified":"2025-10-11T08:18:46","modified_gmt":"2025-10-11T08:18:46","slug":"erweiterbarer-rucksack","status":"publish","type":"product","link":"https:\/\/www.aps-eb.de\/fr\/categorie\/erweiterbarer-rucksack\/","title":{"rendered":"sac \u00e0 dos extensible"},"content":{"rendered":"<h4 id=\"tw-target-text\" class=\"tw-data-text tw-text-large tw-ta\" dir=\"ltr\" data-placeholder=\"Translation\"><span class=\"Y2IQFc\" lang=\"de\">Sac \u00e0 dos extensible<\/span><\/h4>\n<ul>\n<li>100 % nylon<\/li>\n<li>extensible pour une capacit\u00e9 suppl\u00e9mentaire<\/li>\n<li>Sangle compatible MOLLE pour un ajustement personnalis\u00e9<\/li>\n<li>Deux poches avant ext\u00e9rieures avec organisation interne<\/li>\n<li>clip de maintien de cl\u00e9 interne<\/li>\n<li>Les poches lat\u00e9rales zipp\u00e9es s'agrandissent pour accueillir une bouteille ou un t\u00e9l\u00e9phone<\/li>\n<li>Bandouli\u00e8res rembourr\u00e9es et r\u00e9glables et sangles de poitrine r\u00e9glables<\/li>\n<li>Syst\u00e8me d'hydratation compatible<\/li>\n<li>Grandes poches int\u00e9rieures pour l'organisation<\/li>\n<li>Doublure contrast\u00e9e pour une meilleure visibilit\u00e9<\/li>\n<li>Compartiment arri\u00e8re pour ordinateur portable<\/li>\n<li>Champ de boucle externe pour les patchs<\/li>\n<li>Test\u00e9 et approuv\u00e9 par les membres du NTOA<\/li>\n<li>Import\u00e9<\/li>\n<\/ul>\n<p>Le sac \u00e0 dos extensible polyvalent est le sac \u00e0 dos parfait pour toute mission. Ce sac \u00e0 dos durable de haute qualit\u00e9 offre une capacit\u00e9 de transport et une organisation maximales pour un stockage optimal de l'\u00e9quipement avec une extension de 2 pouces lorsque vous en avez besoin. Un compartiment arri\u00e8re rembourr\u00e9 \u00e0 double acc\u00e8s offre une protection s\u00fbre. Les bretelles rembourr\u00e9es et la sangle pectorale r\u00e9glable permettent un excellent confort tout au long de la journ\u00e9e et une r\u00e9partition du poids. De plus, ce sac est parfait pour les voyages, car il peut \u00eatre facilement rang\u00e9 sous les si\u00e8ges d'avion.<\/p>","protected":false},"excerpt":{"rendered":"<h4 id=\"tw-target-text\" class=\"tw-data-text tw-text-large tw-ta\" dir=\"ltr\" data-placeholder=\"Translation\"><span class=\"Y2IQFc\" lang=\"de\">Sac \u00e0 dos extensible<\/span><\/h4>","protected":false},"featured_media":901,"comment_status":"open","ping_status":"closed","template":"","meta":{"_rtcl_gb_attr":"","ngg_post_thumbnail":0},"product_brand":[],"product_cat":[330],"product_tag":[152,85],"class_list":{"0":"post-892","1":"product","2":"type-product","3":"status-publish","4":"has-post-thumbnail","6":"product_cat-taschen-backpacks","7":"product_tag-rucksack","8":"product_tag-us-army","9":"pa_farbe-coyote","10":"pa_farbe-schwarz","12":"first","13":"instock","14":"taxable","15":"shipping-taxable","16":"purchasable","17":"product-type-variable"},"bundled_by":[],"bundle_stock_status":"instock","bundle_stock_quantity":10,"bundle_virtual":false,"bundle_layout":"","bundle_add_to_cart_form_location":"","bundle_editable_in_cart":false,"bundle_sold_individually_context":"","bundle_item_grouping":"","bundle_min_size":"","bundle_max_size":"","bundle_price":[],"bundled_items":[],"bundle_sell_ids":[],"jetpack_sharing_enabled":true,"_links":{"self":[{"href":"https:\/\/www.aps-eb.de\/fr\/wp-json\/wp\/v2\/product\/892","targetHints":{"allow":["GET"]}}],"collection":[{"href":"https:\/\/www.aps-eb.de\/fr\/wp-json\/wp\/v2\/product"}],"about":[{"href":"https:\/\/www.aps-eb.de\/fr\/wp-json\/wp\/v2\/types\/product"}],"replies":[{"embeddable":true,"href":"https:\/\/www.aps-eb.de\/fr\/wp-json\/wp\/v2\/comments?post=892"}],"wp:featuredmedia":[{"embeddable":true,"href":"https:\/\/www.aps-eb.de\/fr\/wp-json\/wp\/v2\/media\/901"}],"wp:attachment":[{"href":"https:\/\/www.aps-eb.de\/fr\/wp-json\/wp\/v2\/media?parent=892"}],"wp:term":[{"taxonomy":"product_brand","embeddable":true,"href":"https:\/\/www.aps-eb.de\/fr\/wp-json\/wp\/v2\/product_brand?post=892"},{"taxonomy":"product_cat","embeddable":true,"href":"https:\/\/www.aps-eb.de\/fr\/wp-json\/wp\/v2\/product_cat?post=892"},{"taxonomy":"product_tag","embeddable":true,"href":"https:\/\/www.aps-eb.de\/fr\/wp-json\/wp\/v2\/product_tag?post=892"}],"curies":[{"name":"wp","href":"https:\/\/api.w.org\/{rel}","templated":true}]}}