{"id":79,"date":"2021-02-10T12:57:24","date_gmt":"2021-02-10T12:57:24","guid":{"rendered":"http:\/\/aps-eb.de\/?page_id=79"},"modified":"2021-02-10T12:57:24","modified_gmt":"2021-02-10T12:57:24","slug":"batterieverordnung","status":"publish","type":"page","link":"https:\/\/www.aps-eb.de\/pl\/batterieverordnung\/","title":{"rendered":"Regulacja baterii"},"content":{"rendered":"<p>W zwi\u0105zku z dystrybucj\u0105 baterii i akumulator\u00f3w jako sprzedawca jeste\u015bmy zobowi\u0105zani zgodnie z rozporz\u0105dzeniem w sprawie baterii do poinformowania Ci\u0119 jako konsumenta o nast\u0119puj\u0105cych kwestiach:<br>Jeste\u015b prawnie zobowi\u0105zany do zwrotu baterii i akumulator\u00f3w. Mo\u017cesz je zwr\u00f3ci\u0107 po u\u017cyciu w naszym punkcie sprzeda\u017cy, w miejskim punkcie odbioru lub w lokalnym handlu. Baterie zawieraj\u0105ce substancje szkodliwe s\u0105 oznaczone znakiem sk\u0142adaj\u0105cym si\u0119 z przekre\u015blonego pojemnika na odpady i symbolu chemicznego (Cd, Hg lub Pb) metalu ci\u0119\u017ckiego, kt\u00f3ry ma decyduj\u0105ce znaczenie dla klasyfikacji jako zawieraj\u0105cy substancje szkodliwe.<\/p>","protected":false},"excerpt":{"rendered":"<p>W zwi\u0105zku z dystrybucj\u0105 baterii i akumulator\u00f3w jako sprzedawca jeste\u015bmy zobowi\u0105zani zgodnie z rozporz\u0105dzeniem w sprawie baterii do:<\/p>","protected":false},"author":1,"featured_media":0,"parent":0,"menu_order":0,"comment_status":"closed","ping_status":"closed","template":"","meta":{"_rtcl_gb_attr":"","ngg_post_thumbnail":0,"footnotes":""},"class_list":["post-79","page","type-page","status-publish","hentry"],"jetpack_sharing_enabled":true,"_links":{"self":[{"href":"https:\/\/www.aps-eb.de\/pl\/wp-json\/wp\/v2\/pages\/79","targetHints":{"allow":["GET"]}}],"collection":[{"href":"https:\/\/www.aps-eb.de\/pl\/wp-json\/wp\/v2\/pages"}],"about":[{"href":"https:\/\/www.aps-eb.de\/pl\/wp-json\/wp\/v2\/types\/page"}],"author":[{"embeddable":true,"href":"https:\/\/www.aps-eb.de\/pl\/wp-json\/wp\/v2\/users\/1"}],"replies":[{"embeddable":true,"href":"https:\/\/www.aps-eb.de\/pl\/wp-json\/wp\/v2\/comments?post=79"}],"version-history":[{"count":0,"href":"https:\/\/www.aps-eb.de\/pl\/wp-json\/wp\/v2\/pages\/79\/revisions"}],"wp:attachment":[{"href":"https:\/\/www.aps-eb.de\/pl\/wp-json\/wp\/v2\/media?parent=79"}],"curies":[{"name":"wp","href":"https:\/\/api.w.org\/{rel}","templated":true}]}}