{"id":1057,"date":"2023-06-14T09:58:17","date_gmt":"2023-06-14T09:58:17","guid":{"rendered":"https:\/\/aps-eb.de\/?post_type=product&#038;p=1057"},"modified":"2025-02-13T10:38:19","modified_gmt":"2025-02-13T10:38:19","slug":"champion-oil-filter-ch48110-1-kopie","status":"publish","type":"product","link":"https:\/\/www.aps-eb.de\/pl\/categorie\/champion-oil-filter-ch48110-1-kopie\/","title":{"rendered":"Filtr oleju Champion CH48110-1"},"content":{"rendered":"<h1 class=\"product-info-title\">Filtr oleju Champion CH48110-1<\/h1>\n<p>Filtr oleju Champion Spin-On CH48110-1 z mikrofiltrem impregnowanym \u017cywic\u0105 z pe\u0142nymi zmarszczkami wychwytuje wszystkie szkodliwe cz\u0105stki, w tym wi\u00f3ry metalowe, spowodowane normalnym zu\u017cyciem silnika.<\/p>","protected":false},"excerpt":{"rendered":"<p>Filtr oleju Champion CH48110-1 Filtr oleju Champion Spin-On CH48110-1 z mikrofiltrem impregnowanym \u017cywic\u0105 z pe\u0142nymi zmarszczkami wychwytuje wszystkie szkodliwe cz\u0105stki, w tym wi\u00f3ry metalowe,<\/p>","protected":false},"featured_media":1056,"comment_status":"open","ping_status":"closed","template":"","meta":{"_rtcl_gb_attr":"","ngg_post_thumbnail":0},"product_brand":[],"product_cat":[27],"product_tag":[68,70,71,69],"class_list":{"0":"post-1057","1":"product","2":"type-product","3":"status-publish","4":"has-post-thumbnail","6":"product_cat-ersatzteile","7":"product_tag-champion","8":"product_tag-lycomming","9":"product_tag-oilfilter","10":"product_tag-oelfilter","12":"first","13":"instock","14":"taxable","15":"shipping-taxable","16":"purchasable","17":"product-type-simple"},"bundled_by":[],"bundle_stock_status":"instock","bundle_stock_quantity":10,"bundle_virtual":false,"bundle_layout":"","bundle_add_to_cart_form_location":"","bundle_editable_in_cart":false,"bundle_sold_individually_context":"","bundle_item_grouping":"","bundle_min_size":"","bundle_max_size":"","bundle_price":[],"bundled_items":[],"bundle_sell_ids":[],"jetpack_sharing_enabled":true,"_links":{"self":[{"href":"https:\/\/www.aps-eb.de\/pl\/wp-json\/wp\/v2\/product\/1057","targetHints":{"allow":["GET"]}}],"collection":[{"href":"https:\/\/www.aps-eb.de\/pl\/wp-json\/wp\/v2\/product"}],"about":[{"href":"https:\/\/www.aps-eb.de\/pl\/wp-json\/wp\/v2\/types\/product"}],"replies":[{"embeddable":true,"href":"https:\/\/www.aps-eb.de\/pl\/wp-json\/wp\/v2\/comments?post=1057"}],"wp:featuredmedia":[{"embeddable":true,"href":"https:\/\/www.aps-eb.de\/pl\/wp-json\/wp\/v2\/media\/1056"}],"wp:attachment":[{"href":"https:\/\/www.aps-eb.de\/pl\/wp-json\/wp\/v2\/media?parent=1057"}],"wp:term":[{"taxonomy":"product_brand","embeddable":true,"href":"https:\/\/www.aps-eb.de\/pl\/wp-json\/wp\/v2\/product_brand?post=1057"},{"taxonomy":"product_cat","embeddable":true,"href":"https:\/\/www.aps-eb.de\/pl\/wp-json\/wp\/v2\/product_cat?post=1057"},{"taxonomy":"product_tag","embeddable":true,"href":"https:\/\/www.aps-eb.de\/pl\/wp-json\/wp\/v2\/product_tag?post=1057"}],"curies":[{"name":"wp","href":"https:\/\/api.w.org\/{rel}","templated":true}]}}