{"id":1058,"date":"2023-06-14T12:04:02","date_gmt":"2023-06-14T12:04:02","guid":{"rendered":"https:\/\/aps-eb.de\/?post_type=product&#038;p=1058"},"modified":"2025-03-10T10:00:35","modified_gmt":"2025-03-10T10:00:35","slug":"bremsbelag-066-14100","status":"publish","type":"product","link":"https:\/\/www.aps-eb.de\/pl\/categorie\/bremsbelag-066-14100\/","title":{"rendered":"Klocki hamulcowe Cleveland 066-14100"},"content":{"rendered":"<h1 class=\"product-info-title\">Klocki hamulcowe Cleveland 066-14100<\/h1>\n<p>P\u00f3\u0142metalowe\/organiczne (\u015bcierne) klocki hamulcowe<\/p>\n<p>Metalowe i p\u00f3\u0142metalowe klocki hamulcowe<br \/>\nDost\u0119pne s\u0105 dwa rodzaje klock\u00f3w hamulcowych: p\u00f3\u0142metaliczny\/organiczny (\u015bcierny) i metaliczny (przylepny). Numer cz\u0119\u015bci zespo\u0142u hamulcowego okre\u015blony przez producenta oryginalnego sprz\u0119tu okre\u015bla, jaki rodzaj ok\u0142adziny ma by\u0107 stosowany.<\/p>\n<p>P\u00f3\u0142metalowe ok\u0142adziny sk\u0142adaj\u0105 si\u0119 z w\u0142\u00f3kien kevlarowych zintegrowanych z materia\u0142em, kt\u00f3re zapewniaj\u0105 maksymaln\u0105 si\u0142\u0119 hamowania i d\u0142ug\u0105 \u017cywotno\u015b\u0107 ok\u0142adziny. Optymalna temperatura pracy p\u00f3\u0142metalowych klock\u00f3w hamulcowych wynosi 600-900 \u00b0 F.<\/p>\n<p>G\u0142\u00f3wnym sk\u0142adnikiem metalowych klock\u00f3w hamulcowych jest \u017celazo. W systemie przyczepno\u015bci cienka warstwa materia\u0142u klocka hamulcowego jest przenoszona na tarcz\u0119, gdy wchodzi i przylega do niej. Optymalny zakres temperatur roboczych metalowych klock\u00f3w hamulcowych wynosi 950-1200 \u00b0 F.<\/p>\n<p>Pokrycia mog\u0105 by\u0107 u\u017cywane ze wszystkimi dyskami OEM lub PMA.<\/p>","protected":false},"excerpt":{"rendered":"<h1 class=\"product-info-title\">Klocki hamulcowe Cleveland 066-14100<\/h1>","protected":false},"featured_media":1737,"comment_status":"open","ping_status":"closed","template":"","meta":{"_rtcl_gb_attr":"","ngg_post_thumbnail":0},"product_brand":[],"product_cat":[19],"product_tag":[73,72],"class_list":{"0":"post-1058","1":"product","2":"type-product","3":"status-publish","4":"has-post-thumbnail","6":"product_cat-bremskomponenten","7":"product_tag-06-14100","8":"product_tag-cleevland","10":"first","11":"instock","12":"taxable","13":"shipping-taxable","14":"purchasable","15":"product-type-simple"},"bundled_by":[],"bundle_stock_status":"instock","bundle_stock_quantity":10,"bundle_virtual":false,"bundle_layout":"","bundle_add_to_cart_form_location":"","bundle_editable_in_cart":false,"bundle_sold_individually_context":"","bundle_item_grouping":"","bundle_min_size":"","bundle_max_size":"","bundle_price":[],"bundled_items":[],"bundle_sell_ids":[],"jetpack_sharing_enabled":true,"_links":{"self":[{"href":"https:\/\/www.aps-eb.de\/pl\/wp-json\/wp\/v2\/product\/1058","targetHints":{"allow":["GET"]}}],"collection":[{"href":"https:\/\/www.aps-eb.de\/pl\/wp-json\/wp\/v2\/product"}],"about":[{"href":"https:\/\/www.aps-eb.de\/pl\/wp-json\/wp\/v2\/types\/product"}],"replies":[{"embeddable":true,"href":"https:\/\/www.aps-eb.de\/pl\/wp-json\/wp\/v2\/comments?post=1058"}],"wp:featuredmedia":[{"embeddable":true,"href":"https:\/\/www.aps-eb.de\/pl\/wp-json\/wp\/v2\/media\/1737"}],"wp:attachment":[{"href":"https:\/\/www.aps-eb.de\/pl\/wp-json\/wp\/v2\/media?parent=1058"}],"wp:term":[{"taxonomy":"product_brand","embeddable":true,"href":"https:\/\/www.aps-eb.de\/pl\/wp-json\/wp\/v2\/product_brand?post=1058"},{"taxonomy":"product_cat","embeddable":true,"href":"https:\/\/www.aps-eb.de\/pl\/wp-json\/wp\/v2\/product_cat?post=1058"},{"taxonomy":"product_tag","embeddable":true,"href":"https:\/\/www.aps-eb.de\/pl\/wp-json\/wp\/v2\/product_tag?post=1058"}],"curies":[{"name":"wp","href":"https:\/\/api.w.org\/{rel}","templated":true}]}}