{"id":1070,"date":"2023-06-15T18:35:46","date_gmt":"2023-06-15T18:35:46","guid":{"rendered":"https:\/\/aps-eb.de\/?post_type=product&#038;p=1070"},"modified":"2025-12-20T07:16:33","modified_gmt":"2025-12-20T07:16:33","slug":"bremsscheibe-164-30440","status":"publish","type":"product","link":"https:\/\/www.aps-eb.de\/pl\/categorie\/bremsscheibe-164-30440\/","title":{"rendered":"Tarcza hamulcowa 164-30440"},"content":{"rendered":"<h1 class=\"product-info-title\">Tarcza hamulcowa 164-30440<\/h1>\n<p>Tarcze hamulcowe BlackSteel s\u0105 obrabiane CNC przy u\u017cyciu najnowocze\u015bniejszej technologii od kucia jednocz\u0119\u015bciowego.<br \/>\nPodczas kucia metalu powstaje ukierunkowany przep\u0142yw ziarna, kt\u00f3ry pod\u0105\u017ca za konturem dysku. Pozwala to na znacznie mocniejszy dysk, w kt\u00f3rym ryzyko p\u0119kni\u0119\u0107 i katastrofalnych awarii zwi\u0105zanych z gorszymi konstrukcjami spawanymi jest mniejsze.<\/p>\n<p>Zastrze\u017cona obr\u00f3bka cieplna APS ma podw\u00f3jny cel. Obr\u00f3bka cieplna wzmacnia stal poprzez wi\u0105zanie w\u0119gla, tlenu i azotu w g\u00f3rnej warstwie metalu. Nie jest to pow\u0142oka, kt\u00f3ra mo\u017ce si\u0119 zu\u017cywa\u0107, poniewa\u017c sama stal jest przekszta\u0142cana. Obr\u00f3bka cieplna nadaje stali czarny wygl\u0105d i nadaje powierzchni wysok\u0105 odporno\u015b\u0107 na korozj\u0119 i utlenianie, czemu towarzysz\u0105 ekstremalne zmiany temperatury w pok\u0142adowych uk\u0142adach hamulcowych. To sprawia, \u017ce jest to doskona\u0142y wyb\u00f3r dla samolot\u00f3w rolniczych dzia\u0142aj\u0105cych w trudnym \u015brodowisku chemicznym, a tak\u017ce dla ka\u017cdego, kto opuszcza sw\u00f3j samolot przez wi\u0119kszo\u015b\u0107 czasu.<\/p>\n<p>Nadaje si\u0119 do:<\/p>\n<div class=\"tab-content\">\n<div id=\"eligibility-records\" class=\"eligibility-records tab-pane active\">\n<div class=\"table-responsive\">\n<table class=\"table table-striped table-bordered\">\n<thead>\n<tr>\n<td>Make<\/td>\n<td>Seria<\/td>\n<td>model<\/td>\n<td>Pocz\u0105tek S\/N<\/td>\n<td>Zako\u0144czenie S \/ N<\/td>\n<td>Komentarz<\/td>\n<td>Schemat kwalifikowalno\u015bci<\/td>\n<\/tr>\n<\/thead>\n<tbody>\n<tr>\n<td>Cessna<\/td>\n<td>150<\/td>\n<td>150 mln<\/td>\n<td>15077404<\/td>\n<td>15079113<\/td>\n<td>Zesp\u00f3\u0142 ko\u0142a P\/N 40-113 lub D30291-6, zesp\u00f3\u0142 hamulca P\/N 30-75, C30018 lub C30018-4. W\u0142a\u015bciciel musi zweryfikowa\u0107 numer cz\u0119\u015bci zespo\u0142u ko\u0142a lub hamulca.<\/td>\n<td>&nbsp;<\/td>\n<\/tr>\n<tr>\n<td>Cessna<\/td>\n<td>150<\/td>\n<td>A150M<\/td>\n<td>A15000642<\/td>\n<td>A1500717<\/td>\n<td>Zesp\u00f3\u0142 ko\u0142a P\/N 40-113 lub D30291-6, zesp\u00f3\u0142 hamulca P\/N 30-75, C30018 lub C30018-4. W\u0142a\u015bciciel musi zweryfikowa\u0107 numer cz\u0119\u015bci zespo\u0142u ko\u0142a lub hamulca.<\/td>\n<td>&nbsp;<\/td>\n<\/tr>\n<tr>\n<td>Cessna<\/td>\n<td>152<\/td>\n<td>FA152<\/td>\n<td>FA1520337<\/td>\n<td>FA1520425<\/td>\n<td>Zesp\u00f3\u0142 ko\u0142a P \/ N D-30291-6, zesp\u00f3\u0142 hamulca P \/ N C-30018-4. W\u0142a\u015bciciel musi zweryfikowa\u0107 numery cz\u0119\u015bci zespo\u0142u k\u00f3\u0142 lub hamulc\u00f3w w celu okre\u015blenia odpowiednich numer\u00f3w tarcz i ok\u0142adzin.<\/td>\n<td>&nbsp;<\/td>\n<\/tr>\n<tr>\n<td>Cessna<\/td>\n<td>177<\/td>\n<td>177<\/td>\n<td>17700001<\/td>\n<td>17701164<\/td>\n<td>&nbsp;<\/td>\n<td>&nbsp;<\/td>\n<\/tr>\n<tr>\n<td>Cessna<\/td>\n<td>177<\/td>\n<td>177B<\/td>\n<td>17702314<\/td>\n<td>17702522<\/td>\n<td>Zesp\u00f3\u0142 ko\u0142a P \/ N D-30291-6, zesp\u00f3\u0142 hamulca P \/ N C-30018-4. W\u0142a\u015bciciel musi zweryfikowa\u0107 numery cz\u0119\u015bci zespo\u0142u k\u00f3\u0142 lub hamulc\u00f3w w celu okre\u015blenia odpowiednich numer\u00f3w tarcz i ok\u0142adzin.<\/td>\n<td>&nbsp;<\/td>\n<\/tr>\n<tr>\n<td>Cessna<\/td>\n<td>177<\/td>\n<td>177RG<\/td>\n<td>177RG0788<\/td>\n<td>177RG1051<\/td>\n<td>Zesp\u00f3\u0142 ko\u0142a P \/ N D-30291-6, zesp\u00f3\u0142 hamulca P \/ N 30018-4. W\u0142a\u015bciciel musi zweryfikowa\u0107 numery cz\u0119\u015bci zespo\u0142u k\u00f3\u0142 lub hamulc\u00f3w w celu okre\u015blenia odpowiednich numer\u00f3w tarcz i ok\u0142adzin.<\/td>\n<td>&nbsp;<\/td>\n<\/tr>\n<tr>\n<td>Cessna<\/td>\n<td>177<\/td>\n<td>F177RG<\/td>\n<td>F77RG0139<\/td>\n<td>F177RG0160<\/td>\n<td>Zesp\u00f3\u0142 ko\u0142a P \/ N D-30291-6, zesp\u00f3\u0142 hamulca P \/ N 30018-4. W\u0142a\u015bciciel musi zweryfikowa\u0107 numery cz\u0119\u015bci zespo\u0142u k\u00f3\u0142 lub hamulc\u00f3w w celu okre\u015blenia odpowiednich numer\u00f3w tarcz i ok\u0142adzin.<\/td>\n<td>&nbsp;<\/td>\n<\/tr>\n<tr>\n<td>Cessna<\/td>\n<td>182<\/td>\n<td>182<\/td>\n<td>33000<\/td>\n<td>33842<\/td>\n<td>&nbsp;<\/td>\n<td>&nbsp;<\/td>\n<\/tr>\n<tr>\n<td>Cessna<\/td>\n<td>182<\/td>\n<td>182A<\/td>\n<td>33843<\/td>\n<td>51556<\/td>\n<td>&nbsp;<\/td>\n<td>&nbsp;<\/td>\n<\/tr>\n<tr>\n<td>Cessna<\/td>\n<td>182<\/td>\n<td>182B<\/td>\n<td>51557<\/td>\n<td>52358<\/td>\n<td>&nbsp;<\/td>\n<td>&nbsp;<\/td>\n<\/tr>\n<tr>\n<td>Cessna<\/td>\n<td>182<\/td>\n<td>182C<\/td>\n<td>52359<\/td>\n<td>53007<\/td>\n<td>&nbsp;<\/td>\n<td>&nbsp;<\/td>\n<\/tr>\n<tr>\n<td>Cessna<\/td>\n<td>182<\/td>\n<td>182D<\/td>\n<td>18253008<\/td>\n<td>18253598<\/td>\n<td>&nbsp;<\/td>\n<td>&nbsp;<\/td>\n<\/tr>\n<tr>\n<td>Cessna<\/td>\n<td>182<\/td>\n<td>182E<\/td>\n<td>18253599<\/td>\n<td>18254423<\/td>\n<td>&nbsp;<\/td>\n<td>&nbsp;<\/td>\n<\/tr>\n<tr>\n<td>Cessna<\/td>\n<td>182<\/td>\n<td>182F<\/td>\n<td>18254424<\/td>\n<td>18255058<\/td>\n<td>&nbsp;<\/td>\n<td>&nbsp;<\/td>\n<\/tr>\n<tr>\n<td>Cessna<\/td>\n<td>182<\/td>\n<td>182G<\/td>\n<td>18255059<\/td>\n<td>18255844<\/td>\n<td>&nbsp;<\/td>\n<td>&nbsp;<\/td>\n<\/tr>\n<tr>\n<td>Cessna<\/td>\n<td>182<\/td>\n<td>182H<\/td>\n<td>18255846<\/td>\n<td>18256684<\/td>\n<td>&nbsp;<\/td>\n<td>&nbsp;<\/td>\n<\/tr>\n<tr>\n<td>Cessna<\/td>\n<td>182<\/td>\n<td>182J<\/td>\n<td>18256685<\/td>\n<td>18257625<\/td>\n<td>&nbsp;<\/td>\n<td>&nbsp;<\/td>\n<\/tr>\n<tr>\n<td>Cessna<\/td>\n<td>182<\/td>\n<td>182K<\/td>\n<td>18257626<\/td>\n<td>18258505<\/td>\n<td>&nbsp;<\/td>\n<td>&nbsp;<\/td>\n<\/tr>\n<tr>\n<td>Cessna<\/td>\n<td>182<\/td>\n<td>182L<\/td>\n<td>18258506<\/td>\n<td>18259305<\/td>\n<td>&nbsp;<\/td>\n<td>&nbsp;<\/td>\n<\/tr>\n<tr>\n<td>Cessna<\/td>\n<td>182<\/td>\n<td>182 mln<\/td>\n<td>18259306<\/td>\n<td>18260055<\/td>\n<td>&nbsp;<\/td>\n<td>&nbsp;<\/td>\n<\/tr>\n<tr>\n<td>Cessna<\/td>\n<td>182<\/td>\n<td>182N<\/td>\n<td>18260056<\/td>\n<td>18260825<\/td>\n<td>&nbsp;<\/td>\n<td>&nbsp;<\/td>\n<\/tr>\n<tr>\n<td>Cessna<\/td>\n<td>182<\/td>\n<td>182P<\/td>\n<td>18260826<\/td>\n<td>18262465<\/td>\n<td>&nbsp;<\/td>\n<td>&nbsp;<\/td>\n<\/tr>\n<tr>\n<td>Cessna<\/td>\n<td>182<\/td>\n<td>182P<\/td>\n<td>18264296<\/td>\n<td>18265175<\/td>\n<td>Zesp\u00f3\u0142 ko\u0142a P \/ N D-30291-6, zesp\u00f3\u0142 hamulca P \/ N C-30018-4. W\u0142a\u015bciciel musi zweryfikowa\u0107 numery cz\u0119\u015bci zespo\u0142u k\u00f3\u0142 lub hamulc\u00f3w w celu okre\u015blenia odpowiednich numer\u00f3w tarcz i ok\u0142adzin.<\/td>\n<td>&nbsp;<\/td>\n<\/tr>\n<tr>\n<td>Cessna<\/td>\n<td>182<\/td>\n<td>182Q<\/td>\n<td>18265176<\/td>\n<td>18267715<\/td>\n<td>&nbsp;<\/td>\n<td>&nbsp;<\/td>\n<\/tr>\n<tr>\n<td>Cessna<\/td>\n<td>182<\/td>\n<td>182R<\/td>\n<td>18267716<\/td>\n<td>18268586<\/td>\n<td>&nbsp;<\/td>\n<td>&nbsp;<\/td>\n<\/tr>\n<tr>\n<td>Cessna<\/td>\n<td>182<\/td>\n<td>182S<\/td>\n<td>18280001<\/td>\n<td>18280944<\/td>\n<td>&nbsp;<\/td>\n<td>&nbsp;<\/td>\n<\/tr>\n<tr>\n<td>Cessna<\/td>\n<td>182<\/td>\n<td>182T<\/td>\n<td>18280945<\/td>\n<td>182999999<\/td>\n<td>&nbsp;<\/td>\n<td>&nbsp;<\/td>\n<\/tr>\n<tr>\n<td>Cessna<\/td>\n<td>182<\/td>\n<td>F182P<\/td>\n<td>F18200001<\/td>\n<td>F18200025<\/td>\n<td>Zesp\u00f3\u0142 ko\u0142a P \/ N 30291-6, zesp\u00f3\u0142 hamulca P \/ N C-30018-4. W\u0142a\u015bciciel musi zweryfikowa\u0107 numery cz\u0119\u015bci zespo\u0142u k\u00f3\u0142 lub hamulc\u00f3w w celu okre\u015blenia odpowiednich numer\u00f3w tarcz i ok\u0142adzin.<\/td>\n<td>&nbsp;<\/td>\n<\/tr>\n<tr>\n<td>Cessna<\/td>\n<td>182<\/td>\n<td>F182Q<\/td>\n<td>F18200026<\/td>\n<td>F18200169<\/td>\n<td>&nbsp;<\/td>\n<td>&nbsp;<\/td>\n<\/tr>\n<\/tbody>\n<\/table>\n<\/div>\n<\/div>\n<\/div>\n<div class=\"box box-gray product-showcase\">\n<h3>Powi\u0105zane pozycje<\/h3>\n<\/div>","protected":false},"excerpt":{"rendered":"<p>Tarcze hamulcowe 164-30440 BlackSteel s\u0105 obrabiane CNC przy u\u017cyciu najnowocze\u015bniejszej technologii od kucia jednocz\u0119\u015bciowego. Kiedy metal jest kuty<\/p>","protected":false},"featured_media":1069,"comment_status":"open","ping_status":"closed","template":"","meta":{"_rtcl_gb_attr":"","ngg_post_thumbnail":0},"product_brand":[],"product_cat":[19],"product_tag":[76,77,72],"class_list":{"0":"post-1070","1":"product","2":"type-product","3":"status-publish","4":"has-post-thumbnail","6":"product_cat-bremskomponenten","7":"product_tag-164-04000","8":"product_tag-cessna","9":"product_tag-cleevland","11":"first","12":"instock","13":"taxable","14":"shipping-taxable","15":"purchasable","16":"product-type-simple"},"bundled_by":[],"bundle_stock_status":"instock","bundle_stock_quantity":10,"bundle_virtual":false,"bundle_layout":"","bundle_add_to_cart_form_location":"","bundle_editable_in_cart":false,"bundle_sold_individually_context":"","bundle_item_grouping":"","bundle_min_size":"","bundle_max_size":"","bundle_price":[],"bundled_items":[],"bundle_sell_ids":[],"jetpack_sharing_enabled":true,"_links":{"self":[{"href":"https:\/\/www.aps-eb.de\/pl\/wp-json\/wp\/v2\/product\/1070","targetHints":{"allow":["GET"]}}],"collection":[{"href":"https:\/\/www.aps-eb.de\/pl\/wp-json\/wp\/v2\/product"}],"about":[{"href":"https:\/\/www.aps-eb.de\/pl\/wp-json\/wp\/v2\/types\/product"}],"replies":[{"embeddable":true,"href":"https:\/\/www.aps-eb.de\/pl\/wp-json\/wp\/v2\/comments?post=1070"}],"wp:featuredmedia":[{"embeddable":true,"href":"https:\/\/www.aps-eb.de\/pl\/wp-json\/wp\/v2\/media\/1069"}],"wp:attachment":[{"href":"https:\/\/www.aps-eb.de\/pl\/wp-json\/wp\/v2\/media?parent=1070"}],"wp:term":[{"taxonomy":"product_brand","embeddable":true,"href":"https:\/\/www.aps-eb.de\/pl\/wp-json\/wp\/v2\/product_brand?post=1070"},{"taxonomy":"product_cat","embeddable":true,"href":"https:\/\/www.aps-eb.de\/pl\/wp-json\/wp\/v2\/product_cat?post=1070"},{"taxonomy":"product_tag","embeddable":true,"href":"https:\/\/www.aps-eb.de\/pl\/wp-json\/wp\/v2\/product_tag?post=1070"}],"curies":[{"name":"wp","href":"https:\/\/api.w.org\/{rel}","templated":true}]}}