{"id":1073,"date":"2023-06-15T18:48:07","date_gmt":"2023-06-15T18:48:07","guid":{"rendered":"https:\/\/aps-eb.de\/?post_type=product&#038;p=1073"},"modified":"2024-08-23T09:35:40","modified_gmt":"2024-08-23T09:35:40","slug":"tempest-oil-filter-ch48103-2","status":"publish","type":"product","link":"https:\/\/www.aps-eb.de\/pl\/categorie\/tempest-oil-filter-ch48103-2\/","title":{"rendered":"Filtr oleju Tempest AA48103-2"},"content":{"rendered":"<h1 class=\"product-info-title\">Filtr oleju Tempest AA48103-2<\/h1>\n<ul>\n<li>Wzmocnione obudowy<\/li>\n<li>zwi\u0119kszona wytrzyma\u0142o\u015b\u0107 na rozerwanie<\/li>\n<li>W pe\u0142ni z\u0142o\u017cone media zapewniaj\u0105 r\u00f3wnomierny przep\u0142yw i odporno\u015b\u0107 na zwijanie<\/li>\n<li>\u015arodek smarny Spin EZ\u00ae do \u0142atwego usuwania filtra<\/li>\n<li>Lepsza warto\u015b\u0107 obej\u015bcia<\/li>\n<\/ul>\n<p><strong>ulepszone szwy do spawania nakr\u0119tek<\/strong><br \/>\nNakr\u0119tki s\u0105 spawane tak ciasno, \u017ce obudowa p\u0119ka przed szwem spawalniczym. Zatrzymaj frustracj\u0119, \u017ce nakr\u0119tki mocuj\u0105ce si\u0119 rozlu\u017aniaj\u0105!<\/p>\n<p><strong>Spe\u0142nia specyfikacj\u0119 TCM bypass<\/strong> 12-14 psi, zmniejszaj\u0105c w ten spos\u00f3b ryzyko przedwczesnego obej\u015bcia, kt\u00f3re mo\u017ce spowodowa\u0107 przep\u0142yw niefiltrowanego oleju do silnika.<\/p>\n<p><strong>Wytrzyma\u0142o\u015b\u0107 na p\u0119kanie 600 psi<\/strong><br \/>\nZnaczne ulepszenia w procesie \u0142\u0105czenia na dnie puszki znacznie poprawi\u0142y wytrzyma\u0142o\u015b\u0107 na p\u0119kanie konstrukcji do ponad 600 funt\u00f3w na cal kwadratowy, przewy\u017cszaj\u0105c standardy ARP 1400 o 50 procent. Dodatkowa wytrzyma\u0142o\u015b\u0107 daje dodatkow\u0105 pewno\u015b\u0107, \u017ce filtry oleju Tempest wytrzymuj\u0105 najtrudniejsze warunki pracy.<\/p>\n<p><strong>Uszczelki nieprzywieraj\u0105ce<\/strong><br \/>\nZintegruj specjalnie smarowane uszczelki bazowe z kauczuku syntetycznego, aby zapewni\u0107 odpowiedni moment obrotowy podczas instalacji i \u0142atwe zdejmowanie.<\/p>","protected":false},"excerpt":{"rendered":"<p>Filtr oleju Tempest AA48103-2 Wzmocniona obudowa Zwi\u0119kszona wytrzyma\u0142o\u015b\u0107 na rozerwanie W pe\u0142ni z\u0142o\u017cone media dla r\u00f3wnego przep\u0142ywu i odporno\u015bci na za\u0142amanie Spin EZ\u00ae Lubricant to<\/p>","protected":false},"featured_media":1074,"comment_status":"open","ping_status":"closed","template":"","meta":{"_rtcl_gb_attr":"","ngg_post_thumbnail":0},"product_brand":[],"product_cat":[27],"product_tag":[68,70,71,69,75],"class_list":{"0":"post-1073","1":"product","2":"type-product","3":"status-publish","4":"has-post-thumbnail","6":"product_cat-ersatzteile","7":"product_tag-champion","8":"product_tag-lycomming","9":"product_tag-oilfilter","10":"product_tag-oelfilter","11":"product_tag-tempest","13":"first","14":"instock","15":"taxable","16":"shipping-taxable","17":"purchasable","18":"product-type-simple"},"bundled_by":[],"bundle_stock_status":"instock","bundle_stock_quantity":8,"bundle_virtual":false,"bundle_layout":"","bundle_add_to_cart_form_location":"","bundle_editable_in_cart":false,"bundle_sold_individually_context":"","bundle_item_grouping":"","bundle_min_size":"","bundle_max_size":"","bundle_price":[],"bundled_items":[],"bundle_sell_ids":[],"jetpack_sharing_enabled":true,"_links":{"self":[{"href":"https:\/\/www.aps-eb.de\/pl\/wp-json\/wp\/v2\/product\/1073","targetHints":{"allow":["GET"]}}],"collection":[{"href":"https:\/\/www.aps-eb.de\/pl\/wp-json\/wp\/v2\/product"}],"about":[{"href":"https:\/\/www.aps-eb.de\/pl\/wp-json\/wp\/v2\/types\/product"}],"replies":[{"embeddable":true,"href":"https:\/\/www.aps-eb.de\/pl\/wp-json\/wp\/v2\/comments?post=1073"}],"wp:featuredmedia":[{"embeddable":true,"href":"https:\/\/www.aps-eb.de\/pl\/wp-json\/wp\/v2\/media\/1074"}],"wp:attachment":[{"href":"https:\/\/www.aps-eb.de\/pl\/wp-json\/wp\/v2\/media?parent=1073"}],"wp:term":[{"taxonomy":"product_brand","embeddable":true,"href":"https:\/\/www.aps-eb.de\/pl\/wp-json\/wp\/v2\/product_brand?post=1073"},{"taxonomy":"product_cat","embeddable":true,"href":"https:\/\/www.aps-eb.de\/pl\/wp-json\/wp\/v2\/product_cat?post=1073"},{"taxonomy":"product_tag","embeddable":true,"href":"https:\/\/www.aps-eb.de\/pl\/wp-json\/wp\/v2\/product_tag?post=1073"}],"curies":[{"name":"wp","href":"https:\/\/api.w.org\/{rel}","templated":true}]}}