{"id":1112,"date":"2023-11-15T16:32:12","date_gmt":"2023-11-15T16:32:12","guid":{"rendered":"https:\/\/aps-eb.de\/?post_type=product&#038;p=1112"},"modified":"2024-12-04T10:21:05","modified_gmt":"2024-12-04T10:21:05","slug":"jpi-edm-930","status":"publish","type":"product","link":"https:\/\/www.aps-eb.de\/pl\/categorie\/jpi-edm-930\/","title":{"rendered":"JPI EDM-930"},"content":{"rendered":"<h1>JPI EDM-930<\/h1>\n<p>EDM-930 jest standardowo wyposa\u017cony w pe\u0142nokolorowy wykres s\u0142upkowy VGA, kt\u00f3ry obs\u0142uguje nachylenie (ROP \/ LOP). Ponadto na wykresie s\u0142upkowym znajduje si\u0119 \u201eznormalizowany\u201d i cyfrowy wy\u015bwietlacz EGT i CHT w ka\u017cdej kolumnie i w obszarze komunikatu na jednym ekranie. . \u017baden inny wykres s\u0142upkowy w bran\u017cy nie oferuje nawet liczby funkcji, kt\u00f3re oferuje EDM-930: 39. Wszystkie mog\u0105 by\u0107 dodawane i wy\u015bwietlane.<\/p>\n<p>Specyfikacja: 6,18\u2032\u2032 x 5,17\u2032\u2032 za panelem.<br \/>\nFront 5,53\u2032\u2032 x 4,74\u2032\u2032 x 0,9\u2032\u2032 g\u0142\u0119boki z 2,8\u2032\u2032<br \/>\nRozdzielczo\u015b\u0107 1\u00b0F. Liniowa dok\u0142adno\u015b\u0107 1 stopnia nie (1\/2 % = 10 stopni).<br \/>\nWy\u015bwietlacz TFT z bezpo\u015brednim i po\u015brednim \u015bwiat\u0142em s\u0142onecznym, 1000 nit\u00f3w.<br \/>\nDzia\u0142a od 7,5 do 35 wolt\u00f3w lub 1\/2 ampera.<\/p>\n<h6>W sk\u0142ad zestawu wchodz\u0105:<\/h6>\n<p>\u2022 RPM Prop nadawcy<br \/>\n\u2022 MAP Kolektor Prasa Odejmij $195 nie req.<br \/>\n\u2022 EGT &amp;Temperatura gaz\u00f3w spalinowych. ea Cyl..<br \/>\n\u2022 CHT Cylinder Head Temp. ea Cyl.<br \/>\n\u2022 0-T Pierwotna lokalizacja temperatury oleju<br \/>\n\u2022 Ci\u015bnienie oleju O-P<br \/>\n\u2022 OA T Zewn\u0119trzna temperatura powietrza.<br \/>\n\u2022 Ci\u015bnienie paliwa (opcjonalnie na EDM-900)<br \/>\n\u2022 Napi\u0119cie VDC(1)<br \/>\n\u2022 AMP Wzmacniacze pr\u0105dowe (2 bli\u017aniaczki)<br \/>\n\u2022 Przetwornik przep\u0142ywu paliwa FloScan<br \/>\n\u2022 Zdalny wy\u015bwietlacz (RAD) lub (RAL)<br \/>\n\u2022 % HP % mocy koni<br \/>\n\u2022 Pami\u0119\u0107 USB 1 GB<br \/>\n\u2022 Nagrywanie danych 600 godzin co 6 sekund.<br \/>\n\u2022 EZTrends Wykresy i pobieranie oprogramowania za darmo<br \/>\n\u2022 Wst\u0119pne wi\u0105zki przewod\u00f3w dla wszystkich funkcji<br \/>\n\u2022 Tryb normalizacji EGT<br \/>\n\u2022 Tryb LOP\/ROP JPI &amp;clusive Leaning<br \/>\n\u2022 Zegar lotu<br \/>\nTach Hobbs<br \/>\n\u2022 Czas lokalny<br \/>\n\u2022 Czas Zulu<br \/>\n\u2022 Rejestracja danych<br \/>\n\u2022 Port USB<br \/>\n\u2022 fxtemal O\u015bwietlenie ostrzegawcze<br \/>\n\u2022 GPH Galony na godzin\u0119 GPH<br \/>\n\u2022 REQ Wymagane do wp lub przeznaczenia<br \/>\n\u2022 USD Wykorzystane paliwo<br \/>\n\u2022 H: M Godziny wytrzyma\u0142o\u015bci &amp; Minuty<br \/>\n\u2022 MPG Mi\/es per Gai<br \/>\n\u2022 Ch\u0142odzenie szokowe CLD na WSZYSTKICH cylindrach<br \/>\n\u2022 DIFF R\u00f3\u017cnica mi\u0119dzy EGT<br \/>\n\u2022 3 lata gwarancji<\/p>\n<h6>Nieobowi\u0105zkowo:<\/h6>\n<p>TIT Wpusty turbinowe Temp.(2)<br \/>\nCi\u015bnienie paliwa F-P<br \/>\nPrasa r\u00f3\u017cnicowa paliwa F-P. Temp. ga\u017anika CRB.<br \/>\nCDT Spr\u0119\u017carka Discharge IAT lnduction Temp powietrza.<br \/>\nPrzetwornik V-2<br \/>\nWzmacniacze 2<br \/>\nModu\u0142 ilo\u015bci paliwa L \/ R-Tank Modu\u0142 ilo\u015bci paliwa L \/ R-Aux Modu\u0142 ilo\u015bci paliwa Cz\u0119stotliwo\u015b\u0107 nadawc\u00f3w ilo\u015bci paliwa<br \/>\nCz\u0119stotliwo\u015b\u0107 poziomu paliwa<\/p>","protected":false},"excerpt":{"rendered":"<h1>JPI EDM-930<\/h1>\n<p>EDM-930 jest standardowo wyposa\u017cony w pe\u0142nokolorowy wykres s\u0142upkowy VGA, kt\u00f3ry obs\u0142uguje nachylenie (ROP \/ LOP). Ponadto na wykresie s\u0142upkowym znajduje si\u0119 \u201eznormalizowany\u201d i cyfrowy wy\u015bwietlacz EGT i CHT w ka\u017cdej kolumnie i w obszarze komunikatu na jednym ekranie. . \u017baden inny wykres s\u0142upkowy w bran\u017cy nie oferuje nawet liczby funkcji, kt\u00f3re oferuje EDM-930: 39. Wszystkie mog\u0105 by\u0107 dodawane i wy\u015bwietlane.<\/p>","protected":false},"featured_media":1130,"comment_status":"open","ping_status":"closed","template":"","meta":{"_rtcl_gb_attr":"","ngg_post_thumbnail":0},"product_brand":[],"product_cat":[53],"product_tag":[150,151,149],"class_list":{"0":"post-1112","1":"product","2":"type-product","3":"status-publish","4":"has-post-thumbnail","6":"product_cat-instrumente","7":"product_tag-edm","8":"product_tag-edm-930","9":"product_tag-jpi","11":"first","12":"instock","13":"taxable","14":"shipping-taxable","15":"purchasable","16":"product-type-variable"},"bundled_by":[],"bundle_stock_status":"instock","bundle_stock_quantity":null,"bundle_virtual":false,"bundle_layout":"","bundle_add_to_cart_form_location":"","bundle_editable_in_cart":false,"bundle_sold_individually_context":"","bundle_item_grouping":"","bundle_min_size":"","bundle_max_size":"","bundle_price":[],"bundled_items":[],"bundle_sell_ids":[],"jetpack_sharing_enabled":true,"_links":{"self":[{"href":"https:\/\/www.aps-eb.de\/pl\/wp-json\/wp\/v2\/product\/1112","targetHints":{"allow":["GET"]}}],"collection":[{"href":"https:\/\/www.aps-eb.de\/pl\/wp-json\/wp\/v2\/product"}],"about":[{"href":"https:\/\/www.aps-eb.de\/pl\/wp-json\/wp\/v2\/types\/product"}],"replies":[{"embeddable":true,"href":"https:\/\/www.aps-eb.de\/pl\/wp-json\/wp\/v2\/comments?post=1112"}],"wp:featuredmedia":[{"embeddable":true,"href":"https:\/\/www.aps-eb.de\/pl\/wp-json\/wp\/v2\/media\/1130"}],"wp:attachment":[{"href":"https:\/\/www.aps-eb.de\/pl\/wp-json\/wp\/v2\/media?parent=1112"}],"wp:term":[{"taxonomy":"product_brand","embeddable":true,"href":"https:\/\/www.aps-eb.de\/pl\/wp-json\/wp\/v2\/product_brand?post=1112"},{"taxonomy":"product_cat","embeddable":true,"href":"https:\/\/www.aps-eb.de\/pl\/wp-json\/wp\/v2\/product_cat?post=1112"},{"taxonomy":"product_tag","embeddable":true,"href":"https:\/\/www.aps-eb.de\/pl\/wp-json\/wp\/v2\/product_tag?post=1112"}],"curies":[{"name":"wp","href":"https:\/\/api.w.org\/{rel}","templated":true}]}}