{"id":1249,"date":"2024-02-06T06:41:30","date_gmt":"2024-02-06T06:41:30","guid":{"rendered":"https:\/\/aps-eb.de\/?post_type=product&#038;p=1249"},"modified":"2025-12-20T10:28:33","modified_gmt":"2025-12-20T10:28:33","slug":"kinetic-combat-shirt-long-sleeve-olivegruen","status":"publish","type":"product","link":"https:\/\/www.aps-eb.de\/pl\/categorie\/kinetic-combat-shirt-long-sleeve-olivegruen\/","title":{"rendered":"Koszula bojowa Kinetic\u00ae - D\u0142ugi r\u0119kaw - Olive Green"},"content":{"rendered":"<h4>Koszula bojowa Kinetic\u00ae - D\u0142ugi r\u0119kaw - Olive Green<\/h4>\n<ul class=\"a-unordered-list a-vertical a-spacing-mini\">\n<li>Korpus, jarzmo i fa\u0142dy boczne: 5,2 uncji podw\u00f3jnej dzianiny piqu\u00e9 100 % poliestry<\/li>\n<li>Ko\u0142nierz i r\u0119kawy: 4,5 uncji 65 % Poliester \/ 32 % Bawe\u0142na \/ 3 % Elastane NexStretch Ripstop<\/li>\n<li>Ochrona tkaniny teflonowej na ko\u0142nierzu i r\u0119kawach odpycha plamy i p\u0142yny<\/li>\n<li>1\/4-zip prz\u00f3d z ko\u0142nierzem stand-up<\/li>\n<li>Beztarciowy i odporny na pilling korpus z dzianiny<\/li>\n<li>\u015arodki przeciwdrobnoustrojowe \/ hamuj\u0105ce zapach<\/li>\n<li>Szybkie suszenie<\/li>\n<li>Zamkni\u0119te kieszenie na r\u0119kawy z p\u0119tlami do identyfikacji i odznak<\/li>\n<li>Wzmocnione \u0142okcie<\/li>\n<li>Regulowane mankiety z zapi\u0119ciem na rzep<\/li>\n<li>Wyd\u0142u\u017cony ty\u0142<\/li>\n<li>Przywo\u017cone<\/li>\n<\/ul>\n<p>Oryginalne ameryka\u0144skie towary!<br \/>\nKoszula jest bardzo du\u017ca, w razie w\u0105tpliwo\u015bci zam\u00f3w liczb\u0119 mniejsz\u0105!!<\/p>\n<p>Koszula Kinetic Combat zosta\u0142a specjalnie zaprojektowana, aby zaspokoi\u0107 potrzeby funkcjonariuszy organ\u00f3w \u015bcigania i wojskowych pod wzgl\u0119dem funkcji i komfortu pod ci\u0119\u017ckim pancerzem i uderza w znak. Korpus koszulki sk\u0142ada si\u0119 z najlepszej w naszej bran\u017cy odpornej na rozdarcie 100 % Poliester o w\u0142a\u015bciwo\u015bciach odprowadzaj\u0105cych wilgo\u0107, szybkoschn\u0105cych i przeciwdrobnoustrojowych, aby zapewni\u0107 Ci ch\u0142\u00f3d i \u015bwie\u017co\u015b\u0107 przez ca\u0142y dzie\u0144. R\u0119kawy i ko\u0142nierz wykonane s\u0105 z naszej tkaniny ripstop NexStretch, kombinacji poliestru, bawe\u0142ny i spandexu, kt\u00f3ra zapewnia optymaln\u0105 swobod\u0119 ruch\u00f3w. Ta koszula jest wyposa\u017cona w praktyczne kieszenie do przechowywania, przedzia\u0142y na d\u0142ugopisy i kieszenie na p\u0119telki do identyfikacji i odznak. Raglanowe r\u0119kawy z klinami przedramienia zapewniaj\u0105 wyj\u0105tkow\u0105 swobod\u0119 ruch\u00f3w, a wzmocnione wyko\u0144czenia \u0142okci przyczyniaj\u0105 si\u0119 do trwa\u0142o\u015bci. Obro\u017ca stoj\u0105ca i zamek b\u0142yskawiczny 1\/4 z przodu s\u0105 wy\u0142o\u017cone mi\u0119kk\u0105, oddychaj\u0105c\u0105 siatk\u0105, aby zapobiec \u015bcieraniu i zwi\u0119kszy\u0107 komfort.<\/p>","protected":false},"excerpt":{"rendered":"<h4>Koszula bojowa Kinetic\u00ae - D\u0142ugi r\u0119kaw - Olive Green<\/h4>","protected":false},"featured_media":1262,"comment_status":"open","ping_status":"closed","template":"","meta":{"_rtcl_gb_attr":"","ngg_post_thumbnail":0},"product_brand":[],"product_cat":[332],"product_tag":[87,144,145,85],"class_list":{"0":"post-1249","1":"product","2":"type-product","3":"status-publish","4":"has-post-thumbnail","6":"product_cat-shirts","7":"product_tag-combat-shirt","8":"product_tag-kinetic","9":"product_tag-kinetic-combat-shirt-long-sleeve-olivegruen","10":"product_tag-us-army","11":"pa_groesse-l","12":"pa_groesse-m","13":"pa_groesse-s","14":"pa_groesse-xl","15":"pa_groesse-xs","16":"pa_groesse-xxl","18":"first","19":"instock","20":"taxable","21":"shipping-taxable","22":"purchasable","23":"product-type-variable","24":"has-default-attributes"},"bundled_by":[],"bundle_stock_status":"instock","bundle_stock_quantity":null,"bundle_virtual":false,"bundle_layout":"","bundle_add_to_cart_form_location":"","bundle_editable_in_cart":false,"bundle_sold_individually_context":"","bundle_item_grouping":"","bundle_min_size":"","bundle_max_size":"","bundle_price":[],"bundled_items":[],"bundle_sell_ids":[],"jetpack_sharing_enabled":true,"_links":{"self":[{"href":"https:\/\/www.aps-eb.de\/pl\/wp-json\/wp\/v2\/product\/1249","targetHints":{"allow":["GET"]}}],"collection":[{"href":"https:\/\/www.aps-eb.de\/pl\/wp-json\/wp\/v2\/product"}],"about":[{"href":"https:\/\/www.aps-eb.de\/pl\/wp-json\/wp\/v2\/types\/product"}],"replies":[{"embeddable":true,"href":"https:\/\/www.aps-eb.de\/pl\/wp-json\/wp\/v2\/comments?post=1249"}],"wp:featuredmedia":[{"embeddable":true,"href":"https:\/\/www.aps-eb.de\/pl\/wp-json\/wp\/v2\/media\/1262"}],"wp:attachment":[{"href":"https:\/\/www.aps-eb.de\/pl\/wp-json\/wp\/v2\/media?parent=1249"}],"wp:term":[{"taxonomy":"product_brand","embeddable":true,"href":"https:\/\/www.aps-eb.de\/pl\/wp-json\/wp\/v2\/product_brand?post=1249"},{"taxonomy":"product_cat","embeddable":true,"href":"https:\/\/www.aps-eb.de\/pl\/wp-json\/wp\/v2\/product_cat?post=1249"},{"taxonomy":"product_tag","embeddable":true,"href":"https:\/\/www.aps-eb.de\/pl\/wp-json\/wp\/v2\/product_tag?post=1249"}],"curies":[{"name":"wp","href":"https:\/\/api.w.org\/{rel}","templated":true}]}}