{"id":1339,"date":"2024-02-07T12:51:23","date_gmt":"2024-02-07T12:51:23","guid":{"rendered":"https:\/\/aps-eb.de\/?post_type=product&#038;p=1339"},"modified":"2026-04-29T12:12:02","modified_gmt":"2026-04-29T12:12:02","slug":"poly-cotton-twill-flight-suit-fliegerkombi-air-force-tan","status":"publish","type":"product","link":"https:\/\/www.aps-eb.de\/pl\/categorie\/poly-cotton-twill-flight-suit-fliegerkombi-air-force-tan\/","title":{"rendered":"Bawe\u0142niany kombinezon poliestrowy Twill Flight Suit - Air Force Tan"},"content":{"rendered":"<h4>Kolor: Air Force Tan - nowy<\/h4>\n<ul>\n<li>Ci\u0105gle przycinane szwy dla wi\u0119kszej trwa\u0142o\u015bci<\/li>\n<li>2-dro\u017cny zamek b\u0142yskawiczny z przodu<\/li>\n<li>Wzmocnione ramiona zapobiegaj\u0105ce zu\u017cyciu<\/li>\n<li>Bi-swing back poprawia swobod\u0119 ruch\u00f3w, wzmocnione ramiona, aby zapobiec zu\u017cyciu<\/li>\n<li>Regulowany pas biodrowy z zapi\u0119ciem na rzep<\/li>\n<li>Sze\u015b\u0107 g\u0142\u00f3wnych kieszeni z dodatkowymi kieszeniami na akcesoria<\/li>\n<li>Regulowany rzep na mankietach<\/li>\n<li>Zamkni\u0119te otwory na nogi<\/li>\n<\/ul>","protected":false},"excerpt":{"rendered":"<p class=\"text-lg mt-4 mb-3 md:text-28 font-bold text-bluepropper font-Opensans\">Bawe\u0142niany kombinezon poliestrowy Twill Flight Suit - Air Force Tan<\/p>","protected":false},"featured_media":636,"comment_status":"open","ping_status":"closed","template":"","meta":{"_rtcl_gb_attr":"","ngg_post_thumbnail":0},"product_brand":[],"product_cat":[328],"product_tag":[83],"class_list":{"0":"post-1339","1":"product","2":"type-product","3":"status-publish","4":"has-post-thumbnail","6":"product_cat-fliegerkombis","7":"product_tag-fliegerkombi","9":"first","10":"instock","11":"taxable","12":"shipping-taxable","13":"purchasable","14":"product-type-variable","15":"has-default-attributes"},"bundled_by":[],"bundle_stock_status":"instock","bundle_stock_quantity":15,"bundle_virtual":false,"bundle_layout":"","bundle_add_to_cart_form_location":"","bundle_editable_in_cart":false,"bundle_sold_individually_context":"","bundle_item_grouping":"","bundle_min_size":"","bundle_max_size":"","bundle_price":[],"bundled_items":[],"bundle_sell_ids":[],"jetpack_sharing_enabled":true,"_links":{"self":[{"href":"https:\/\/www.aps-eb.de\/pl\/wp-json\/wp\/v2\/product\/1339","targetHints":{"allow":["GET"]}}],"collection":[{"href":"https:\/\/www.aps-eb.de\/pl\/wp-json\/wp\/v2\/product"}],"about":[{"href":"https:\/\/www.aps-eb.de\/pl\/wp-json\/wp\/v2\/types\/product"}],"replies":[{"embeddable":true,"href":"https:\/\/www.aps-eb.de\/pl\/wp-json\/wp\/v2\/comments?post=1339"}],"wp:featuredmedia":[{"embeddable":true,"href":"https:\/\/www.aps-eb.de\/pl\/wp-json\/wp\/v2\/media\/636"}],"wp:attachment":[{"href":"https:\/\/www.aps-eb.de\/pl\/wp-json\/wp\/v2\/media?parent=1339"}],"wp:term":[{"taxonomy":"product_brand","embeddable":true,"href":"https:\/\/www.aps-eb.de\/pl\/wp-json\/wp\/v2\/product_brand?post=1339"},{"taxonomy":"product_cat","embeddable":true,"href":"https:\/\/www.aps-eb.de\/pl\/wp-json\/wp\/v2\/product_cat?post=1339"},{"taxonomy":"product_tag","embeddable":true,"href":"https:\/\/www.aps-eb.de\/pl\/wp-json\/wp\/v2\/product_tag?post=1339"}],"curies":[{"name":"wp","href":"https:\/\/api.w.org\/{rel}","templated":true}]}}