{"id":1402,"date":"2024-02-07T13:11:24","date_gmt":"2024-02-07T13:11:24","guid":{"rendered":"https:\/\/aps-eb.de\/?post_type=product&#038;p=1402"},"modified":"2025-10-29T13:13:50","modified_gmt":"2025-10-29T13:13:50","slug":"poly-cotton-twill-flight-suit-fliegerkombi-freedom-green-neu","status":"publish","type":"product","link":"https:\/\/www.aps-eb.de\/pl\/categorie\/poly-cotton-twill-flight-suit-fliegerkombi-freedom-green-neu\/","title":{"rendered":"Oryginalny kombinezon US Fliegerkombi - Poly Cotton Twill Flight Suit - Freedom Green - NEU"},"content":{"rendered":"<h4>Kolor: Freedom Green - NOWO\u015a\u0106<\/h4>\n<p>Oryginalny ameryka\u0144ski lotnik combo!<\/p>\n<ul>\n<li>Ci\u0105gle przycinane szwy dla wi\u0119kszej trwa\u0142o\u015bci<\/li>\n<li>2-dro\u017cny zamek b\u0142yskawiczny z przodu<\/li>\n<li>Wzmocnione ramiona zapobiegaj\u0105ce zu\u017cyciu<\/li>\n<li>Bi-swing back poprawia swobod\u0119 ruch\u00f3w, wzmocnione ramiona, aby zapobiec zu\u017cyciu<\/li>\n<li>Regulowany pas biodrowy z zapi\u0119ciem na rzep<\/li>\n<li>Sze\u015b\u0107 g\u0142\u00f3wnych kieszeni z dodatkowymi kieszeniami na akcesoria<\/li>\n<li>Regulowany rzep na mankietach<\/li>\n<li>Zamkni\u0119te otwory na nogi<\/li>\n<\/ul>\n<h4>Dost\u0119pne s\u0105 nast\u0119puj\u0105ce rozmiary. Prosz\u0119 wskaza\u0107 przy sk\u0142adaniu zam\u00f3wienia.<\/h4>\n<p>XS<br \/>\nS<br \/>\nM<br \/>\nL<br \/>\nXL<br \/>\nXXL<br \/>\n3XL<\/p>","protected":false},"excerpt":{"rendered":"<p>Oryginalny kombinezon US Fliegerkombi - Poly Cotton Twill Flight Suit - Freedom Green - NEU<\/p>","protected":false},"featured_media":333,"comment_status":"open","ping_status":"closed","template":"","meta":{"_rtcl_gb_attr":"","ngg_post_thumbnail":0},"product_brand":[],"product_cat":[328],"product_tag":[83],"class_list":{"0":"post-1402","1":"product","2":"type-product","3":"status-publish","4":"has-post-thumbnail","6":"product_cat-fliegerkombis","7":"product_tag-fliegerkombi","9":"first","10":"instock","11":"taxable","12":"shipping-taxable","13":"purchasable","14":"product-type-simple"},"bundled_by":[],"bundle_stock_status":"instock","bundle_stock_quantity":10,"bundle_virtual":false,"bundle_layout":"","bundle_add_to_cart_form_location":"","bundle_editable_in_cart":false,"bundle_sold_individually_context":"","bundle_item_grouping":"","bundle_min_size":"","bundle_max_size":"","bundle_price":[],"bundled_items":[],"bundle_sell_ids":[],"jetpack_sharing_enabled":true,"_links":{"self":[{"href":"https:\/\/www.aps-eb.de\/pl\/wp-json\/wp\/v2\/product\/1402","targetHints":{"allow":["GET"]}}],"collection":[{"href":"https:\/\/www.aps-eb.de\/pl\/wp-json\/wp\/v2\/product"}],"about":[{"href":"https:\/\/www.aps-eb.de\/pl\/wp-json\/wp\/v2\/types\/product"}],"replies":[{"embeddable":true,"href":"https:\/\/www.aps-eb.de\/pl\/wp-json\/wp\/v2\/comments?post=1402"}],"wp:featuredmedia":[{"embeddable":true,"href":"https:\/\/www.aps-eb.de\/pl\/wp-json\/wp\/v2\/media\/333"}],"wp:attachment":[{"href":"https:\/\/www.aps-eb.de\/pl\/wp-json\/wp\/v2\/media?parent=1402"}],"wp:term":[{"taxonomy":"product_brand","embeddable":true,"href":"https:\/\/www.aps-eb.de\/pl\/wp-json\/wp\/v2\/product_brand?post=1402"},{"taxonomy":"product_cat","embeddable":true,"href":"https:\/\/www.aps-eb.de\/pl\/wp-json\/wp\/v2\/product_cat?post=1402"},{"taxonomy":"product_tag","embeddable":true,"href":"https:\/\/www.aps-eb.de\/pl\/wp-json\/wp\/v2\/product_tag?post=1402"}],"curies":[{"name":"wp","href":"https:\/\/api.w.org\/{rel}","templated":true}]}}