{"id":1471,"date":"2024-03-06T12:27:40","date_gmt":"2024-03-06T12:27:40","guid":{"rendered":"https:\/\/aps-eb.de\/?post_type=product&#038;p=1471"},"modified":"2025-12-20T10:28:15","modified_gmt":"2025-12-20T10:28:15","slug":"us-army-basecap-mesh","status":"publish","type":"product","link":"https:\/\/www.aps-eb.de\/pl\/categorie\/us-army-basecap-mesh\/","title":{"rendered":"US Army Basecap - siatka"},"content":{"rendered":"<h4>US Army Basecap - siatka<\/h4>\n<p>Czapka Tactical OCP Cap oferuje szybkoschn\u0105cy, oddychaj\u0105cy komfort dzi\u0119ki ch\u0142odz\u0105cym wk\u0142adkom z siatki ch\u0142odz\u0105cej i regulowanemu zapi\u0119ciu na rzep. Ta czapka zgodna z NIR we wzorze kamufla\u017cu zawodowego (OCP) jest wykonana z tej samej tkaniny, co ulepszony mundur na gor\u0105c\u0105 pogod\u0119 noszony przez armi\u0119 USA i Si\u0142y Powietrzne USA. Wk\u0142adki siatkowe sk\u0142adaj\u0105 si\u0119 ze 100 % Tan499 poliester. Dla wst\u0105\u017cek nazw i identyfikacji, pole p\u0119tli zosta\u0142o dodane z ty\u0142u, a tak\u017ce 1 x 1 calowe pole p\u0119tli na g\u00f3rze.<\/p>","protected":false},"excerpt":{"rendered":"<h4>Czapka bazowa US Army - Mesh<\/h4>","protected":false},"featured_media":1493,"comment_status":"open","ping_status":"closed","template":"","meta":{"_rtcl_gb_attr":"","ngg_post_thumbnail":0},"product_brand":[],"product_cat":[332],"product_tag":[83],"class_list":{"0":"post-1471","1":"product","2":"type-product","3":"status-publish","4":"has-post-thumbnail","6":"product_cat-shirts","7":"product_tag-fliegerkombi","9":"first","10":"instock","11":"taxable","12":"shipping-taxable","13":"purchasable","14":"product-type-simple"},"bundled_by":[],"bundle_stock_status":"instock","bundle_stock_quantity":10,"bundle_virtual":false,"bundle_layout":"","bundle_add_to_cart_form_location":"","bundle_editable_in_cart":false,"bundle_sold_individually_context":"","bundle_item_grouping":"","bundle_min_size":"","bundle_max_size":"","bundle_price":[],"bundled_items":[],"bundle_sell_ids":[],"jetpack_sharing_enabled":true,"_links":{"self":[{"href":"https:\/\/www.aps-eb.de\/pl\/wp-json\/wp\/v2\/product\/1471","targetHints":{"allow":["GET"]}}],"collection":[{"href":"https:\/\/www.aps-eb.de\/pl\/wp-json\/wp\/v2\/product"}],"about":[{"href":"https:\/\/www.aps-eb.de\/pl\/wp-json\/wp\/v2\/types\/product"}],"replies":[{"embeddable":true,"href":"https:\/\/www.aps-eb.de\/pl\/wp-json\/wp\/v2\/comments?post=1471"}],"wp:featuredmedia":[{"embeddable":true,"href":"https:\/\/www.aps-eb.de\/pl\/wp-json\/wp\/v2\/media\/1493"}],"wp:attachment":[{"href":"https:\/\/www.aps-eb.de\/pl\/wp-json\/wp\/v2\/media?parent=1471"}],"wp:term":[{"taxonomy":"product_brand","embeddable":true,"href":"https:\/\/www.aps-eb.de\/pl\/wp-json\/wp\/v2\/product_brand?post=1471"},{"taxonomy":"product_cat","embeddable":true,"href":"https:\/\/www.aps-eb.de\/pl\/wp-json\/wp\/v2\/product_cat?post=1471"},{"taxonomy":"product_tag","embeddable":true,"href":"https:\/\/www.aps-eb.de\/pl\/wp-json\/wp\/v2\/product_tag?post=1471"}],"curies":[{"name":"wp","href":"https:\/\/api.w.org\/{rel}","templated":true}]}}