{"id":1494,"date":"2024-03-07T06:04:05","date_gmt":"2024-03-07T06:04:05","guid":{"rendered":"https:\/\/aps-eb.de\/?post_type=product&#038;p=1494"},"modified":"2025-10-05T08:59:12","modified_gmt":"2025-10-05T08:59:12","slug":"us-army-gen-iii-polartec-fleece-jacke","status":"publish","type":"product","link":"https:\/\/www.aps-eb.de\/pl\/categorie\/us-army-gen-iii-polartec-fleece-jacke\/","title":{"rendered":"Kurtka polarowa US-Army Gen III Polartec\u00ae"},"content":{"rendered":"<h4>Kurtka polarowa US-Army Gen III Polartec\u00ae<\/h4>\n<ul>\n<li>100 % polar Polartec\u00ae Thermal Pro\u00ae<\/li>\n<li>Tkanina Polartec\u00ae Thermal Pro\u00ae jest 30 razy trwalsza ni\u017c konwencjonalny polar<\/li>\n<li>Wzmocnienia nylonowe na ko\u0142nierzu, ramionach i \u0142okciach<\/li>\n<li>Panele boczne wykonane z polaru z siatki stretch zapewniaj\u0105 komfort i oddychalno\u015b\u0107<\/li>\n<li>Szyte wed\u0142ug specyfikacji wojskowej GL \/ PD-06-03<\/li>\n<li>Odporno\u015b\u0107 na kolor i kurczliwo\u015b\u0107<\/li>\n<li>R\u0119cznie podgrzewane torby<\/li>\n<li>Dwie wewn\u0119trzne kieszenie na klatce piersiowej<\/li>\n<li>Raglanowe r\u0119kawy dla wi\u0119kszej swobody ruch\u00f3w<\/li>\n<li>Mankiety elastyczne<\/li>\n<li>Import z USA<\/li>\n<\/ul>\n<p>Kurtka polarowa Gen III Polartec\u00ae jest przeznaczona do stosowania z rozszerzonym systemem odzie\u017cy zimnej pogody i jest gotowa do aktywnego u\u017cytkowania. Jest szyty zgodnie z aktualnymi specyfikacjami wojskowymi. Ta kurtka doskonale nadaje si\u0119 r\u00f3wnie\u017c do biwakowania, turystyki pieszej i pracy na \u015bwie\u017cym powietrzu, utrzymuj\u0105c ciep\u0142o nawet w ni\u017cszych temperaturach dzi\u0119ki wysokiej jako\u015bci tkaninie Polartec\u00ae Thermal Pro\u00ae, kt\u00f3ra jest 30 razy trwalsza ni\u017c konwencjonalny polar.<\/p>","protected":false},"excerpt":{"rendered":"<h4>Kurtka polarowa US-Army Gen III Polartec\u00ae<\/h4>","protected":false},"featured_media":1496,"comment_status":"open","ping_status":"closed","template":"","meta":{"_rtcl_gb_attr":"","ngg_post_thumbnail":0},"product_brand":[],"product_cat":[329],"product_tag":[160,164,85],"class_list":{"0":"post-1494","1":"product","2":"type-product","3":"status-publish","4":"has-post-thumbnail","6":"product_cat-jacken","7":"product_tag-fleece-jacke","8":"product_tag-polartec","9":"product_tag-us-army","11":"first","12":"instock","13":"taxable","14":"shipping-taxable","15":"purchasable","16":"product-type-variable","17":"has-default-attributes"},"bundled_by":[],"bundle_stock_status":"instock","bundle_stock_quantity":null,"bundle_virtual":false,"bundle_layout":"","bundle_add_to_cart_form_location":"","bundle_editable_in_cart":false,"bundle_sold_individually_context":"","bundle_item_grouping":"","bundle_min_size":"","bundle_max_size":"","bundle_price":[],"bundled_items":[],"bundle_sell_ids":[],"jetpack_sharing_enabled":true,"_links":{"self":[{"href":"https:\/\/www.aps-eb.de\/pl\/wp-json\/wp\/v2\/product\/1494","targetHints":{"allow":["GET"]}}],"collection":[{"href":"https:\/\/www.aps-eb.de\/pl\/wp-json\/wp\/v2\/product"}],"about":[{"href":"https:\/\/www.aps-eb.de\/pl\/wp-json\/wp\/v2\/types\/product"}],"replies":[{"embeddable":true,"href":"https:\/\/www.aps-eb.de\/pl\/wp-json\/wp\/v2\/comments?post=1494"}],"wp:featuredmedia":[{"embeddable":true,"href":"https:\/\/www.aps-eb.de\/pl\/wp-json\/wp\/v2\/media\/1496"}],"wp:attachment":[{"href":"https:\/\/www.aps-eb.de\/pl\/wp-json\/wp\/v2\/media?parent=1494"}],"wp:term":[{"taxonomy":"product_brand","embeddable":true,"href":"https:\/\/www.aps-eb.de\/pl\/wp-json\/wp\/v2\/product_brand?post=1494"},{"taxonomy":"product_cat","embeddable":true,"href":"https:\/\/www.aps-eb.de\/pl\/wp-json\/wp\/v2\/product_cat?post=1494"},{"taxonomy":"product_tag","embeddable":true,"href":"https:\/\/www.aps-eb.de\/pl\/wp-json\/wp\/v2\/product_tag?post=1494"}],"curies":[{"name":"wp","href":"https:\/\/api.w.org\/{rel}","templated":true}]}}