{"id":1721,"date":"2024-05-07T06:51:51","date_gmt":"2024-05-07T06:51:51","guid":{"rendered":"https:\/\/aps-eb.de\/?post_type=product&#038;p=1721"},"modified":"2026-04-28T13:44:25","modified_gmt":"2026-04-28T13:44:25","slug":"ba4108","status":"publish","type":"product","link":"https:\/\/www.aps-eb.de\/pl\/categorie\/ba4108\/","title":{"rendered":"Element filtra powietrza Brackett Aero"},"content":{"rendered":"<h1 id=\"title\" class=\"a-size-large a-spacing-none\"><span id=\"productTitle\" class=\"a-size-large product-title-word-break\">Element filtra powietrza Brackett Aero<\/span><\/h1>\n<ul>\n<li>Filtry Brackett Aero to sprawdzone filtry dla lotnictwa. Filtry Bracket Aero, dawniej AC, s\u0105 stosowane w samolotach i \u015bmig\u0142owcach od 1968 roku. Filtry piankowe Brackett s\u0105 obecnie instalowane jako fabryczne oryginalne wyposa\u017cenie w 16 obecnych samolotach produkcyjnych i czterech \u015bmig\u0142owcach.<\/li>\n<li>Zatwierdzone przez FAA PMA \u2013 88 r\u00f3\u017cnych modeli.<\/li>\n<li>Uzdatniona pianka jest bardzo wydajna w filtrowaniu.<\/li>\n<li>Dwustopniowy element piankowy zwi\u0119ksza zdolno\u015b\u0107 poch\u0142aniania py\u0142u.<\/li>\n<li>Filtr piankowy jest r\u00f3wnie\u017c zatwierdzony do wodnosamolot\u00f3w. Nie ma zmarszczek do przechowywania brudu i jest odporny na \u015bcieranie.<\/li>\n<\/ul>","protected":false},"excerpt":{"rendered":"<h1 id=\"title\" class=\"a-size-large a-spacing-none\"><span id=\"productTitle\" class=\"a-size-large product-title-word-break\">Brackett Aero BA-4108 Element filtra powietrza<\/span><\/h1>","protected":false},"featured_media":1722,"comment_status":"open","ping_status":"closed","template":"","meta":{"_rtcl_gb_attr":"","ngg_post_thumbnail":0},"product_brand":[],"product_cat":[27],"product_tag":[68,70,71,69,75],"class_list":{"0":"post-1721","1":"product","2":"type-product","3":"status-publish","4":"has-post-thumbnail","6":"product_cat-ersatzteile","7":"product_tag-champion","8":"product_tag-lycomming","9":"product_tag-oilfilter","10":"product_tag-oelfilter","11":"product_tag-tempest","13":"first","14":"instock","15":"taxable","16":"shipping-taxable","17":"purchasable","18":"product-type-variable","19":"has-default-attributes"},"bundled_by":[],"bundle_stock_status":"instock","bundle_stock_quantity":20,"bundle_virtual":false,"bundle_layout":"","bundle_add_to_cart_form_location":"","bundle_editable_in_cart":false,"bundle_sold_individually_context":"","bundle_item_grouping":"","bundle_min_size":"","bundle_max_size":"","bundle_price":[],"bundled_items":[],"bundle_sell_ids":[],"jetpack_sharing_enabled":true,"_links":{"self":[{"href":"https:\/\/www.aps-eb.de\/pl\/wp-json\/wp\/v2\/product\/1721","targetHints":{"allow":["GET"]}}],"collection":[{"href":"https:\/\/www.aps-eb.de\/pl\/wp-json\/wp\/v2\/product"}],"about":[{"href":"https:\/\/www.aps-eb.de\/pl\/wp-json\/wp\/v2\/types\/product"}],"replies":[{"embeddable":true,"href":"https:\/\/www.aps-eb.de\/pl\/wp-json\/wp\/v2\/comments?post=1721"}],"wp:featuredmedia":[{"embeddable":true,"href":"https:\/\/www.aps-eb.de\/pl\/wp-json\/wp\/v2\/media\/1722"}],"wp:attachment":[{"href":"https:\/\/www.aps-eb.de\/pl\/wp-json\/wp\/v2\/media?parent=1721"}],"wp:term":[{"taxonomy":"product_brand","embeddable":true,"href":"https:\/\/www.aps-eb.de\/pl\/wp-json\/wp\/v2\/product_brand?post=1721"},{"taxonomy":"product_cat","embeddable":true,"href":"https:\/\/www.aps-eb.de\/pl\/wp-json\/wp\/v2\/product_cat?post=1721"},{"taxonomy":"product_tag","embeddable":true,"href":"https:\/\/www.aps-eb.de\/pl\/wp-json\/wp\/v2\/product_tag?post=1721"}],"curies":[{"name":"wp","href":"https:\/\/api.w.org\/{rel}","templated":true}]}}