{"id":1752,"date":"2024-05-14T04:59:13","date_gmt":"2024-05-14T04:59:13","guid":{"rendered":"https:\/\/aps-eb.de\/?post_type=product&#038;p=1752"},"modified":"2025-03-25T06:56:57","modified_gmt":"2025-03-25T06:56:57","slug":"bremsscheibe-dynamic-wt-9","status":"publish","type":"product","link":"https:\/\/www.aps-eb.de\/pl\/categorie\/bremsscheibe-dynamic-wt-9\/","title":{"rendered":"Tarcza hamulcowa Goldfren\u00ae Dynamic WT 9"},"content":{"rendered":"<h1>Tarcza hamulcowa Dynamic WT 9<\/h1>\n<p>Zaawansowana technologicznie tarcza hamulcowa Goldfren\u00ae do ultralekkich samolot\u00f3w Dynamic WT 9<\/p>\n<p>W naszej ofercie znajduj\u0105 si\u0119 r\u00f3wnie\u017c tarcze hamulcowe, kt\u00f3re r\u00f3\u017cni\u0142y si\u0119 od wieloletniej praktyki. Niekt\u00f3rzy producenci samolot\u00f3w i komponent\u00f3w zawsze preferuj\u0105 stosowanie tarcz hamulcowych z plazmow\u0105 obr\u00f3bk\u0105 powierzchni. Jednak proces ten zapobiega przenoszeniu ciep\u0142a w kierunku tarczy, a nast\u0119pnie powoduje problem z przegrzaniem p\u0142ynu hamulcowego i uszkodzeniem \/ spaleniem pier\u015bcieni uszczelniaj\u0105cych w t\u0142oku zacisku. Polecamy nasze tarcze hamulcowe i zaciski hamulcowe, kt\u00f3re eliminuj\u0105 i eliminuj\u0105 te komplikacje.<\/p>","protected":false},"excerpt":{"rendered":"<h1>Tarcza hamulcowa Dynamic WT 9<\/h1>","protected":false},"featured_media":1753,"comment_status":"open","ping_status":"closed","template":"","meta":{"_rtcl_gb_attr":"","ngg_post_thumbnail":0},"product_brand":[],"product_cat":[19],"product_tag":[121,117,118,120,119],"class_list":{"0":"post-1752","1":"product","2":"type-product","3":"status-publish","4":"has-post-thumbnail","6":"product_cat-bremskomponenten","7":"product_tag-aerospool","8":"product_tag-break-disc","9":"product_tag-bremsscheibe","10":"product_tag-dynamic","11":"product_tag-wt9","13":"first","14":"instock","15":"taxable","16":"shipping-taxable","17":"purchasable","18":"product-type-simple"},"bundled_by":[],"bundle_stock_status":"instock","bundle_stock_quantity":19,"bundle_virtual":false,"bundle_layout":"","bundle_add_to_cart_form_location":"","bundle_editable_in_cart":false,"bundle_sold_individually_context":"","bundle_item_grouping":"","bundle_min_size":"","bundle_max_size":"","bundle_price":[],"bundled_items":[],"bundle_sell_ids":[],"jetpack_sharing_enabled":true,"_links":{"self":[{"href":"https:\/\/www.aps-eb.de\/pl\/wp-json\/wp\/v2\/product\/1752","targetHints":{"allow":["GET"]}}],"collection":[{"href":"https:\/\/www.aps-eb.de\/pl\/wp-json\/wp\/v2\/product"}],"about":[{"href":"https:\/\/www.aps-eb.de\/pl\/wp-json\/wp\/v2\/types\/product"}],"replies":[{"embeddable":true,"href":"https:\/\/www.aps-eb.de\/pl\/wp-json\/wp\/v2\/comments?post=1752"}],"wp:featuredmedia":[{"embeddable":true,"href":"https:\/\/www.aps-eb.de\/pl\/wp-json\/wp\/v2\/media\/1753"}],"wp:attachment":[{"href":"https:\/\/www.aps-eb.de\/pl\/wp-json\/wp\/v2\/media?parent=1752"}],"wp:term":[{"taxonomy":"product_brand","embeddable":true,"href":"https:\/\/www.aps-eb.de\/pl\/wp-json\/wp\/v2\/product_brand?post=1752"},{"taxonomy":"product_cat","embeddable":true,"href":"https:\/\/www.aps-eb.de\/pl\/wp-json\/wp\/v2\/product_cat?post=1752"},{"taxonomy":"product_tag","embeddable":true,"href":"https:\/\/www.aps-eb.de\/pl\/wp-json\/wp\/v2\/product_tag?post=1752"}],"curies":[{"name":"wp","href":"https:\/\/api.w.org\/{rel}","templated":true}]}}