{"id":21054,"date":"2026-03-18T06:10:25","date_gmt":"2026-03-18T06:10:25","guid":{"rendered":"https:\/\/www.aps-eb.de\/categorie\/metall-model-b-17-flying-fortress-usa-1144-10\/"},"modified":"2026-03-18T09:01:23","modified_gmt":"2026-03-18T09:01:23","slug":"metall-model-b-17-flying-fortress-usa-1144-10","status":"publish","type":"product","link":"https:\/\/www.aps-eb.de\/pl\/categorie\/metall-model-b-17-flying-fortress-usa-1144-10\/","title":{"rendered":"Metall Model B-17 Flying Fortress USA 1:144 #10"},"content":{"rendered":"<div class=\"product-header-block\">\n<h1>Die-cast Modell B-17 Flying Fortress USA 1:144 #10<\/h1>\n<h3>412710<\/h3>\n<\/div>\n<div class=\"info-block\">\n<div class=\"info-block--item\">\n<div>Entdecken Sie dieses detaillierte Die-Cast-Modell der B-17 Flying Fortress USA. Der ikonische Bomber, bekannt f\u00fcr seine entscheidenden Beitr\u00e4ge w\u00e4hrend des Zweiten Weltkriegs, steht auf einem Sockel. Perfekt f\u00fcr Sammler und Luftfahrtbegeisterte!<\/div>\n<div>\n<p><big><strong>Ma\u00dfstab:<\/strong>&nbsp;1:144.<\/big><\/p>\n<p><big><strong>Material:<\/strong>&nbsp;Metallbasis mit Plastikteilen<\/big><\/p>\n<\/div>\n<\/div>\n<\/div>","protected":false},"excerpt":{"rendered":"<p>Die-cast Modell B-17 Flying Fortress USA 1:144 #10 412710 Entdecken Sie dieses detaillierte Die-Cast-Modell der B-17 Flying Fortress USA. Der<\/p>","protected":false},"featured_media":21014,"comment_status":"closed","ping_status":"closed","template":"","meta":{"_rtcl_gb_attr":"","ngg_post_thumbnail":0},"product_brand":[],"product_cat":[503],"product_tag":[],"class_list":{"0":"post-21054","1":"product","2":"type-product","3":"status-publish","4":"has-post-thumbnail","6":"product_cat-dekoration","8":"first","9":"instock","10":"taxable","11":"shipping-taxable","12":"purchasable","13":"product-type-simple"},"bundled_by":[],"bundle_stock_status":"instock","bundle_stock_quantity":null,"bundle_virtual":false,"bundle_layout":"","bundle_add_to_cart_form_location":"","bundle_editable_in_cart":false,"bundle_sold_individually_context":"","bundle_item_grouping":"","bundle_min_size":"","bundle_max_size":"","bundle_price":[],"bundled_items":[],"bundle_sell_ids":[],"jetpack_sharing_enabled":true,"_links":{"self":[{"href":"https:\/\/www.aps-eb.de\/pl\/wp-json\/wp\/v2\/product\/21054","targetHints":{"allow":["GET"]}}],"collection":[{"href":"https:\/\/www.aps-eb.de\/pl\/wp-json\/wp\/v2\/product"}],"about":[{"href":"https:\/\/www.aps-eb.de\/pl\/wp-json\/wp\/v2\/types\/product"}],"replies":[{"embeddable":true,"href":"https:\/\/www.aps-eb.de\/pl\/wp-json\/wp\/v2\/comments?post=21054"}],"wp:featuredmedia":[{"embeddable":true,"href":"https:\/\/www.aps-eb.de\/pl\/wp-json\/wp\/v2\/media\/21014"}],"wp:attachment":[{"href":"https:\/\/www.aps-eb.de\/pl\/wp-json\/wp\/v2\/media?parent=21054"}],"wp:term":[{"taxonomy":"product_brand","embeddable":true,"href":"https:\/\/www.aps-eb.de\/pl\/wp-json\/wp\/v2\/product_brand?post=21054"},{"taxonomy":"product_cat","embeddable":true,"href":"https:\/\/www.aps-eb.de\/pl\/wp-json\/wp\/v2\/product_cat?post=21054"},{"taxonomy":"product_tag","embeddable":true,"href":"https:\/\/www.aps-eb.de\/pl\/wp-json\/wp\/v2\/product_tag?post=21054"}],"curies":[{"name":"wp","href":"https:\/\/api.w.org\/{rel}","templated":true}]}}