{"id":21056,"date":"2026-03-18T06:10:26","date_gmt":"2026-03-18T06:10:26","guid":{"rendered":"https:\/\/www.aps-eb.de\/categorie\/metall-model-a-10-thunderbolt-1100-8\/"},"modified":"2026-03-18T09:05:44","modified_gmt":"2026-03-18T09:05:44","slug":"metall-model-a-10-thunderbolt-1100-8","status":"publish","type":"product","link":"https:\/\/www.aps-eb.de\/pl\/categorie\/metall-model-a-10-thunderbolt-1100-8\/","title":{"rendered":"Metall Model A-10 Thunderbolt 1:100 #8"},"content":{"rendered":"<div class=\"product-header-block\">\n<h1>Die-cast Modell A-10 Thunderbolt 1:100 #8<\/h1>\n<h3>412707<\/h3>\n<\/div>\n<div class=\"info-block\">\n<div class=\"info-block--item\">\n<div>Entdecken Sie dieses detaillierte Die-Cast-Modell der A10 Thunderbolt. Das robuste Angriffs- und Bodenunterst\u00fctzungsflugzeug, bekannt f\u00fcr seine Pr\u00e4zision und Langlebigkeit, steht auf einem Sockel. Perfekt f\u00fcr Sammler und Luftfahrtbegeisterte!<\/div>\n<div>\n<p><big><strong>Ma\u00dfstab:<\/strong>&nbsp;1:100.<\/big><\/p>\n<p><big><strong>Material:<\/strong>&nbsp;Metallbasis mit Plastikteilen<\/big><\/p>\n<\/div>\n<\/div>\n<\/div>","protected":false},"excerpt":{"rendered":"<p>Die-cast Modell A-10 Thunderbolt 1:100 #8 412707 Entdecken Sie dieses detaillierte Die-Cast-Modell der A10 Thunderbolt. Das robuste Angriffs- und Bodenunterst\u00fctzungsflugzeug,<\/p>","protected":false},"featured_media":21022,"comment_status":"closed","ping_status":"closed","template":"","meta":{"_rtcl_gb_attr":"","ngg_post_thumbnail":0},"product_brand":[],"product_cat":[503],"product_tag":[],"class_list":{"0":"post-21056","1":"product","2":"type-product","3":"status-publish","4":"has-post-thumbnail","6":"product_cat-dekoration","8":"first","9":"instock","10":"taxable","11":"shipping-taxable","12":"purchasable","13":"product-type-simple"},"bundled_by":[],"bundle_stock_status":"instock","bundle_stock_quantity":null,"bundle_virtual":false,"bundle_layout":"","bundle_add_to_cart_form_location":"","bundle_editable_in_cart":false,"bundle_sold_individually_context":"","bundle_item_grouping":"","bundle_min_size":"","bundle_max_size":"","bundle_price":[],"bundled_items":[],"bundle_sell_ids":[],"jetpack_sharing_enabled":true,"_links":{"self":[{"href":"https:\/\/www.aps-eb.de\/pl\/wp-json\/wp\/v2\/product\/21056","targetHints":{"allow":["GET"]}}],"collection":[{"href":"https:\/\/www.aps-eb.de\/pl\/wp-json\/wp\/v2\/product"}],"about":[{"href":"https:\/\/www.aps-eb.de\/pl\/wp-json\/wp\/v2\/types\/product"}],"replies":[{"embeddable":true,"href":"https:\/\/www.aps-eb.de\/pl\/wp-json\/wp\/v2\/comments?post=21056"}],"wp:featuredmedia":[{"embeddable":true,"href":"https:\/\/www.aps-eb.de\/pl\/wp-json\/wp\/v2\/media\/21022"}],"wp:attachment":[{"href":"https:\/\/www.aps-eb.de\/pl\/wp-json\/wp\/v2\/media?parent=21056"}],"wp:term":[{"taxonomy":"product_brand","embeddable":true,"href":"https:\/\/www.aps-eb.de\/pl\/wp-json\/wp\/v2\/product_brand?post=21056"},{"taxonomy":"product_cat","embeddable":true,"href":"https:\/\/www.aps-eb.de\/pl\/wp-json\/wp\/v2\/product_cat?post=21056"},{"taxonomy":"product_tag","embeddable":true,"href":"https:\/\/www.aps-eb.de\/pl\/wp-json\/wp\/v2\/product_tag?post=21056"}],"curies":[{"name":"wp","href":"https:\/\/api.w.org\/{rel}","templated":true}]}}