{"id":21341,"date":"2026-04-21T07:41:27","date_gmt":"2026-04-21T07:41:27","guid":{"rendered":"https:\/\/www.aps-eb.de\/?post_type=product&#038;p=21341"},"modified":"2026-04-21T08:08:36","modified_gmt":"2026-04-21T08:08:36","slug":"paintball-overall-fostex-garments","status":"publish","type":"product","link":"https:\/\/www.aps-eb.de\/pl\/categorie\/paintball-overall-fostex-garments\/","title":{"rendered":"Paintball Overall &#8211; Fostex Garments"},"content":{"rendered":"<h1>Paintball Overall &#8211; Fostex Garments<\/h1>\n<ul>\n<li>\n<div>Opis:<\/div>\n<div>\n<p><big><strong>Bereit f\u00fcr Action?<\/strong><br \/>\nDer Woodland-Paintball-Overall ist funktional und dank des Woodland-Musters f\u00fcgst du dich perfekt in deine Umgebung ein, w\u00e4hrend du dich bei jedem Spiel frei bewegen kannst.&nbsp;<\/big><\/p>\n<p><big>Auf der Vorderseite kannst du an beiden Brustpartien sowie an den Schultern Aufn\u00e4her mit Klettverschluss befestigen. Der Kragen ist mit Klettverschluss verstellbar und kann h\u00f6her getragen werden. Auch die Taille ist an der Seite verstellbar. Der Overall wird vollst\u00e4ndig mit Klettverschluss geschlossen. Die \u00c4rmel sitzen dank Gummizug enger an.<\/big><\/p>\n<p><em><big>Von Profispielern entwickelt!<\/big><\/em><\/p>\n<p><big><strong>Material:<\/strong><br \/>\n35 % Baumwolle<br \/>\n65 % Polyester<\/big><\/p>\n<\/div>\n<\/li>\n<\/ul>","protected":false},"excerpt":{"rendered":"<h1>Paintball Overall &#8211; Fostex Garments<\/h1>","protected":false},"featured_media":21379,"comment_status":"open","ping_status":"closed","template":"","meta":{"_rtcl_gb_attr":"","ngg_post_thumbnail":0},"product_brand":[432],"product_cat":[328],"product_tag":[507,506,505,508],"class_list":{"0":"post-21341","1":"product","2":"type-product","3":"status-publish","4":"has-post-thumbnail","6":"product_brand-fostex-garments","7":"product_cat-fliegerkombis","8":"product_tag-overall","9":"product_tag-paintball","10":"product_tag-paintball-overall","11":"product_tag-woodland","12":"pa_farbe-woodland","14":"first","15":"instock","16":"taxable","17":"shipping-taxable","18":"purchasable","19":"product-type-variable"},"bundled_by":[],"bundle_stock_status":"instock","bundle_stock_quantity":null,"bundle_virtual":false,"bundle_layout":"","bundle_add_to_cart_form_location":"","bundle_editable_in_cart":false,"bundle_sold_individually_context":"","bundle_item_grouping":"","bundle_min_size":"","bundle_max_size":"","bundle_price":[],"bundled_items":[],"bundle_sell_ids":[],"jetpack_sharing_enabled":true,"_links":{"self":[{"href":"https:\/\/www.aps-eb.de\/pl\/wp-json\/wp\/v2\/product\/21341","targetHints":{"allow":["GET"]}}],"collection":[{"href":"https:\/\/www.aps-eb.de\/pl\/wp-json\/wp\/v2\/product"}],"about":[{"href":"https:\/\/www.aps-eb.de\/pl\/wp-json\/wp\/v2\/types\/product"}],"replies":[{"embeddable":true,"href":"https:\/\/www.aps-eb.de\/pl\/wp-json\/wp\/v2\/comments?post=21341"}],"wp:featuredmedia":[{"embeddable":true,"href":"https:\/\/www.aps-eb.de\/pl\/wp-json\/wp\/v2\/media\/21379"}],"wp:attachment":[{"href":"https:\/\/www.aps-eb.de\/pl\/wp-json\/wp\/v2\/media?parent=21341"}],"wp:term":[{"taxonomy":"product_brand","embeddable":true,"href":"https:\/\/www.aps-eb.de\/pl\/wp-json\/wp\/v2\/product_brand?post=21341"},{"taxonomy":"product_cat","embeddable":true,"href":"https:\/\/www.aps-eb.de\/pl\/wp-json\/wp\/v2\/product_cat?post=21341"},{"taxonomy":"product_tag","embeddable":true,"href":"https:\/\/www.aps-eb.de\/pl\/wp-json\/wp\/v2\/product_tag?post=21341"}],"curies":[{"name":"wp","href":"https:\/\/api.w.org\/{rel}","templated":true}]}}