{"id":2154,"date":"2025-02-14T13:17:01","date_gmt":"2025-02-14T13:17:01","guid":{"rendered":"https:\/\/aps-eb.de\/?post_type=product&#038;p=2154"},"modified":"2026-04-15T05:47:44","modified_gmt":"2026-04-15T05:47:44","slug":"shell-aeroshell-sport-plus-4","status":"publish","type":"product","link":"https:\/\/www.aps-eb.de\/pl\/categorie\/shell-aeroshell-sport-plus-4\/","title":{"rendered":"Shell Aeroshell Sport Plus 4"},"content":{"rendered":"<h1 id=\"title\" class=\"a-size-large a-spacing-none\"><span id=\"productTitle\" class=\"a-size-large product-title-word-break\">Shell Aeroshell Sport Plus 4<\/span><\/h1>\n<p>AeroShell Oil Sport Plus 4 w skr\u00f3cie:<\/p>\n<ul>\n<li>Olej wielogatunkowy do u\u017cytku na ca\u0142ym \u015bwiecie we wszystkich klimatach.<\/li>\n<li>&nbsp; &nbsp;Technologia addytywna - doskonale spe\u0142nia wymagania zintegrowanych skrzy\u0144 bieg\u00f3w i sprz\u0119g\u00f3w przeci\u0105\u017ceniowych (ROTAX serii 912 i 914).<\/li>\n<li>Wysoka stabilno\u015b\u0107 termiczna dla d\u0142u\u017cszego i bezpiecznego smarowania.<\/li>\n<li>Wysoka stabilno\u015b\u0107 parowania dla ni\u017cszego zu\u017cycia oleju.<\/li>\n<li>Lepsze w\u0142a\u015bciwo\u015bci przep\u0142ywu zimnego dla \u0142atwiejszego rozruchu zimnego silnika i lepszej ochrony silnika.<\/li>\n<li>Silny przeciwutleniacz chroni sk\u0142adniki i utrzymuje je w czysto\u015bci na d\u0142u\u017cej.<\/li>\n<li>Wybrane dodatki dysperguj\u0105ce zapobiegaj\u0105 powstawaniu osad\u00f3w i osad\u00f3w olejowych.<\/li>\n<li>Specjalne wysokiej jako\u015bci oleje bazowe zapobiegaj\u0105 powstawaniu osad\u00f3w olejowych podczas pracy z paliwami o\u0142owiowymi.<\/li>\n<li>Dodatki przeciwpieni\u0105ce maksymalizuj\u0105 smarowanie.<\/li>\n<li>Doskona\u0142a kompatybilno\u015b\u0107 z elastomerami w celu ochrony w\u0119\u017cy i uszczelek.<\/li>\n<li>Specjalne dodatki dzia\u0142aj\u0105 jako regulatory kwasowo\u015bci.<\/li>\n<li>Mo\u017ce by\u0107 stosowany z paliwem bezo\u0142owiowym i Avgas 100LL.<\/li>\n<\/ul>\n<p>Uwaga:\u00a0Nie stosowa\u0107 AeroShell Oil Sport Plus 4 do silnik\u00f3w przeznaczonych do stosowania z bezpopio\u0142owymi olejami t\u0142okowymi dysperguj\u0105cymi, takimi jak oleje AeroShell W. Dotyczy to ch\u0142odzonych powietrzem silnik\u00f3w Teledyne Continental oraz silnik\u00f3w Textron Lycoming i Jabiru.<\/p>","protected":false},"excerpt":{"rendered":"<h1 id=\"title\" class=\"a-size-large a-spacing-none\"><span id=\"productTitle\" class=\"a-size-large product-title-word-break\">Shell Aeroshell Sport Plus 4<\/span><\/h1>","protected":false},"featured_media":2162,"comment_status":"open","ping_status":"closed","template":"","meta":{"_rtcl_gb_attr":"","ngg_post_thumbnail":0},"product_brand":[],"product_cat":[169],"product_tag":[184,183,182,69,28,185,186,111],"class_list":{"0":"post-2154","1":"product","2":"type-product","3":"status-publish","4":"has-post-thumbnail","6":"product_cat-oele","7":"product_tag-184","8":"product_tag-flugzeugmotorenoel","9":"product_tag-motoroel","10":"product_tag-oelfilter","11":"product_tag-rotax","12":"product_tag-rotax-912","13":"product_tag-rotax-914","14":"product_tag-rotax-zuendkerze","16":"first","17":"instock","18":"taxable","19":"shipping-taxable","20":"purchasable","21":"product-type-simple"},"bundled_by":[],"bundle_stock_status":"instock","bundle_stock_quantity":4,"bundle_virtual":false,"bundle_layout":"","bundle_add_to_cart_form_location":"","bundle_editable_in_cart":false,"bundle_sold_individually_context":"","bundle_item_grouping":"","bundle_min_size":"","bundle_max_size":"","bundle_price":[],"bundled_items":[],"bundle_sell_ids":[],"jetpack_sharing_enabled":true,"_links":{"self":[{"href":"https:\/\/www.aps-eb.de\/pl\/wp-json\/wp\/v2\/product\/2154","targetHints":{"allow":["GET"]}}],"collection":[{"href":"https:\/\/www.aps-eb.de\/pl\/wp-json\/wp\/v2\/product"}],"about":[{"href":"https:\/\/www.aps-eb.de\/pl\/wp-json\/wp\/v2\/types\/product"}],"replies":[{"embeddable":true,"href":"https:\/\/www.aps-eb.de\/pl\/wp-json\/wp\/v2\/comments?post=2154"}],"wp:featuredmedia":[{"embeddable":true,"href":"https:\/\/www.aps-eb.de\/pl\/wp-json\/wp\/v2\/media\/2162"}],"wp:attachment":[{"href":"https:\/\/www.aps-eb.de\/pl\/wp-json\/wp\/v2\/media?parent=2154"}],"wp:term":[{"taxonomy":"product_brand","embeddable":true,"href":"https:\/\/www.aps-eb.de\/pl\/wp-json\/wp\/v2\/product_brand?post=2154"},{"taxonomy":"product_cat","embeddable":true,"href":"https:\/\/www.aps-eb.de\/pl\/wp-json\/wp\/v2\/product_cat?post=2154"},{"taxonomy":"product_tag","embeddable":true,"href":"https:\/\/www.aps-eb.de\/pl\/wp-json\/wp\/v2\/product_tag?post=2154"}],"curies":[{"name":"wp","href":"https:\/\/api.w.org\/{rel}","templated":true}]}}