{"id":2174,"date":"2025-02-14T14:26:04","date_gmt":"2025-02-14T14:26:04","guid":{"rendered":"https:\/\/aps-eb.de\/?post_type=product&#038;p=2174"},"modified":"2026-04-07T10:54:42","modified_gmt":"2026-04-07T10:54:42","slug":"total-oil-aero-xpd-80","status":"publish","type":"product","link":"https:\/\/www.aps-eb.de\/pl\/categorie\/total-oil-aero-xpd-80\/","title":{"rendered":"Olej og\u00f3\u0142em AERO XPD 80"},"content":{"rendered":"<h1 class=\"product-detail-name\">Olej og\u00f3\u0142em AERO XPD 80<\/h1>\n<p>Bezpopio\u0142owy olej jednozakresowy do smarowania silnik\u00f3w t\u0142okowych w trudnych warunkach z dodatkiem ochrony przed zu\u017cyciem LW 16703.<br \/>\nAERO XPD jest stosowany do smarowania silnik\u00f3w t\u0142okowych samolot\u00f3w, kt\u00f3re s\u0105 eksploatowane w ci\u0119\u017ckich i bardzo ci\u0119\u017ckich warunkach i dla kt\u00f3rych zalecany jest olej dysperguj\u0105cy.<\/p>\n<p>\u0106wier\u0107dolar\u00f3wka USA, 0,95 litra<\/p>","protected":false},"excerpt":{"rendered":"<h1 class=\"product-detail-name\">Olej og\u00f3\u0142em AERO XPD 80<\/h1>","protected":false},"featured_media":2172,"comment_status":"open","ping_status":"closed","template":"","meta":{"_rtcl_gb_attr":"","ngg_post_thumbnail":0},"product_brand":[],"product_cat":[169],"product_tag":[170,183,70,182,69,28,111],"class_list":{"0":"post-2174","1":"product","2":"type-product","3":"status-publish","4":"has-post-thumbnail","6":"product_cat-oele","7":"product_tag-continental","8":"product_tag-flugzeugmotorenoel","9":"product_tag-lycomming","10":"product_tag-motoroel","11":"product_tag-oelfilter","12":"product_tag-rotax","13":"product_tag-rotax-zuendkerze","15":"first","16":"instock","17":"taxable","18":"shipping-taxable","19":"purchasable","20":"product-type-variable","21":"has-default-attributes"},"bundled_by":[],"bundle_stock_status":"instock","bundle_stock_quantity":20,"bundle_virtual":false,"bundle_layout":"","bundle_add_to_cart_form_location":"","bundle_editable_in_cart":false,"bundle_sold_individually_context":"","bundle_item_grouping":"","bundle_min_size":"","bundle_max_size":"","bundle_price":[],"bundled_items":[],"bundle_sell_ids":[],"jetpack_sharing_enabled":true,"_links":{"self":[{"href":"https:\/\/www.aps-eb.de\/pl\/wp-json\/wp\/v2\/product\/2174","targetHints":{"allow":["GET"]}}],"collection":[{"href":"https:\/\/www.aps-eb.de\/pl\/wp-json\/wp\/v2\/product"}],"about":[{"href":"https:\/\/www.aps-eb.de\/pl\/wp-json\/wp\/v2\/types\/product"}],"replies":[{"embeddable":true,"href":"https:\/\/www.aps-eb.de\/pl\/wp-json\/wp\/v2\/comments?post=2174"}],"wp:featuredmedia":[{"embeddable":true,"href":"https:\/\/www.aps-eb.de\/pl\/wp-json\/wp\/v2\/media\/2172"}],"wp:attachment":[{"href":"https:\/\/www.aps-eb.de\/pl\/wp-json\/wp\/v2\/media?parent=2174"}],"wp:term":[{"taxonomy":"product_brand","embeddable":true,"href":"https:\/\/www.aps-eb.de\/pl\/wp-json\/wp\/v2\/product_brand?post=2174"},{"taxonomy":"product_cat","embeddable":true,"href":"https:\/\/www.aps-eb.de\/pl\/wp-json\/wp\/v2\/product_cat?post=2174"},{"taxonomy":"product_tag","embeddable":true,"href":"https:\/\/www.aps-eb.de\/pl\/wp-json\/wp\/v2\/product_tag?post=2174"}],"curies":[{"name":"wp","href":"https:\/\/api.w.org\/{rel}","templated":true}]}}