{"id":2177,"date":"2025-02-14T14:29:57","date_gmt":"2025-02-14T14:29:57","guid":{"rendered":"https:\/\/aps-eb.de\/?post_type=product&#038;p=2177"},"modified":"2026-04-26T16:57:12","modified_gmt":"2026-04-26T16:57:12","slug":"total-oil-aero-d-100","status":"publish","type":"product","link":"https:\/\/www.aps-eb.de\/pl\/categorie\/total-oil-aero-d-100\/","title":{"rendered":"Olej og\u00f3\u0142em AERO D 100"},"content":{"rendered":"<h1 class=\"product-detail-name\">Olej og\u00f3\u0142em AERO D 100<\/h1>\n<p>Bezpopio\u0142owy olej jednozakresowy do smarowania silnik\u00f3w t\u0142okowych w trudnych warunkach z dodatkiem ochrony przed zu\u017cyciem LW 16703.<br \/>\nAERO XPD jest stosowany do smarowania silnik\u00f3w t\u0142okowych samolot\u00f3w, kt\u00f3re s\u0105 eksploatowane w ci\u0119\u017ckich i bardzo ci\u0119\u017ckich warunkach i dla kt\u00f3rych zalecany jest olej dysperguj\u0105cy.<\/p>\n<p>\u0106wier\u0107dolar\u00f3wka USA, 0,95 litra<\/p>","protected":false},"excerpt":{"rendered":"<h1 class=\"product-detail-name\">Olej og\u00f3\u0142em AERO D 100<\/h1>","protected":false},"featured_media":2181,"comment_status":"open","ping_status":"closed","template":"","meta":{"_rtcl_gb_attr":"","ngg_post_thumbnail":0},"product_brand":[],"product_cat":[169],"product_tag":[170,70,69,28,111],"class_list":{"0":"post-2177","1":"product","2":"type-product","3":"status-publish","4":"has-post-thumbnail","6":"product_cat-oele","7":"product_tag-continental","8":"product_tag-lycomming","9":"product_tag-oelfilter","10":"product_tag-rotax","11":"product_tag-rotax-zuendkerze","13":"first","14":"instock","15":"taxable","16":"shipping-taxable","17":"purchasable","18":"product-type-variable","19":"has-default-attributes"},"bundled_by":[],"bundle_stock_status":"instock","bundle_stock_quantity":20,"bundle_virtual":false,"bundle_layout":"","bundle_add_to_cart_form_location":"","bundle_editable_in_cart":false,"bundle_sold_individually_context":"","bundle_item_grouping":"","bundle_min_size":"","bundle_max_size":"","bundle_price":[],"bundled_items":[],"bundle_sell_ids":[],"jetpack_sharing_enabled":true,"_links":{"self":[{"href":"https:\/\/www.aps-eb.de\/pl\/wp-json\/wp\/v2\/product\/2177","targetHints":{"allow":["GET"]}}],"collection":[{"href":"https:\/\/www.aps-eb.de\/pl\/wp-json\/wp\/v2\/product"}],"about":[{"href":"https:\/\/www.aps-eb.de\/pl\/wp-json\/wp\/v2\/types\/product"}],"replies":[{"embeddable":true,"href":"https:\/\/www.aps-eb.de\/pl\/wp-json\/wp\/v2\/comments?post=2177"}],"wp:featuredmedia":[{"embeddable":true,"href":"https:\/\/www.aps-eb.de\/pl\/wp-json\/wp\/v2\/media\/2181"}],"wp:attachment":[{"href":"https:\/\/www.aps-eb.de\/pl\/wp-json\/wp\/v2\/media?parent=2177"}],"wp:term":[{"taxonomy":"product_brand","embeddable":true,"href":"https:\/\/www.aps-eb.de\/pl\/wp-json\/wp\/v2\/product_brand?post=2177"},{"taxonomy":"product_cat","embeddable":true,"href":"https:\/\/www.aps-eb.de\/pl\/wp-json\/wp\/v2\/product_cat?post=2177"},{"taxonomy":"product_tag","embeddable":true,"href":"https:\/\/www.aps-eb.de\/pl\/wp-json\/wp\/v2\/product_tag?post=2177"}],"curies":[{"name":"wp","href":"https:\/\/api.w.org\/{rel}","templated":true}]}}