{"id":2186,"date":"2025-02-17T12:12:12","date_gmt":"2025-02-17T12:12:12","guid":{"rendered":"https:\/\/aps-eb.de\/?post_type=product&#038;p=2186"},"modified":"2026-04-07T10:53:38","modified_gmt":"2026-04-07T10:53:38","slug":"aeroshell-oil-w15w-50","status":"publish","type":"product","link":"https:\/\/www.aps-eb.de\/pl\/categorie\/aeroshell-oil-w15w-50\/","title":{"rendered":"AeroShell Oil W15W-50"},"content":{"rendered":"<h1 class=\"product-detail-name\">AeroShell W15W-50<\/h1>\n<p>Aeroshell W15W-50 to najmocniejszy p\u00f3\u0142syntetyczny olej wielozakresowy o bardzo wysokim wska\u017aniku lepko\u015bci do ca\u0142orocznego stosowania w czterosuwowych silnikach t\u0142okowych samolot\u00f3w.<\/p>\n<p>AeroShell Oil W15W-50 to najlepszy niskotemperaturowy olej silnikowy na rynku. Opr\u00f3cz dodatk\u00f3w dysperguj\u0105cych i przeciwpieni\u0105cych zawiera dodatki chroni\u0105ce przed korozj\u0105 i zu\u017cyciem (LW 16702), a tak\u017ce AeroShell Oil W100 Plus dla optymalnej ochrony silnika.<\/p>\n<p>\u0106wier\u0107dolar\u00f3wka USA, 0,95 litra<\/p>","protected":false},"excerpt":{"rendered":"<h1 class=\"product--title\">AeroShell Oil W15W-50<\/h1>","protected":false},"featured_media":2189,"comment_status":"open","ping_status":"closed","template":"","meta":{"_rtcl_gb_attr":"","ngg_post_thumbnail":0},"product_brand":[],"product_cat":[169],"product_tag":[170,70,69,28,111],"class_list":{"0":"post-2186","1":"product","2":"type-product","3":"status-publish","4":"has-post-thumbnail","6":"product_cat-oele","7":"product_tag-continental","8":"product_tag-lycomming","9":"product_tag-oelfilter","10":"product_tag-rotax","11":"product_tag-rotax-zuendkerze","13":"first","14":"instock","15":"taxable","16":"shipping-taxable","17":"purchasable","18":"product-type-variable","19":"has-default-attributes"},"bundled_by":[],"bundle_stock_status":"instock","bundle_stock_quantity":20,"bundle_virtual":false,"bundle_layout":"","bundle_add_to_cart_form_location":"","bundle_editable_in_cart":false,"bundle_sold_individually_context":"","bundle_item_grouping":"","bundle_min_size":"","bundle_max_size":"","bundle_price":[],"bundled_items":[],"bundle_sell_ids":[],"jetpack_sharing_enabled":true,"_links":{"self":[{"href":"https:\/\/www.aps-eb.de\/pl\/wp-json\/wp\/v2\/product\/2186","targetHints":{"allow":["GET"]}}],"collection":[{"href":"https:\/\/www.aps-eb.de\/pl\/wp-json\/wp\/v2\/product"}],"about":[{"href":"https:\/\/www.aps-eb.de\/pl\/wp-json\/wp\/v2\/types\/product"}],"replies":[{"embeddable":true,"href":"https:\/\/www.aps-eb.de\/pl\/wp-json\/wp\/v2\/comments?post=2186"}],"wp:featuredmedia":[{"embeddable":true,"href":"https:\/\/www.aps-eb.de\/pl\/wp-json\/wp\/v2\/media\/2189"}],"wp:attachment":[{"href":"https:\/\/www.aps-eb.de\/pl\/wp-json\/wp\/v2\/media?parent=2186"}],"wp:term":[{"taxonomy":"product_brand","embeddable":true,"href":"https:\/\/www.aps-eb.de\/pl\/wp-json\/wp\/v2\/product_brand?post=2186"},{"taxonomy":"product_cat","embeddable":true,"href":"https:\/\/www.aps-eb.de\/pl\/wp-json\/wp\/v2\/product_cat?post=2186"},{"taxonomy":"product_tag","embeddable":true,"href":"https:\/\/www.aps-eb.de\/pl\/wp-json\/wp\/v2\/product_tag?post=2186"}],"curies":[{"name":"wp","href":"https:\/\/api.w.org\/{rel}","templated":true}]}}