{"id":2208,"date":"2025-03-06T09:33:22","date_gmt":"2025-03-06T09:33:22","guid":{"rendered":"https:\/\/aps-eb.de\/?post_type=product&#038;p=2208"},"modified":"2025-10-05T08:58:04","modified_gmt":"2025-10-05T08:58:04","slug":"tactical-vest-taktische-weste","status":"publish","type":"product","link":"https:\/\/www.aps-eb.de\/pl\/categorie\/tactical-vest-taktische-weste\/","title":{"rendered":"Kamizelka taktyczna"},"content":{"rendered":"<h1 class=\"text-lg mt-4 mb-3 md:text-28 font-bold text-bluepropper font-Opensans\">Kamizelka taktyczna<\/h1>\n<p>Trzymaj wszystko, co wa\u017cne, w zasi\u0119gu r\u0119ki \u2013 bez narzekania. Niezale\u017cnie od tego, czy rywalizujesz w meczu IDPA, czy po prostu cieszysz si\u0119 natur\u0105, ta kamizelka jest wzmocniona dla wi\u0119kszej trwa\u0142o\u015bci i wszechstronno\u015bci. Kamizelka taktyczna Propper\u00ae utrzymuje Ci\u0119 w ruchu.<\/p>\n<ul>\n<li>6,4 uncji 65 % Poliester \/ 35 % Bawe\u0142na, lekki ripstop<\/li>\n<li>Konstrukcja 16-kieszeniowa<\/li>\n<li>Wewn\u0119trzne kieszenie z podszewk\u0105 p\u0119tli<\/li>\n<li>Kompatybilny z MOLLE<\/li>\n<li>Wentylowany tylny panel<\/li>\n<li>Pole na rzepy do identyfikacji lub plastr\u00f3w morale<\/li>\n<li>Lewa przednia kiesze\u0144 posiada przegrody do bezpiecznego przechowywania magazynk\u00f3w pistoletowych<\/li>\n<li>Du\u017ce kieszenie siatkowe za ka\u017cd\u0105 wewn\u0119trzn\u0105 kieszeni\u0105<\/li>\n<li>Paski do regulacji bioder z zapi\u0119ciem na rzep<\/li>\n<li>Kiesze\u0144 na d\u0142ugopis na klatce piersiowej<\/li>\n<li>Przetestowane i zatwierdzone przez cz\u0142onk\u00f3w NTOA<\/li>\n<li>Zgodny z IDPA dla pokrywy sprz\u0119tu<\/li>\n<li>Import z USA<\/li>\n<\/ul>","protected":false},"excerpt":{"rendered":"<h4>Kamizelka taktyczna<\/h4>","protected":false},"featured_media":2256,"comment_status":"open","ping_status":"closed","template":"","meta":{"_rtcl_gb_attr":"","ngg_post_thumbnail":0},"product_brand":[],"product_cat":[329],"product_tag":[163,161,147,180,85,162,179],"class_list":{"0":"post-2208","1":"product","2":"type-product","3":"status-publish","4":"has-post-thumbnail","6":"product_cat-jacken","7":"product_tag-multicam","8":"product_tag-parka","9":"product_tag-propper","10":"product_tag-taktische-weste","11":"product_tag-us-army","12":"product_tag-wasserdicht","13":"product_tag-weste","14":"pa_farbe-black","15":"pa_farbe-khaki","17":"first","18":"instock","19":"taxable","20":"shipping-taxable","21":"purchasable","22":"product-type-variable","23":"has-default-attributes"},"bundled_by":[],"bundle_stock_status":"instock","bundle_stock_quantity":2,"bundle_virtual":false,"bundle_layout":"","bundle_add_to_cart_form_location":"","bundle_editable_in_cart":false,"bundle_sold_individually_context":"","bundle_item_grouping":"","bundle_min_size":"","bundle_max_size":"","bundle_price":[],"bundled_items":[],"bundle_sell_ids":[],"jetpack_sharing_enabled":true,"_links":{"self":[{"href":"https:\/\/www.aps-eb.de\/pl\/wp-json\/wp\/v2\/product\/2208","targetHints":{"allow":["GET"]}}],"collection":[{"href":"https:\/\/www.aps-eb.de\/pl\/wp-json\/wp\/v2\/product"}],"about":[{"href":"https:\/\/www.aps-eb.de\/pl\/wp-json\/wp\/v2\/types\/product"}],"replies":[{"embeddable":true,"href":"https:\/\/www.aps-eb.de\/pl\/wp-json\/wp\/v2\/comments?post=2208"}],"wp:featuredmedia":[{"embeddable":true,"href":"https:\/\/www.aps-eb.de\/pl\/wp-json\/wp\/v2\/media\/2256"}],"wp:attachment":[{"href":"https:\/\/www.aps-eb.de\/pl\/wp-json\/wp\/v2\/media?parent=2208"}],"wp:term":[{"taxonomy":"product_brand","embeddable":true,"href":"https:\/\/www.aps-eb.de\/pl\/wp-json\/wp\/v2\/product_brand?post=2208"},{"taxonomy":"product_cat","embeddable":true,"href":"https:\/\/www.aps-eb.de\/pl\/wp-json\/wp\/v2\/product_cat?post=2208"},{"taxonomy":"product_tag","embeddable":true,"href":"https:\/\/www.aps-eb.de\/pl\/wp-json\/wp\/v2\/product_tag?post=2208"}],"curies":[{"name":"wp","href":"https:\/\/api.w.org\/{rel}","templated":true}]}}