{"id":224,"date":"2023-04-24T12:47:52","date_gmt":"2023-04-24T12:47:52","guid":{"rendered":"https:\/\/aps-eb.de\/?post_type=product&#038;p=224"},"modified":"2024-05-16T08:23:45","modified_gmt":"2024-05-16T08:23:45","slug":"insight-g3-graphic-engine-monitor","status":"publish","type":"product","link":"https:\/\/www.aps-eb.de\/pl\/categorie\/insight-g3-graphic-engine-monitor\/","title":{"rendered":"INSIGHT G3 GRAPHIC ENGINE MONITOR (kompletny zestaw)"},"content":{"rendered":"<p><strong>Insight Graficzny monitor silnika G3<\/strong><\/p>\n<p>Wymagany formularz zam\u00f3wienia nale\u017cy wype\u0142ni\u0107 przed z\u0142o\u017ceniem zam\u00f3wienia.<\/p>\n<p>Oryginalny GEM by\u0142 samotnym graczem. Instrument G3 ma dwie pokr\u0119t\u0142a steruj\u0105ce, kt\u00f3re obs\u0142uguj\u0105 kombinowane prze\u0142\u0105czniki obrotowe i przyciskowe. G\u00f3rne pokr\u0119t\u0142o w og\u00f3lnym kontrolowaniu wyboru ekranu, podczas gdy dolne pokr\u0119t\u0142o kontroluje elementy na danym ekranie. Ka\u017cdy ekran przypisuje w\u0142asne potrzeby funkcjonalne do kontrolek, kt\u00f3re mog\u0105 si\u0119 zmienia\u0107 w zale\u017cno\u015bci od kontekstu. Na ekranie mo\u017cna r\u00f3wnie\u017c oznaczy\u0107 kontrole za pomoc\u0105 wskaz\u00f3wek, takich jak \u201ePush to exit\u201d. G3 zosta\u0142 zaprojektowany, aby rozszerza\u0107 si\u0119 i rosn\u0105\u0107 z czasem. W tym czasie uwolniono mniej ni\u017c po\u0142ow\u0119 jego prawdziwego potencja\u0142u. Instrument mo\u017cna zaktualizowa\u0107, aby uzyska\u0107 nowe funkcje, \u0142aduj\u0105c kart\u0119 SD przez Internet.<\/p>\n<p>Kolejn\u0105 wa\u017cn\u0105 cech\u0105 jest to, dlaczego nie zdiagnozowa\u0107 samego instrumentu G3? Nast\u0119pnie nie musisz demontowa\u0107 samolotu ani nawet dotyka\u0107 okablowania. Wskaz\u00f3wki na stronie Diagnoza sondy s\u0105 na zielono dla normalnych odczyt\u00f3w i na czerwono dla odczyt\u00f3w, kt\u00f3re nie spe\u0142niaj\u0105 kryteri\u00f3w okre\u015blonych na dole ekranu.<\/p>\n<table class=\"auto-style1\" width=\"500\">\n<tbody>\n<tr>\n<td colspan=\"2\" valign=\"top\">\n<div align=\"center\"><u><strong>Wprowadzenie do serii G3<\/strong><\/u><\/div>\n<\/td>\n<\/tr>\n<tr>\n<td valign=\"top\"><strong>Specjalna funkcja Lean of Peak<\/strong><\/p>\n<p>Niezr\u00f3wnana \u0142atwo\u015b\u0107 obs\u0142ugi<br \/>\nAnaliza bilansu dyszy za ka\u017cdym razem<\/td>\n<td><strong>Szeroki zakres pomiarowy<\/strong><\/p>\n<p>Jednoczesne EGT, CHT, TIT<br \/>\nNapi\u0119cie magistrali, pr\u00f3\u017cnia przyrz\u0105du<br \/>\nPrzep\u0142yw paliwa, zu\u017cyte paliwo, temperatura alternatora, OAT<br \/>\nCi\u015bnienie kolektora, RPM, temperatura oleju, ci\u015bnienie oleju<\/td>\n<\/tr>\n<tr>\n<td valign=\"top\"><strong>Ci\u0105g\u0142a diagnoza pr\u00f3bki<\/strong><\/p>\n<p>Potwierd\u017a integralno\u015b\u0107 systemu<br \/>\nOszcz\u0119dzaj czas i k\u0142opoty ze strzelaniem<\/td>\n<td><strong>Zaawansowane rejestrowanie danych<\/strong><\/p>\n<p>Nieograniczona pami\u0119\u0107 na standardowej karcie kamery SD<br \/>\nIntegruje dane z wielu \u017ar\u00f3de\u0142<br \/>\nPliki i katalogi kompatybilne z komputerem<\/td>\n<\/tr>\n<tr>\n<td><strong>Szczeg\u00f3\u0142owa analiza drga\u0144<\/strong><\/p>\n<p>Bezpieczne dzia\u0142anie lean of peak<br \/>\nWykrywaj wczesne problemy mechaniczne<br \/>\nZapobieganie katastrofalnym awariom silnika<\/td>\n<td><strong>W pe\u0142ni kompatybilne uaktualnienie<\/strong><\/p>\n<p>Plug &amp; gra\u0107 ze wszystkimi instrumentami GEM<br \/>\nNowe instalacje lub aktualizacje s\u0105 szybkie i \u0142atwe<br \/>\nDost\u0119pne oferty wymiany GEM<\/td>\n<\/tr>\n<\/tbody>\n<\/table>\n<p>Graficzny monitor silnika 610C (G3) firmy Insight z kodowanym kolorem wykresem kreskowym i warto\u015bciami cyfrowymi mo\u017ce by\u0107 podstawowy dla CHT, EGT i TIT. Wszystkie pozosta\u0142e dane przedstawione w cyjanku na g\u00f3rze wy\u015bwietlacza maj\u0105 charakter uzupe\u0142niaj\u0105cy. Pliki dziennika danych przechowywane na karcie SD mog\u0105 by\u0107 \u0142atwo pobierane przez pilota, podczas lotu lub po locie, w celu natychmiastowego przegl\u0105dania lub sta\u0142ego przechowywania dokumentacji. G3 to wyrafinowane narz\u0119dzie do zarz\u0105dzania silnikiem. Jego mikroprocesor wykonuje wiele zada\u0144, kt\u00f3re kiedy\u015b by\u0142y obs\u0142ugiwane przez pilota.<\/p>","protected":false},"excerpt":{"rendered":"<p><strong>Insight Graficzny monitor silnika G3<\/strong><\/p>\n<p>Graficzny monitor silnika 610C (G3) firmy Insight z kodowanym kolorem wykresem kreskowym i warto\u015bciami cyfrowymi mo\u017ce by\u0107 podstawowy dla CHT, EGT i TIT. Wszystkie pozosta\u0142e dane przedstawione w cyjanku na g\u00f3rze wy\u015bwietlacza maj\u0105 charakter uzupe\u0142niaj\u0105cy. Pliki dziennika danych przechowywane na karcie SD mog\u0105 by\u0107 \u0142atwo pobierane przez pilota, podczas lotu lub po locie, w celu natychmiastowego przegl\u0105dania lub sta\u0142ego przechowywania dokumentacji. G3 to wyrafinowane narz\u0119dzie do zarz\u0105dzania silnikiem. Jego mikroprocesor wykonuje wiele zada\u0144, kt\u00f3re kiedy\u015b by\u0142y obs\u0142ugiwane przez pilota.<\/p>","protected":false},"featured_media":234,"comment_status":"open","ping_status":"closed","template":"","meta":{"_rtcl_gb_attr":"","ngg_post_thumbnail":0},"product_brand":[],"product_cat":[53],"product_tag":[],"class_list":{"0":"post-224","1":"product","2":"type-product","3":"status-publish","4":"has-post-thumbnail","6":"product_cat-instrumente","8":"first","9":"instock","10":"taxable","11":"shipping-taxable","12":"purchasable","13":"product-type-variable","14":"has-default-attributes"},"bundled_by":[],"bundle_stock_status":"instock","bundle_stock_quantity":null,"bundle_virtual":false,"bundle_layout":"","bundle_add_to_cart_form_location":"","bundle_editable_in_cart":false,"bundle_sold_individually_context":"","bundle_item_grouping":"","bundle_min_size":"","bundle_max_size":"","bundle_price":[],"bundled_items":[],"bundle_sell_ids":[],"jetpack_sharing_enabled":true,"_links":{"self":[{"href":"https:\/\/www.aps-eb.de\/pl\/wp-json\/wp\/v2\/product\/224","targetHints":{"allow":["GET"]}}],"collection":[{"href":"https:\/\/www.aps-eb.de\/pl\/wp-json\/wp\/v2\/product"}],"about":[{"href":"https:\/\/www.aps-eb.de\/pl\/wp-json\/wp\/v2\/types\/product"}],"replies":[{"embeddable":true,"href":"https:\/\/www.aps-eb.de\/pl\/wp-json\/wp\/v2\/comments?post=224"}],"wp:featuredmedia":[{"embeddable":true,"href":"https:\/\/www.aps-eb.de\/pl\/wp-json\/wp\/v2\/media\/234"}],"wp:attachment":[{"href":"https:\/\/www.aps-eb.de\/pl\/wp-json\/wp\/v2\/media?parent=224"}],"wp:term":[{"taxonomy":"product_brand","embeddable":true,"href":"https:\/\/www.aps-eb.de\/pl\/wp-json\/wp\/v2\/product_brand?post=224"},{"taxonomy":"product_cat","embeddable":true,"href":"https:\/\/www.aps-eb.de\/pl\/wp-json\/wp\/v2\/product_cat?post=224"},{"taxonomy":"product_tag","embeddable":true,"href":"https:\/\/www.aps-eb.de\/pl\/wp-json\/wp\/v2\/product_tag?post=224"}],"curies":[{"name":"wp","href":"https:\/\/api.w.org\/{rel}","templated":true}]}}