{"id":2342,"date":"2025-04-25T09:42:34","date_gmt":"2025-04-25T09:42:34","guid":{"rendered":"https:\/\/aps-eb.de\/?post_type=product&#038;p=2342"},"modified":"2025-04-25T10:01:22","modified_gmt":"2025-04-25T10:01:22","slug":"cht-sensor-gefedert","status":"publish","type":"product","link":"https:\/\/www.aps-eb.de\/pl\/categorie\/cht-sensor-gefedert\/","title":{"rendered":"Czujnik CHT - spr\u0119\u017cynowy"},"content":{"rendered":"<h1 class=\"product-detail-name\">Czujnik CHT - spr\u0119\u017cynowy<\/h1>\n<div id=\"headingdescription\" class=\"card-header\" role=\"tab\">\n<p>Sondy spr\u0119\u017cynowe przykr\u0119cone do tulei termicznej g\u0142owicy cylindra<\/p>\n<p><span style=\"color: #323b45; font-family: Montserrat, Helvetica, Arial, Verdana, sans-serif; font-size: 16px;\">DANE TECHNICZNE:<br \/>\n<\/span><\/p>\n<\/div>\n<div role=\"tab\">P\/N 2852<br \/>\nTermopara typu J czerwono-bia\u0142a w kolorze czarnym<br \/>\nRozmiar gwintu: 3\/8\u2032\u2032-24.<\/div>","protected":false},"excerpt":{"rendered":"<h1 class=\"product--title\">Czujnik CHT - spr\u0119\u017cynowy<\/h1>","protected":false},"featured_media":2349,"comment_status":"open","ping_status":"closed","template":"","meta":{"_rtcl_gb_attr":"","ngg_post_thumbnail":0},"product_brand":[],"product_cat":[53],"product_tag":[77,204,170,201,48,203,202,70],"class_list":{"0":"post-2342","1":"product","2":"type-product","3":"status-publish","4":"has-post-thumbnail","6":"product_cat-instrumente","7":"product_tag-cessna","8":"product_tag-cht","9":"product_tag-continental","10":"product_tag-g5","11":"product_tag-garmin","12":"product_tag-insight","13":"product_tag-instrumentenbrett","14":"product_tag-lycomming","16":"first","17":"instock","18":"taxable","19":"shipping-taxable","20":"purchasable","21":"product-type-variable"},"bundled_by":[],"bundle_stock_status":"instock","bundle_stock_quantity":20,"bundle_virtual":false,"bundle_layout":"","bundle_add_to_cart_form_location":"","bundle_editable_in_cart":false,"bundle_sold_individually_context":"","bundle_item_grouping":"","bundle_min_size":"","bundle_max_size":"","bundle_price":[],"bundled_items":[],"bundle_sell_ids":[],"jetpack_sharing_enabled":true,"_links":{"self":[{"href":"https:\/\/www.aps-eb.de\/pl\/wp-json\/wp\/v2\/product\/2342","targetHints":{"allow":["GET"]}}],"collection":[{"href":"https:\/\/www.aps-eb.de\/pl\/wp-json\/wp\/v2\/product"}],"about":[{"href":"https:\/\/www.aps-eb.de\/pl\/wp-json\/wp\/v2\/types\/product"}],"replies":[{"embeddable":true,"href":"https:\/\/www.aps-eb.de\/pl\/wp-json\/wp\/v2\/comments?post=2342"}],"wp:featuredmedia":[{"embeddable":true,"href":"https:\/\/www.aps-eb.de\/pl\/wp-json\/wp\/v2\/media\/2349"}],"wp:attachment":[{"href":"https:\/\/www.aps-eb.de\/pl\/wp-json\/wp\/v2\/media?parent=2342"}],"wp:term":[{"taxonomy":"product_brand","embeddable":true,"href":"https:\/\/www.aps-eb.de\/pl\/wp-json\/wp\/v2\/product_brand?post=2342"},{"taxonomy":"product_cat","embeddable":true,"href":"https:\/\/www.aps-eb.de\/pl\/wp-json\/wp\/v2\/product_cat?post=2342"},{"taxonomy":"product_tag","embeddable":true,"href":"https:\/\/www.aps-eb.de\/pl\/wp-json\/wp\/v2\/product_tag?post=2342"}],"curies":[{"name":"wp","href":"https:\/\/api.w.org\/{rel}","templated":true}]}}