{"id":2463,"date":"2025-07-22T13:32:17","date_gmt":"2025-07-22T13:32:17","guid":{"rendered":"https:\/\/aps-eb.de\/?post_type=product&#038;p=2463"},"modified":"2026-04-15T09:27:38","modified_gmt":"2026-04-15T09:27:38","slug":"reifen-mitas-420x150-6-00-65-4ply-tt","status":"publish","type":"product","link":"https:\/\/www.aps-eb.de\/pl\/categorie\/reifen-mitas-420x150-6-00-65-4ply-tt\/","title":{"rendered":"Opony Mitas 420\u00d7150 (6.00 \u2013 6.5) \u2013 4PLY TT"},"content":{"rendered":"<h1>Opony Mitas 420\u00d7150 (6.00 - 6.5) TT<\/h1>\n<p>Bezwzgl\u0119dna opona do samolot\u00f3w o wysokich osi\u0105gach 420 \u00d7 150 (6,00 \u2013 6,5) z 4 warstwami Mitas, w tym z form\u0105 pierwsz\u0105<\/p>\n<ul>\n<li>Pr\u0119dko\u015b\u0107 (KPH): 135<\/li>\n<\/ul>\n<p>Nadaje si\u0119 np. do Zlin: Z42, Z142, Z43, Z143, Z50, Z526, Z726, Z242 itp.<\/p>","protected":false},"excerpt":{"rendered":"<h1>Opony Mitas 420\u00d7150 (6.00 - 6.5) TT<\/h1>\n<p>Bezwzgl\u0119dna opona do samolot\u00f3w o wysokich osi\u0105gach 420 \u00d7 150 (6,00 \u2013 6,5) z 4 warstwami Mitas, w tym z form\u0105 pierwsz\u0105<\/p>\n<ul>\n<li>Pr\u0119dko\u015b\u0107 (KPH): 135<\/li>\n<\/ul>\n<p>Nadaje si\u0119 np. do Zlin: Z42, Z142, Z43, Z143, Z50, Z526, Z726, Z242 itp.<\/p>","protected":false},"featured_media":2462,"comment_status":"open","ping_status":"closed","template":"","meta":{"_rtcl_gb_attr":"","ngg_post_thumbnail":0},"product_brand":[],"product_cat":[26],"product_tag":[219,78,35,208,210,214,207,209,211,212,213,206],"class_list":{"0":"post-2463","1":"product","2":"type-product","3":"status-publish","4":"has-post-thumbnail","6":"product_cat-reifen","7":"product_tag-aero-classic","8":"product_tag-mitas","9":"product_tag-reifen","10":"product_tag-z142","11":"product_tag-z143","12":"product_tag-z242","13":"product_tag-z42","14":"product_tag-z43","15":"product_tag-z50","16":"product_tag-z526","17":"product_tag-z726","18":"product_tag-zlin","20":"first","21":"instock","22":"taxable","23":"shipping-taxable","24":"purchasable","25":"product-type-simple"},"bundled_by":[],"bundle_stock_status":"instock","bundle_stock_quantity":null,"bundle_virtual":false,"bundle_layout":"","bundle_add_to_cart_form_location":"","bundle_editable_in_cart":false,"bundle_sold_individually_context":"","bundle_item_grouping":"","bundle_min_size":"","bundle_max_size":"","bundle_price":[],"bundled_items":[],"bundle_sell_ids":[],"jetpack_sharing_enabled":true,"_links":{"self":[{"href":"https:\/\/www.aps-eb.de\/pl\/wp-json\/wp\/v2\/product\/2463","targetHints":{"allow":["GET"]}}],"collection":[{"href":"https:\/\/www.aps-eb.de\/pl\/wp-json\/wp\/v2\/product"}],"about":[{"href":"https:\/\/www.aps-eb.de\/pl\/wp-json\/wp\/v2\/types\/product"}],"replies":[{"embeddable":true,"href":"https:\/\/www.aps-eb.de\/pl\/wp-json\/wp\/v2\/comments?post=2463"}],"wp:featuredmedia":[{"embeddable":true,"href":"https:\/\/www.aps-eb.de\/pl\/wp-json\/wp\/v2\/media\/2462"}],"wp:attachment":[{"href":"https:\/\/www.aps-eb.de\/pl\/wp-json\/wp\/v2\/media?parent=2463"}],"wp:term":[{"taxonomy":"product_brand","embeddable":true,"href":"https:\/\/www.aps-eb.de\/pl\/wp-json\/wp\/v2\/product_brand?post=2463"},{"taxonomy":"product_cat","embeddable":true,"href":"https:\/\/www.aps-eb.de\/pl\/wp-json\/wp\/v2\/product_cat?post=2463"},{"taxonomy":"product_tag","embeddable":true,"href":"https:\/\/www.aps-eb.de\/pl\/wp-json\/wp\/v2\/product_tag?post=2463"}],"curies":[{"name":"wp","href":"https:\/\/api.w.org\/{rel}","templated":true}]}}