{"id":2476,"date":"2025-07-25T09:41:07","date_gmt":"2025-07-25T09:41:07","guid":{"rendered":"https:\/\/aps-eb.de\/?post_type=product&#038;p=2476"},"modified":"2026-04-15T09:24:54","modified_gmt":"2026-04-15T09:24:54","slug":"reifen-6-00-6-6ply-aero-trainer","status":"publish","type":"product","link":"https:\/\/www.aps-eb.de\/pl\/categorie\/reifen-6-00-6-6ply-aero-trainer\/","title":{"rendered":"Opony 6.00-6 \u2013 6PLY \u2013 Aero Trainer"},"content":{"rendered":"<h3>Opony 6.00-6 \u2013 6PLY \u2013 Aero Trainer<\/h3>\n<p>Aero Trainer\u00ae jest r\u00f3wnie\u017c idealny dla wielu samolot\u00f3w.<\/p>\n<p>Zaprojektowany dla szk\u00f3\u0142 lotniczych z trenerami jednosilnikowymi. Po co ryzykowa\u0107 z podsumowaniem? Je\u015bli mo\u017cesz uzyska\u0107 wysok\u0105 jako\u015b\u0107 i trwa\u0142o\u015b\u0107 nowego Aero Trainer\u00ae od Specialty Tires of America w rozs\u0105dnej cenie!<\/p>\n<p>w tym \u015bwiadectwo zgodno\u015bci<\/p>","protected":false},"excerpt":{"rendered":"<h3>Opony 6.00-6 \u2013 6PLY \u2013 Aero Trainer<\/h3>\n<p>Aero Trainer\u00ae jest r\u00f3wnie\u017c idealny dla wielu samolot\u00f3w.<\/p>\n<p>Zaprojektowany dla szk\u00f3\u0142 lotniczych z trenerami jednosilnikowymi. Po co ryzykowa\u0107 z podsumowaniem? Je\u015bli mo\u017cesz uzyska\u0107 wysok\u0105 jako\u015b\u0107 i trwa\u0142o\u015b\u0107 nowego Aero Trainer\u00ae od Specialty Tires of America w rozs\u0105dnej cenie!<\/p>\n<p>w tym \u015bwiadectwo zgodno\u015bci<\/p>","protected":false},"featured_media":2475,"comment_status":"open","ping_status":"closed","template":"","meta":{"_rtcl_gb_attr":"","ngg_post_thumbnail":0},"product_brand":[],"product_cat":[26],"product_tag":[172,223,219,224,222,35],"class_list":{"0":"post-2476","1":"product","2":"type-product","3":"status-publish","4":"has-post-thumbnail","6":"product_cat-reifen","7":"product_tag-5-00-5","8":"product_tag-500-5","9":"product_tag-aero-classic","10":"product_tag-aero-trainer","11":"product_tag-flugzeugreifen","12":"product_tag-reifen","14":"first","15":"instock","16":"taxable","17":"shipping-taxable","18":"purchasable","19":"product-type-simple"},"bundled_by":[],"bundle_stock_status":"instock","bundle_stock_quantity":null,"bundle_virtual":false,"bundle_layout":"","bundle_add_to_cart_form_location":"","bundle_editable_in_cart":false,"bundle_sold_individually_context":"","bundle_item_grouping":"","bundle_min_size":"","bundle_max_size":"","bundle_price":[],"bundled_items":[],"bundle_sell_ids":[],"jetpack_sharing_enabled":true,"_links":{"self":[{"href":"https:\/\/www.aps-eb.de\/pl\/wp-json\/wp\/v2\/product\/2476","targetHints":{"allow":["GET"]}}],"collection":[{"href":"https:\/\/www.aps-eb.de\/pl\/wp-json\/wp\/v2\/product"}],"about":[{"href":"https:\/\/www.aps-eb.de\/pl\/wp-json\/wp\/v2\/types\/product"}],"replies":[{"embeddable":true,"href":"https:\/\/www.aps-eb.de\/pl\/wp-json\/wp\/v2\/comments?post=2476"}],"wp:featuredmedia":[{"embeddable":true,"href":"https:\/\/www.aps-eb.de\/pl\/wp-json\/wp\/v2\/media\/2475"}],"wp:attachment":[{"href":"https:\/\/www.aps-eb.de\/pl\/wp-json\/wp\/v2\/media?parent=2476"}],"wp:term":[{"taxonomy":"product_brand","embeddable":true,"href":"https:\/\/www.aps-eb.de\/pl\/wp-json\/wp\/v2\/product_brand?post=2476"},{"taxonomy":"product_cat","embeddable":true,"href":"https:\/\/www.aps-eb.de\/pl\/wp-json\/wp\/v2\/product_cat?post=2476"},{"taxonomy":"product_tag","embeddable":true,"href":"https:\/\/www.aps-eb.de\/pl\/wp-json\/wp\/v2\/product_tag?post=2476"}],"curies":[{"name":"wp","href":"https:\/\/api.w.org\/{rel}","templated":true}]}}