{"id":2615,"date":"2025-10-02T04:49:47","date_gmt":"2025-10-02T04:49:47","guid":{"rendered":"https:\/\/aps-eb.de\/?post_type=product&#038;p=2615"},"modified":"2025-10-05T08:57:08","modified_gmt":"2025-10-05T08:57:08","slug":"ma-1-flight-jacket-ma-1-fliegerjacke","status":"publish","type":"product","link":"https:\/\/www.aps-eb.de\/pl\/categorie\/ma-1-flight-jacket-ma-1-fliegerjacke\/","title":{"rendered":"Kurtka lotnicza MA-1 - Kurtka lotnicza MA-1"},"content":{"rendered":"<h4>Kurtka lotnicza MA-1 - Kurtka lotnicza MA-1<\/h4>\n<ul>\n<li>Nylonowa pow\u0142oka zewn\u0119trzna jest solidna i autentycznie wyko\u0144czona.<\/li>\n<li>Kurtka jest pomara\u0144czowa i ma mosi\u0119\u017cny zamek b\u0142yskawiczny.<\/li>\n<li>Kieszenie z przyciskiem na zewn\u0105trz i z ty\u0142u zapewniaj\u0105 miejsce do przechowywania.<\/li>\n<li>Wy\u015bcie\u0142ane poliestrowo pikowanie zapewnia ciep\u0142o.<\/li>\n<li>Kiesze\u0144 na r\u0119kaw ze zintegrowan\u0105 kiesze\u0144 na d\u0142ugopis i kiesze\u0144 na zamek b\u0142yskawiczny.<\/li>\n<li>\u017bebrowane, elastyczne mankiety w talii, ko\u0142nierz i r\u0119kawy zapewniaj\u0105 wygodne, dopasowanie i ochron\u0119 przed zimnem.<\/li>\n<li>Import z USA<\/li>\n<\/ul>\n<p>Kurtka lotnicza MA-1 ma kultow\u0105 i funkcjonaln\u0105 konstrukcj\u0119, kt\u00f3ra sta\u0142a si\u0119 wszechstronnym elementem odzie\u017cy wierzchniej do pracy i codziennego \u017cycia.<\/p>","protected":false},"excerpt":{"rendered":"<h4>Kurtka lotnicza MA-1 - Kurtka lotnicza MA-1<\/h4>","protected":false},"featured_media":2655,"comment_status":"open","ping_status":"closed","template":"","meta":{"_rtcl_gb_attr":"","ngg_post_thumbnail":0},"product_brand":[],"product_cat":[329],"product_tag":[168,312,311,163,147,85,162],"class_list":{"0":"post-2615","1":"product","2":"type-product","3":"status-publish","4":"has-post-thumbnail","6":"product_cat-jacken","7":"product_tag-armeejacke","8":"product_tag-bomberjacke","9":"product_tag-fliegerjacke","10":"product_tag-multicam","11":"product_tag-propper","12":"product_tag-us-army","13":"product_tag-wasserdicht","14":"pa_farbe-black","15":"pa_farbe-sage-green","17":"first","18":"instock","19":"taxable","20":"shipping-taxable","21":"purchasable","22":"product-type-variable","23":"has-default-attributes"},"bundled_by":[],"bundle_stock_status":"instock","bundle_stock_quantity":10,"bundle_virtual":false,"bundle_layout":"","bundle_add_to_cart_form_location":"","bundle_editable_in_cart":false,"bundle_sold_individually_context":"","bundle_item_grouping":"","bundle_min_size":"","bundle_max_size":"","bundle_price":[],"bundled_items":[],"bundle_sell_ids":[],"jetpack_sharing_enabled":true,"_links":{"self":[{"href":"https:\/\/www.aps-eb.de\/pl\/wp-json\/wp\/v2\/product\/2615","targetHints":{"allow":["GET"]}}],"collection":[{"href":"https:\/\/www.aps-eb.de\/pl\/wp-json\/wp\/v2\/product"}],"about":[{"href":"https:\/\/www.aps-eb.de\/pl\/wp-json\/wp\/v2\/types\/product"}],"replies":[{"embeddable":true,"href":"https:\/\/www.aps-eb.de\/pl\/wp-json\/wp\/v2\/comments?post=2615"}],"wp:featuredmedia":[{"embeddable":true,"href":"https:\/\/www.aps-eb.de\/pl\/wp-json\/wp\/v2\/media\/2655"}],"wp:attachment":[{"href":"https:\/\/www.aps-eb.de\/pl\/wp-json\/wp\/v2\/media?parent=2615"}],"wp:term":[{"taxonomy":"product_brand","embeddable":true,"href":"https:\/\/www.aps-eb.de\/pl\/wp-json\/wp\/v2\/product_brand?post=2615"},{"taxonomy":"product_cat","embeddable":true,"href":"https:\/\/www.aps-eb.de\/pl\/wp-json\/wp\/v2\/product_cat?post=2615"},{"taxonomy":"product_tag","embeddable":true,"href":"https:\/\/www.aps-eb.de\/pl\/wp-json\/wp\/v2\/product_tag?post=2615"}],"curies":[{"name":"wp","href":"https:\/\/api.w.org\/{rel}","templated":true}]}}