{"id":2782,"date":"2025-10-04T18:23:38","date_gmt":"2025-10-04T18:23:38","guid":{"rendered":"https:\/\/aps-eb.de\/?post_type=product&#038;p=2782"},"modified":"2026-01-01T19:30:49","modified_gmt":"2026-01-01T19:30:49","slug":"air-force-pilotentasche-01","status":"publish","type":"product","link":"https:\/\/www.aps-eb.de\/pl\/categorie\/air-force-pilotentasche-01\/","title":{"rendered":"Torba pilota Si\u0142 Powietrznych 03"},"content":{"rendered":"<h4 id=\"tw-target-text\" class=\"tw-data-text tw-text-large tw-ta\" dir=\"ltr\" data-placeholder=\"Translation\">Torba pilota Si\u0142 Powietrznych 03<\/h4>\n<ul>\n<li><span style=\"color: #000000; font-family: Arial; font-size: small;\">Skontrastowane szwy<\/span><\/li>\n<li><span style=\"color: #000000; font-family: Arial; font-size: small;\">Zewn\u0119trzny metalowy \u0142\u0105cznik szybkoz\u0142\u0105czny<\/span><\/li>\n<li><span style=\"color: #000000; font-family: Arial; font-size: small;\">G\u0142\u00f3wna komora na g\u00f3rze z zamkiem b\u0142yskawicznym<\/span><\/li>\n<li><span style=\"color: #000000; font-family: Arial; font-size: small;\">Wewn\u0105trz jedna komora na zamek b\u0142yskawiczny i dwie otwarte komory<\/span><\/li>\n<li><span style=\"color: #000000; font-family: Arial; font-size: small;\">Ma\u0142a kiesze\u0144 boczna z zapi\u0119ciem na rzep na zewn\u0105trz<\/span><\/li>\n<li><span style=\"color: #000000; font-family: Arial; font-size: small;\">Na zewn\u0105trz otwarta i siatkowa kiesze\u0144<\/span><\/li>\n<li><span style=\"color: #000000; font-family: Arial; font-size: small;\">Regulowane paski na rami\u0119<\/span><\/li>\n<li><span style=\"color: #000000; font-family: Arial; font-size: small;\">Materia\u0142 100% nylonu<\/span><\/li>\n<li><span style=\"color: #000000; font-family: Arial; font-size: small;\">Kolor oliwkowy<\/span><\/li>\n<li><span style=\"color: #000000; font-family: Arial; font-size: small;\">Wymiary (szer. x wys. x g\u0142.) ok. 30 x 23 x 12 cm<\/span><\/li>\n<li><span style=\"color: #000000; font-family: Arial; font-size: small;\">Waga: 0,48 kg<\/span><\/li>\n<\/ul>","protected":false},"excerpt":{"rendered":"<h4 id=\"tw-target-text\" class=\"tw-data-text tw-text-large tw-ta\" dir=\"ltr\" data-placeholder=\"Translation\">Torba pilota Si\u0142 Powietrznych 03<\/h4>","protected":false},"featured_media":2785,"comment_status":"open","ping_status":"closed","template":"","meta":{"_rtcl_gb_attr":"","ngg_post_thumbnail":0},"product_brand":[],"product_cat":[330],"product_tag":[134,133,132,85],"class_list":{"0":"post-2782","1":"product","2":"type-product","3":"status-publish","4":"has-post-thumbnail","6":"product_cat-taschen-backpacks","7":"product_tag-kartentasche","8":"product_tag-pilotentasche","9":"product_tag-tragetasche","10":"product_tag-us-army","11":"pa_farbe-olive","12":"pa_farbe-schwarz","14":"first","15":"instock","16":"taxable","17":"shipping-taxable","18":"purchasable","19":"product-type-variable","20":"has-default-attributes"},"bundled_by":[],"bundle_stock_status":"instock","bundle_stock_quantity":10,"bundle_virtual":false,"bundle_layout":"","bundle_add_to_cart_form_location":"","bundle_editable_in_cart":false,"bundle_sold_individually_context":"","bundle_item_grouping":"","bundle_min_size":"","bundle_max_size":"","bundle_price":[],"bundled_items":[],"bundle_sell_ids":[],"jetpack_sharing_enabled":true,"_links":{"self":[{"href":"https:\/\/www.aps-eb.de\/pl\/wp-json\/wp\/v2\/product\/2782","targetHints":{"allow":["GET"]}}],"collection":[{"href":"https:\/\/www.aps-eb.de\/pl\/wp-json\/wp\/v2\/product"}],"about":[{"href":"https:\/\/www.aps-eb.de\/pl\/wp-json\/wp\/v2\/types\/product"}],"replies":[{"embeddable":true,"href":"https:\/\/www.aps-eb.de\/pl\/wp-json\/wp\/v2\/comments?post=2782"}],"wp:featuredmedia":[{"embeddable":true,"href":"https:\/\/www.aps-eb.de\/pl\/wp-json\/wp\/v2\/media\/2785"}],"wp:attachment":[{"href":"https:\/\/www.aps-eb.de\/pl\/wp-json\/wp\/v2\/media?parent=2782"}],"wp:term":[{"taxonomy":"product_brand","embeddable":true,"href":"https:\/\/www.aps-eb.de\/pl\/wp-json\/wp\/v2\/product_brand?post=2782"},{"taxonomy":"product_cat","embeddable":true,"href":"https:\/\/www.aps-eb.de\/pl\/wp-json\/wp\/v2\/product_cat?post=2782"},{"taxonomy":"product_tag","embeddable":true,"href":"https:\/\/www.aps-eb.de\/pl\/wp-json\/wp\/v2\/product_tag?post=2782"}],"curies":[{"name":"wp","href":"https:\/\/api.w.org\/{rel}","templated":true}]}}