{"id":3081,"date":"2025-10-11T08:28:21","date_gmt":"2025-10-11T08:28:21","guid":{"rendered":"https:\/\/aps-eb.de\/?post_type=product&#038;p=3081"},"modified":"2026-01-01T19:27:12","modified_gmt":"2026-01-01T19:27:12","slug":"trolley-commando-tasche-reisetasche","status":"publish","type":"product","link":"https:\/\/www.aps-eb.de\/pl\/categorie\/trolley-commando-tasche-reisetasche\/","title":{"rendered":"W\u00f3zek Commando bag - Torba podr\u00f3\u017cna"},"content":{"rendered":"<h4 id=\"tw-target-text\" class=\"tw-data-text tw-text-large tw-ta\" dir=\"ltr\" data-placeholder=\"Translation\">W\u00f3zek Commando bag - Torba podr\u00f3\u017cna<\/h4>\n<ul>\n<li><span style=\"color: #000000; font-family: Arial; font-size: 8pt;\">Wymiary (szer. x wys. x g\u0142.) ok. 80 x 45 x 38<\/span><\/li>\n<li><span style=\"font-family: arial, helvetica, sans-serif; font-size: 8pt;\">Obj\u0119to\u015b\u0107 136 litr\u00f3w<\/span><\/li>\n<\/ul>\n<p>Torba dowodzenia w\u00f3zka wykonana ze 100 sztuk % Poliester. Pi\u0119kna i praktyczna torba, kt\u00f3ra \u015bwietnie nadaje si\u0119 na d\u0142ugie podr\u00f3\u017ce lub przechowywanie sprz\u0119tu na \u015bwie\u017cym powietrzu. Wewn\u0105trz torby cz\u0119\u015b\u0107 mo\u017cna zamkn\u0105\u0107 siatk\u0105 i zamkiem b\u0142yskawicznym, je\u015bli chcesz przechowywa\u0107 niekt\u00f3re materia\u0142y osobno w torbie. Wygodne do dzia\u0142a\u0144, takich jak w\u0119dkarstwo, airsoft, wakacje, itp Ponadto istniej\u0105 dwie powierzchnie z rzepem, ka\u017cdy 10 x 10 cm i 13 x 2 cm w rozmiarze, co pozwala dostosowa\u0107 torb\u0119. Wyposa\u017cony w kilka uchwyt\u00f3w i 3 ko\u0142a dla \u0142atwego transportu toreb.<\/p>\n<p>&nbsp;<\/p>","protected":false},"excerpt":{"rendered":"<h4 id=\"tw-target-text\" class=\"tw-data-text tw-text-large tw-ta\" dir=\"ltr\" data-placeholder=\"Translation\">W\u00f3zek Commando bag - Torba podr\u00f3\u017cna<\/h4>","protected":false},"featured_media":3091,"comment_status":"open","ping_status":"closed","template":"","meta":{"_rtcl_gb_attr":"","ngg_post_thumbnail":0},"product_brand":[],"product_cat":[330],"product_tag":[133,370,132,85],"class_list":{"0":"post-3081","1":"product","2":"type-product","3":"status-publish","4":"has-post-thumbnail","6":"product_cat-taschen-backpacks","7":"product_tag-pilotentasche","8":"product_tag-reisetasche","9":"product_tag-tragetasche","10":"product_tag-us-army","11":"pa_farbe-black","12":"pa_farbe-camouflage","13":"pa_farbe-coyote","14":"pa_farbe-green","15":"pa_farbe-ranger-green","16":"pa_farbe-wolf-grey","17":"pa_farbe-woodland","19":"first","20":"instock","21":"taxable","22":"shipping-taxable","23":"purchasable","24":"product-type-variable","25":"has-default-attributes"},"bundled_by":[],"bundle_stock_status":"instock","bundle_stock_quantity":2,"bundle_virtual":false,"bundle_layout":"","bundle_add_to_cart_form_location":"","bundle_editable_in_cart":false,"bundle_sold_individually_context":"","bundle_item_grouping":"","bundle_min_size":"","bundle_max_size":"","bundle_price":[],"bundled_items":[],"bundle_sell_ids":[],"jetpack_sharing_enabled":true,"_links":{"self":[{"href":"https:\/\/www.aps-eb.de\/pl\/wp-json\/wp\/v2\/product\/3081","targetHints":{"allow":["GET"]}}],"collection":[{"href":"https:\/\/www.aps-eb.de\/pl\/wp-json\/wp\/v2\/product"}],"about":[{"href":"https:\/\/www.aps-eb.de\/pl\/wp-json\/wp\/v2\/types\/product"}],"replies":[{"embeddable":true,"href":"https:\/\/www.aps-eb.de\/pl\/wp-json\/wp\/v2\/comments?post=3081"}],"wp:featuredmedia":[{"embeddable":true,"href":"https:\/\/www.aps-eb.de\/pl\/wp-json\/wp\/v2\/media\/3091"}],"wp:attachment":[{"href":"https:\/\/www.aps-eb.de\/pl\/wp-json\/wp\/v2\/media?parent=3081"}],"wp:term":[{"taxonomy":"product_brand","embeddable":true,"href":"https:\/\/www.aps-eb.de\/pl\/wp-json\/wp\/v2\/product_brand?post=3081"},{"taxonomy":"product_cat","embeddable":true,"href":"https:\/\/www.aps-eb.de\/pl\/wp-json\/wp\/v2\/product_cat?post=3081"},{"taxonomy":"product_tag","embeddable":true,"href":"https:\/\/www.aps-eb.de\/pl\/wp-json\/wp\/v2\/product_tag?post=3081"}],"curies":[{"name":"wp","href":"https:\/\/api.w.org\/{rel}","templated":true}]}}