{"id":3463,"date":"2025-10-31T14:31:49","date_gmt":"2025-10-31T14:31:49","guid":{"rendered":"https:\/\/aps-eb.de\/?post_type=product&#038;p=3463"},"modified":"2026-05-15T22:15:25","modified_gmt":"2026-05-15T22:15:25","slug":"engine-baffle-kit-c172p-lycoming-o-320-d2j-kopie","status":"publish","type":"product","link":"https:\/\/www.aps-eb.de\/pl\/categorie\/engine-baffle-kit-c172p-lycoming-o-320-d2j-kopie\/","title":{"rendered":"Zestaw przegr\u00f3d silnika \u2013 C172M \u2013 Lycoming O-320-E2D \u2013 74-76 PCBK"},"content":{"rendered":"<h1>Zestaw przegr\u00f3d silnika \u2013 C172M \u2013 Lycoming O-320-E2D<\/h1>\n<p>Uszczelki standardowe czarne, malowane proszkowo aluminium - PCBK<\/p>\n<ul>\n<li>\n<table id=\"eligibility-records-tab-content\" class=\"relative w-full border-separate border-spacing-y-3\" style=\"width: 1005px;\">\n<thead>\n<tr>\n<th class=\"sticky top-0 px-3 py-3 font-semibold text-black text-left text-left bg-surface-secondary\" style=\"width: 53px;\">Make<\/th>\n<th class=\"sticky top-0 px-3 py-3 font-semibold text-black text-left text-left bg-surface-secondary\" style=\"width: 55px;\">Seria<\/th>\n<th class=\"sticky top-0 px-3 py-3 font-semibold text-black text-left text-left bg-surface-secondary\" style=\"width: 56px;\">model<\/th>\n<th class=\"sticky top-0 px-3 py-3 font-semibold text-black text-left text-left bg-surface-secondary\" style=\"width: 81px;\">Rozpocznij S\/N<\/th>\n<th class=\"sticky top-0 px-3 py-3 font-semibold text-black text-left text-left bg-surface-secondary\" style=\"width: 81px;\">Koniec S\/N<\/th>\n<th class=\"sticky top-0 px-3 py-3 font-semibold text-black text-left text-left bg-surface-secondary\" style=\"width: 544px;\">Komentarz<\/th>\n<th class=\"sticky top-0 px-3 py-3 font-semibold text-black text-left text-left bg-surface-secondary\" style=\"width: 135px;\">Schemat kwalifikowalno\u015bci<\/th>\n<\/tr>\n<\/thead>\n<tbody class=\"divide-y bg-surface-secondary\">\n<tr>\n<td class=\"px-3 py-2 bg-white\" style=\"width: 53px;\">Cessna<\/td>\n<td class=\"px-3 py-2 bg-white\" style=\"width: 55px;\">172<\/td>\n<td class=\"px-3 py-2 bg-white\" style=\"width: 56px;\">172M<\/td>\n<td class=\"px-3 py-2 bg-white\" style=\"width: 81px;\">17261899<\/td>\n<td class=\"px-3 py-2 bg-white\" style=\"width: 81px;\">17263458<\/td>\n<td class=\"px-3 py-2 bg-white\" style=\"width: 544px;\">Po wyposa\u017ceniu w Lycoming O-320-E2D. Pow\u0142oka proszkowa z czarnymi uszczelkami<\/td>\n<td class=\"px-3 py-2 bg-white\" style=\"width: 135px;\">6629<\/td>\n<\/tr>\n<tr>\n<td class=\"px-3 py-2 bg-white\" style=\"width: 53px;\">Cessna<\/td>\n<td class=\"px-3 py-2 bg-white\" style=\"width: 55px;\">172<\/td>\n<td class=\"px-3 py-2 bg-white\" style=\"width: 56px;\">172M<\/td>\n<td class=\"px-3 py-2 bg-white\" style=\"width: 81px;\">17263459<\/td>\n<td class=\"px-3 py-2 bg-white\" style=\"width: 81px;\">17267584<\/td>\n<td class=\"px-3 py-2 bg-white\" style=\"width: 544px;\">Po wyposa\u017ceniu w Lycoming O-320-E2D. Pow\u0142oka proszkowa z czarnymi uszczelkami<\/td>\n<td class=\"px-3 py-2 bg-white\" style=\"width: 135px;\">6629<\/td>\n<\/tr>\n<tr>\n<td class=\"px-3 py-2 bg-white\" style=\"width: 53px;\">Cessna<\/td>\n<td class=\"px-3 py-2 bg-white\" style=\"width: 55px;\">172<\/td>\n<td class=\"px-3 py-2 bg-white\" style=\"width: 56px;\">F172M<\/td>\n<td class=\"px-3 py-2 bg-white\" style=\"width: 81px;\">F17201035<\/td>\n<td class=\"px-3 py-2 bg-white\" style=\"width: 81px;\">F17201234<\/td>\n<td class=\"px-3 py-2 bg-white\" style=\"width: 544px;\">Po wyposa\u017ceniu w Lycoming O-320-E2D. Pow\u0142oka proszkowa z czarnymi uszczelkami<\/td>\n<td class=\"px-3 py-2 bg-white\" style=\"width: 135px;\">6629<\/td>\n<\/tr>\n<\/tbody>\n<\/table>\n<\/li>\n<\/ul>\n<p>poszczeg\u00f3lne elementy tego zestawu na \u017cyczenie.<\/p>\n<h4>Szczeg\u00f3\u0142y produktu<\/h4>\n<p>*Rysunek pokazuje niepowlekane przegrody. Zestawy s\u0105 r\u00f3wnie\u017c dost\u0119pne z pow\u0142ok\u0105 proszkow\u0105. Dost\u0119pne s\u0105 standardowe i premium opcje uszczelniania.<\/p>\n<p>Kompletne zestawy przegr\u00f3d silnika z Cowl SaverTM<br \/>\nChro\u0144 sw\u00f3j silnik i chro\u0144 sw\u00f3j kaptur!<\/p>\n<p>Materia\u0142 uszczelniaj\u0105cy Cowl Saver firmy McFarlane jest teraz dost\u0119pny wst\u0119pnie zainstalowany w zestawach przegr\u00f3d Airforms. Cowl SaverTM redukuje drgania w kad\u0142ubie samolotu i zapobiega p\u0119kni\u0119ciom maski i grodzi po\u017carowej. Konwencjonalne uszczelki z gumy silikonowej do przegr\u00f3d maj\u0105 jeden z najwy\u017cszych wsp\u00f3\u0142czynnik\u00f3w tarcia ze wszystkich znanych materia\u0142\u00f3w. To tarcie przenosi wibracje silnika do maski i grodzi po\u017carowej, powoduj\u0105c zu\u017cycie, zm\u0119czenie materia\u0142u, p\u0119kni\u0119cia, otarcia i wibracje w kad\u0142ubie samolotu. Cowl SaverTM jest specjalnie zaprojektowany do niskiego tarcia, oszcz\u0119dzaj\u0105c pieni\u0105dze! I poczujesz r\u00f3\u017cnic\u0119 w wibracjach.<\/p>\n<p>Materia\u0142 uszczelniaj\u0105cy Cowl Saver zapewnia 30 razy mniejsze tarcie! Przegrody o niskim tarciu oszcz\u0119dzaj\u0105 pieni\u0105dze!<\/p>\n<p>Zmniejsza przenoszenie wibracji do obudowy silnika i kom\u00f3rki samolotu.<br \/>\nZapobiega erozji przebrania.<br \/>\nWyd\u0142u\u017ca \u017cywotno\u015b\u0107 uszczelek.<br \/>\nRedukuje kosztowne naprawy ok\u0142adzin i element\u00f3w z\u0142\u0105cznych.<br \/>\nZmniejsza zm\u0119czenie materia\u0142u i p\u0119kanie na uszczelkach, arkuszach ok\u0142adzinowych i grodziach po\u017carowych.<br \/>\nU\u0142atwia to nawet monta\u017c ok\u0142adziny!<br \/>\nAby uzyska\u0107 wi\u0119cej informacji na temat materia\u0142u uszczelniaj\u0105cego McFarlane Cowl SaverTM kliknij tutaj.<\/p>\n<p>P\u0142yty deflektora silnika Airforms s\u0105 zatwierdzone przez FAA-PMA dla Cessna, Piper, Beechcraft, Mooney i Grumman.<\/p>\n<p>6061-T6 aluminium, dost\u0119pne w kolorze go\u0142ego aluminium lub z szar\u0105 pow\u0142ok\u0105 proszkow\u0105.<\/p>\n<p>Materia\u0142 uszczelniaj\u0105cy Cowl SaverTM jest wst\u0119pnie zainstalowany.<br \/>\nIndywidualnie wymienne z przegrodami fabrycznymi.<br \/>\nWsporniki ze stali nierdzewnej w razie potrzeby.<br \/>\nNitowa konstrukcja.<br \/>\n1\/2\u2032\u2032 p\u0142yty tylne do mocowania uszczelek.<br \/>\nLepsze dopasowanie.<br \/>\nUwagi:<\/p>\n<p>Instaluj\u0105c akcesoria (rozrusznik, alternator, uk\u0142ad wydechowy, konwersja silnika itp.), Instalator jest odpowiedzialny za regulacj\u0119 przegr\u00f3d.<br \/>\nMateria\u0142 mocuj\u0105cy (nakr\u0119tki, \u015bruby, \u015bruby, zaciski Tinnerman itp.) Nie jest wliczony w cen\u0119.<\/p>\n<h4>Materia\u0142 uszczelniaj\u0105cy: U\u017cyj przyrostka zestawu:<\/h4>\n<p>Uszczelki do wygaszaczy misek Premium, go\u0142e aluminium - BRCS<br \/>\nUszczelki standardowe czarne, go\u0142e aluminium - BRBK<br \/>\nUszczelnienia standardowe niebieskie, go\u0142e aluminium - BRBL<br \/>\nUszczelki standardowe pomara\u0144czowe, go\u0142e aluminium - BROR<br \/>\nUszczelnienia do wygaszaczy misek premium, aluminium malowane proszkowo - PCCS<br \/>\nUszczelki standardowe czarne, malowane proszkowo aluminium - PCBK<br \/>\nUszczelnienia standardowe niebieskie, malowane proszkowo aluminium - PCBL<br \/>\nUszczelnienia standardowe pomara\u0144czowe, malowane proszkowo aluminium - PCOR<\/p>","protected":false},"excerpt":{"rendered":"<h4>Zestaw przegr\u00f3d silnika \u2013 C172M \u2013 Lycoming O-320-E2D<\/h4>","protected":false},"featured_media":3465,"comment_status":"open","ping_status":"closed","template":"","meta":{"_rtcl_gb_attr":"","ngg_post_thumbnail":0},"product_brand":[],"product_cat":[415],"product_tag":[416,417,418,77,70],"class_list":{"0":"post-3463","1":"product","2":"type-product","3":"status-publish","4":"has-post-thumbnail","6":"product_cat-engine_baffles","7":"product_tag-baffle","8":"product_tag-baffles","9":"product_tag-c172","10":"product_tag-cessna","11":"product_tag-lycomming","13":"first","14":"instock","15":"sale","16":"taxable","17":"shipping-taxable","18":"purchasable","19":"product-type-simple"},"bundled_by":[],"bundle_stock_status":"instock","bundle_stock_quantity":2,"bundle_virtual":false,"bundle_layout":"","bundle_add_to_cart_form_location":"","bundle_editable_in_cart":false,"bundle_sold_individually_context":"","bundle_item_grouping":"","bundle_min_size":"","bundle_max_size":"","bundle_price":[],"bundled_items":[],"bundle_sell_ids":[],"jetpack_sharing_enabled":true,"_links":{"self":[{"href":"https:\/\/www.aps-eb.de\/pl\/wp-json\/wp\/v2\/product\/3463","targetHints":{"allow":["GET"]}}],"collection":[{"href":"https:\/\/www.aps-eb.de\/pl\/wp-json\/wp\/v2\/product"}],"about":[{"href":"https:\/\/www.aps-eb.de\/pl\/wp-json\/wp\/v2\/types\/product"}],"replies":[{"embeddable":true,"href":"https:\/\/www.aps-eb.de\/pl\/wp-json\/wp\/v2\/comments?post=3463"}],"wp:featuredmedia":[{"embeddable":true,"href":"https:\/\/www.aps-eb.de\/pl\/wp-json\/wp\/v2\/media\/3465"}],"wp:attachment":[{"href":"https:\/\/www.aps-eb.de\/pl\/wp-json\/wp\/v2\/media?parent=3463"}],"wp:term":[{"taxonomy":"product_brand","embeddable":true,"href":"https:\/\/www.aps-eb.de\/pl\/wp-json\/wp\/v2\/product_brand?post=3463"},{"taxonomy":"product_cat","embeddable":true,"href":"https:\/\/www.aps-eb.de\/pl\/wp-json\/wp\/v2\/product_cat?post=3463"},{"taxonomy":"product_tag","embeddable":true,"href":"https:\/\/www.aps-eb.de\/pl\/wp-json\/wp\/v2\/product_tag?post=3463"}],"curies":[{"name":"wp","href":"https:\/\/api.w.org\/{rel}","templated":true}]}}