{"id":3468,"date":"2025-11-01T14:11:11","date_gmt":"2025-11-01T14:11:11","guid":{"rendered":"https:\/\/aps-eb.de\/?post_type=product&#038;p=3468"},"modified":"2026-01-01T19:26:31","modified_gmt":"2026-01-01T19:26:31","slug":"holzfaellerjacke-jacke-sherpa","status":"publish","type":"product","link":"https:\/\/www.aps-eb.de\/pl\/categorie\/holzfaellerjacke-jacke-sherpa\/","title":{"rendered":"Kurtka dresowa Sherpa"},"content":{"rendered":"<h1>Kurtka dresowa Sherpa<\/h1>\n<p><big>Wygodna i modna kurtka Lumberjack z ciep\u0142\u0105 podszewk\u0105 sherpa. Idealny na ch\u0142odniejsze dni wiosn\u0105 \/ jesieni\u0105 lub w sezonie zimowym.<\/big><\/p>\n<p>Zaprojektowany do u\u017cytku rekreacyjnego i zaj\u0119\u0107 na \u015bwie\u017cym powietrzu, takich jak trekking \/ poduszkowiec, ale tak\u017ce idealny jako kurtka robocza ze wzgl\u0119du na wzmocnione nylonowe ramiona Cordura\u00ae. Materia\u0142 Sherpa na wewn\u0119trznej stronie kurtki jest mi\u0119kki i zapewnia wysoki komfort noszenia. Posiada r\u00f3wnie\u017c wysokiej jako\u015bci zamek b\u0142yskawiczny YKK\u00ae i wiele kieszeni do przechowywania przedmiot\u00f3w.<\/p>\n<p><strong>Charakterystyka:<\/strong><\/p>\n<ul>\n<li style=\"list-style-type: none;\">\n<ul>\n<li><big>Ciep\u0142a podszewka sherpa<\/big><\/li>\n<li><big>Zamek b\u0142yskawiczny YKK\u00ae<\/big><\/li>\n<li><big>Cordura\u00ae nylonowe wzmocnienie ramion<\/big><\/li>\n<li><big>Pasek do okular\u00f3w przeciws\u0142onecznych<\/big><\/li>\n<li><big>Dwie boczne kieszenie z zamkiem b\u0142yskawicznym<\/big><\/li>\n<li><big>Dwie kieszenie klapowe z zatrzaskami na klatce piersiowej<\/big><\/li>\n<li><big>Dwie wewn\u0119trzne kieszenie z przyciskiem zatrzaskowym (rozmiar smartfona)<\/big><\/li>\n<li><big>God\u0142o Fostex na sk\u00f3rzanym r\u0119kawie<\/big><\/li>\n<li><big>Mankiety z zatrzaskiem<\/big><\/li>\n<li><big>Klasyczny wygl\u0105d drwala<\/big><\/li>\n<\/ul>\n<\/li>\n<\/ul>\n<div id=\"heading_10\" class=\"panel-heading\" role=\"tab\">&nbsp;<\/div>\n<div id=\"collapse_10\" class=\"panel-collapse collapse show\" role=\"tabpanel\" aria-labelledby=\"heading_10\">\n<div class=\"info-block full-width\">\n<div class=\"info-block--item\">\n<div>G\u00f3rny materia\u0142 100% Bawe\u0142na \/ podszewka 100% poliestry<\/div>\n<\/div>\n<div class=\"info-block--item\">\n<div>Instrukcje dotycz\u0105ce prania<\/div>\n<div><img decoding=\"async\" title=\"Suszarka niedozwolona\" src=\"https:\/\/www.vanosimports.com\/images\/drying_3.png\" alt=\"Suszarka niedozwolona\" width=\"40\"><img decoding=\"async\" title=\"Prasowanie maksymalnie 110 stopni\" src=\"https:\/\/www.vanosimports.com\/images\/ironing_1.png\" alt=\"Prasowanie maksymalnie 110 stopni\" width=\"40\"><img decoding=\"async\" title=\"Niedozwolone wybielanie\" src=\"https:\/\/www.vanosimports.com\/images\/bleach_2.png\" alt=\"Niedozwolone wybielanie\" width=\"40\"><img decoding=\"async\" title=\"Nie czy\u015b\u0107 na sucho\" src=\"https:\/\/www.vanosimports.com\/images\/professional_cleaning_3.png\" alt=\"Nie czy\u015b\u0107 na sucho\" width=\"40\"><img decoding=\"async\" title=\"Maksymalnie 30 stopni\" src=\"https:\/\/www.vanosimports.com\/images\/washing_1.png\" alt=\"Maksymalnie 30 stopni\" width=\"40\"><\/div>\n<\/div>\n<\/div>\n<\/div>","protected":false},"excerpt":{"rendered":"<h1>Kurtka dresowa Sherpa<\/h1>","protected":false},"featured_media":3517,"comment_status":"open","ping_status":"closed","template":"","meta":{"_rtcl_gb_attr":"","ngg_post_thumbnail":0},"product_brand":[],"product_cat":[329],"product_tag":[336,422,421,423,85],"class_list":{"0":"post-3468","1":"product","2":"type-product","3":"status-publish","4":"has-post-thumbnail","6":"product_cat-jacken","7":"product_tag-fostex-garments","8":"product_tag-holzfaeller","9":"product_tag-holzfaellerjacke","10":"product_tag-outdoor","11":"product_tag-us-army","12":"pa_farbe-olive-schwarz","13":"pa_farbe-rot-schwarz","15":"first","16":"instock","17":"taxable","18":"shipping-taxable","19":"purchasable","20":"product-type-variable","21":"has-default-attributes"},"bundled_by":[],"bundle_stock_status":"instock","bundle_stock_quantity":10,"bundle_virtual":false,"bundle_layout":"","bundle_add_to_cart_form_location":"","bundle_editable_in_cart":false,"bundle_sold_individually_context":"","bundle_item_grouping":"","bundle_min_size":"","bundle_max_size":"","bundle_price":[],"bundled_items":[],"bundle_sell_ids":[],"jetpack_sharing_enabled":true,"_links":{"self":[{"href":"https:\/\/www.aps-eb.de\/pl\/wp-json\/wp\/v2\/product\/3468","targetHints":{"allow":["GET"]}}],"collection":[{"href":"https:\/\/www.aps-eb.de\/pl\/wp-json\/wp\/v2\/product"}],"about":[{"href":"https:\/\/www.aps-eb.de\/pl\/wp-json\/wp\/v2\/types\/product"}],"replies":[{"embeddable":true,"href":"https:\/\/www.aps-eb.de\/pl\/wp-json\/wp\/v2\/comments?post=3468"}],"wp:featuredmedia":[{"embeddable":true,"href":"https:\/\/www.aps-eb.de\/pl\/wp-json\/wp\/v2\/media\/3517"}],"wp:attachment":[{"href":"https:\/\/www.aps-eb.de\/pl\/wp-json\/wp\/v2\/media?parent=3468"}],"wp:term":[{"taxonomy":"product_brand","embeddable":true,"href":"https:\/\/www.aps-eb.de\/pl\/wp-json\/wp\/v2\/product_brand?post=3468"},{"taxonomy":"product_cat","embeddable":true,"href":"https:\/\/www.aps-eb.de\/pl\/wp-json\/wp\/v2\/product_cat?post=3468"},{"taxonomy":"product_tag","embeddable":true,"href":"https:\/\/www.aps-eb.de\/pl\/wp-json\/wp\/v2\/product_tag?post=3468"}],"curies":[{"name":"wp","href":"https:\/\/api.w.org\/{rel}","templated":true}]}}