{"id":3639,"date":"2025-11-01T16:19:36","date_gmt":"2025-11-01T16:19:36","guid":{"rendered":"https:\/\/aps-eb.de\/?post_type=product&#038;p=3639"},"modified":"2026-01-01T19:25:04","modified_gmt":"2026-01-01T19:25:04","slug":"boxershort-spitfire","status":"publish","type":"product","link":"https:\/\/www.aps-eb.de\/pl\/categorie\/boxershort-spitfire\/","title":{"rendered":"Bokserki \u201eSpitfire\u201d"},"content":{"rendered":"<h1>Bokserki \u201eSpitfire\u201d<\/h1>\n<div>Opis:<\/div>\n<div>\n<p><big>Wysokiej jako\u015bci bokserki o perfekcyjnym dopasowaniu. Bokser pasuje jak r\u0119kawica i jest w \u015brednio-wysokim modelu z d\u0142ugimi nogami. Bokserki maj\u0105 mi\u0119kk\u0105, elastyczn\u0105 tali\u0119 z tekstem i logo.<\/big><\/p>\n<p><big>Obraz w lewym g\u00f3rnym rogu przedstawia brytyjski samolot wojenny Spitfire, kt\u00f3ry by\u0142 u\u017cywany przez aliant\u00f3w podczas ca\u0142ej II wojny \u015bwiatowej.<\/big><\/p>\n<p><big>Bokserki s\u0105 w modnym opakowaniu i s\u0105 idealne do rozdawania!<\/big><\/p>\n<p><strong><big>Charakterystyka:<\/big><\/strong><\/p>\n<ul>\n<li><big>\u2013 Elastyczny pas z logo<\/big><\/li>\n<li><big>\u2013 Lewa noga przedstawia samolot my\u015bliwski Spitfire<\/big><\/li>\n<li><big>\u2013 Odzie\u017c Fostex niezb\u0119dna na co dzie\u0144<\/big><\/li>\n<\/ul>\n<\/div>","protected":false},"excerpt":{"rendered":"<h1>Bokserki \u201eSpitfire\u201d<\/h1>","protected":false},"featured_media":3645,"comment_status":"open","ping_status":"closed","template":"","meta":{"_rtcl_gb_attr":"","ngg_post_thumbnail":0},"product_brand":[],"product_cat":[430],"product_tag":[336,429,85],"class_list":{"0":"post-3639","1":"product","2":"type-product","3":"status-publish","4":"has-post-thumbnail","6":"product_cat-geschenkideen","7":"product_tag-fostex-garments","8":"product_tag-unterwaesche","9":"product_tag-us-army","11":"first","12":"instock","13":"taxable","14":"shipping-taxable","15":"purchasable","16":"product-type-variable","17":"has-default-attributes"},"bundled_by":[],"bundle_stock_status":"instock","bundle_stock_quantity":10,"bundle_virtual":false,"bundle_layout":"","bundle_add_to_cart_form_location":"","bundle_editable_in_cart":false,"bundle_sold_individually_context":"","bundle_item_grouping":"","bundle_min_size":"","bundle_max_size":"","bundle_price":[],"bundled_items":[],"bundle_sell_ids":[],"jetpack_sharing_enabled":true,"_links":{"self":[{"href":"https:\/\/www.aps-eb.de\/pl\/wp-json\/wp\/v2\/product\/3639","targetHints":{"allow":["GET"]}}],"collection":[{"href":"https:\/\/www.aps-eb.de\/pl\/wp-json\/wp\/v2\/product"}],"about":[{"href":"https:\/\/www.aps-eb.de\/pl\/wp-json\/wp\/v2\/types\/product"}],"replies":[{"embeddable":true,"href":"https:\/\/www.aps-eb.de\/pl\/wp-json\/wp\/v2\/comments?post=3639"}],"wp:featuredmedia":[{"embeddable":true,"href":"https:\/\/www.aps-eb.de\/pl\/wp-json\/wp\/v2\/media\/3645"}],"wp:attachment":[{"href":"https:\/\/www.aps-eb.de\/pl\/wp-json\/wp\/v2\/media?parent=3639"}],"wp:term":[{"taxonomy":"product_brand","embeddable":true,"href":"https:\/\/www.aps-eb.de\/pl\/wp-json\/wp\/v2\/product_brand?post=3639"},{"taxonomy":"product_cat","embeddable":true,"href":"https:\/\/www.aps-eb.de\/pl\/wp-json\/wp\/v2\/product_cat?post=3639"},{"taxonomy":"product_tag","embeddable":true,"href":"https:\/\/www.aps-eb.de\/pl\/wp-json\/wp\/v2\/product_tag?post=3639"}],"curies":[{"name":"wp","href":"https:\/\/api.w.org\/{rel}","templated":true}]}}