{"id":3656,"date":"2025-11-02T09:01:15","date_gmt":"2025-11-02T09:01:15","guid":{"rendered":"https:\/\/aps-eb.de\/?post_type=product&#038;p=3656"},"modified":"2026-01-01T19:24:25","modified_gmt":"2026-01-01T19:24:25","slug":"air-force-pilotenrucksack-06","status":"publish","type":"product","link":"https:\/\/www.aps-eb.de\/pl\/categorie\/air-force-pilotenrucksack-06\/","title":{"rendered":"Plecak pilota Si\u0142 Powietrznych 06"},"content":{"rendered":"<h4 id=\"tw-target-text\" class=\"tw-data-text tw-text-large tw-ta\" dir=\"ltr\" data-placeholder=\"Translation\">Plecak pilota Si\u0142 Powietrznych 06<\/h4>\n<ul>\n<li><span style=\"color: #000000; font-family: Arial; font-size: small;\">Skontrastowane szwy<\/span><\/li>\n<li><span style=\"color: #000000; font-family: Arial; font-size: small;\">Zapinana na zamek kiesze\u0144 na zewn\u0105trz<\/span><\/li>\n<li><span style=\"color: #000000; font-family: Arial; font-size: small;\">Na zewn\u0105trz otwarta kiesze\u0144 z metalowym szybkoz\u0142\u0105czem<\/span><\/li>\n<li><span style=\"color: #000000; font-family: Arial; font-size: small;\">Boczna kiesze\u0144 z zamkiem b\u0142yskawicznym<\/span><\/li>\n<li><span style=\"color: #000000; font-family: Arial; font-size: small;\">Komora g\u0142\u00f3wna z pe\u0142nym zamkiem b\u0142yskawicznym do do\u0142u<\/span><\/li>\n<li><span style=\"color: #000000; font-family: Arial; font-size: small;\">Wewn\u0119trzna kiesze\u0144 z ty\u0142u<\/span><\/li>\n<li><span style=\"color: #000000; font-family: Arial; font-size: small;\">Kr\u00f3tki uchwyt do przenoszenia i regulowane wy\u015bcie\u0142ane paski na rami\u0119<\/span><\/li>\n<li><span style=\"color: #000000; font-family: Arial; font-size: small;\">Materia\u0142 100% nylonu<\/span><\/li>\n<li><span style=\"color: #000000; font-family: Arial; font-size: small;\">Wymiary: (szer. x wys. x g\u0142.) ok. 25 x 16 x 40 cm<\/span><\/li>\n<li><span style=\"color: #000000; font-family: Arial; font-size: small;\">Waga: 0,65 kg<\/span><\/li>\n<\/ul>","protected":false},"excerpt":{"rendered":"<h4 id=\"tw-target-text\" class=\"tw-data-text tw-text-large tw-ta\" dir=\"ltr\" data-placeholder=\"Translation\">Plecak pilota Si\u0142 Powietrznych 06<\/h4>","protected":false},"featured_media":3659,"comment_status":"open","ping_status":"closed","template":"","meta":{"_rtcl_gb_attr":"","ngg_post_thumbnail":0},"product_brand":[],"product_cat":[330],"product_tag":[134,133,132,85],"class_list":{"0":"post-3656","1":"product","2":"type-product","3":"status-publish","4":"has-post-thumbnail","6":"product_cat-taschen-backpacks","7":"product_tag-kartentasche","8":"product_tag-pilotentasche","9":"product_tag-tragetasche","10":"product_tag-us-army","11":"pa_farbe-olive","12":"pa_farbe-schwarz","14":"first","15":"instock","16":"taxable","17":"shipping-taxable","18":"purchasable","19":"product-type-variable","20":"has-default-attributes"},"bundled_by":[],"bundle_stock_status":"instock","bundle_stock_quantity":10,"bundle_virtual":false,"bundle_layout":"","bundle_add_to_cart_form_location":"","bundle_editable_in_cart":false,"bundle_sold_individually_context":"","bundle_item_grouping":"","bundle_min_size":"","bundle_max_size":"","bundle_price":[],"bundled_items":[],"bundle_sell_ids":[],"jetpack_sharing_enabled":true,"_links":{"self":[{"href":"https:\/\/www.aps-eb.de\/pl\/wp-json\/wp\/v2\/product\/3656","targetHints":{"allow":["GET"]}}],"collection":[{"href":"https:\/\/www.aps-eb.de\/pl\/wp-json\/wp\/v2\/product"}],"about":[{"href":"https:\/\/www.aps-eb.de\/pl\/wp-json\/wp\/v2\/types\/product"}],"replies":[{"embeddable":true,"href":"https:\/\/www.aps-eb.de\/pl\/wp-json\/wp\/v2\/comments?post=3656"}],"wp:featuredmedia":[{"embeddable":true,"href":"https:\/\/www.aps-eb.de\/pl\/wp-json\/wp\/v2\/media\/3659"}],"wp:attachment":[{"href":"https:\/\/www.aps-eb.de\/pl\/wp-json\/wp\/v2\/media?parent=3656"}],"wp:term":[{"taxonomy":"product_brand","embeddable":true,"href":"https:\/\/www.aps-eb.de\/pl\/wp-json\/wp\/v2\/product_brand?post=3656"},{"taxonomy":"product_cat","embeddable":true,"href":"https:\/\/www.aps-eb.de\/pl\/wp-json\/wp\/v2\/product_cat?post=3656"},{"taxonomy":"product_tag","embeddable":true,"href":"https:\/\/www.aps-eb.de\/pl\/wp-json\/wp\/v2\/product_tag?post=3656"}],"curies":[{"name":"wp","href":"https:\/\/api.w.org\/{rel}","templated":true}]}}