{"id":453,"date":"2023-05-12T16:30:38","date_gmt":"2023-05-12T16:30:38","guid":{"rendered":"https:\/\/aps-eb.de\/?post_type=product&#038;p=453"},"modified":"2025-11-17T08:57:21","modified_gmt":"2025-11-17T08:57:21","slug":"nomex-flight-suit-black","status":"publish","type":"product","link":"https:\/\/www.aps-eb.de\/pl\/categorie\/nomex-flight-suit-black\/","title":{"rendered":"Kombinezon Nomex\u00ae Flight Suit - czarny"},"content":{"rendered":"<h4>Kolor: Czarny - NOWO\u015a\u0106<\/h4>\n<ul>\n<li>Sk\u0142ada si\u0119 z Nomex\u00ae, ognioodpornego, nietopliwego materia\u0142u<\/li>\n<li>92 % Metaaramid \/ 5 % Paraaramid \/ 3 % w\u0142\u00f3kna przewodz\u0105ce<\/li>\n<li>Szyte wed\u0142ug specyfikacji wojskowej YACL-WP PD 99-01 R<\/li>\n<li>Ci\u0105gle przycinane szwy dla wi\u0119kszej trwa\u0142o\u015bci<\/li>\n<li>2-dro\u017cny zamek b\u0142yskawiczny z przodu<\/li>\n<li>Wzmocnione ramiona zapobiegaj\u0105ce zu\u017cyciu<\/li>\n<li>Bi-swing back poprawia swobod\u0119 ruch\u00f3w, wzmocnione ramiona, aby zapobiec zu\u017cyciu<\/li>\n<li>Regulowany pas biodrowy z zapi\u0119ciem na rzep<\/li>\n<li>Sze\u015b\u0107 g\u0142\u00f3wnych kieszeni z dodatkowymi kieszeniami na akcesoria<\/li>\n<li>Regulowany rzep na mankietach<\/li>\n<li>Zamkni\u0119te otwory na nogi<\/li>\n<\/ul>\n<p>Ten oryginalny pakiet lotniczy z trudnopalnej, nietopliwej tkaniny aramidowej Nomex\u00ae jest zbudowany zgodnie ze specyfikacjami wojskowymi noszonymi przez wszystkie za\u0142ogi lotnicze w USA.<\/p>","protected":false},"excerpt":{"rendered":"<p>Kombinezon Nomex\u00ae Flight Suit - czarny<\/p>","protected":false},"featured_media":340,"comment_status":"open","ping_status":"closed","template":"","meta":{"_rtcl_gb_attr":"","ngg_post_thumbnail":0},"product_brand":[],"product_cat":[328],"product_tag":[83,158,157,85],"class_list":{"0":"post-453","1":"product","2":"type-product","3":"status-publish","4":"has-post-thumbnail","6":"product_cat-fliegerkombis","7":"product_tag-fliegerkombi","8":"product_tag-flight-suit","9":"product_tag-nomex","10":"product_tag-us-army","12":"first","13":"instock","14":"taxable","15":"shipping-taxable","16":"purchasable","17":"product-type-variable","18":"has-default-attributes"},"bundled_by":[],"bundle_stock_status":"instock","bundle_stock_quantity":10,"bundle_virtual":false,"bundle_layout":"","bundle_add_to_cart_form_location":"","bundle_editable_in_cart":false,"bundle_sold_individually_context":"","bundle_item_grouping":"","bundle_min_size":"","bundle_max_size":"","bundle_price":[],"bundled_items":[],"bundle_sell_ids":[],"jetpack_sharing_enabled":true,"_links":{"self":[{"href":"https:\/\/www.aps-eb.de\/pl\/wp-json\/wp\/v2\/product\/453","targetHints":{"allow":["GET"]}}],"collection":[{"href":"https:\/\/www.aps-eb.de\/pl\/wp-json\/wp\/v2\/product"}],"about":[{"href":"https:\/\/www.aps-eb.de\/pl\/wp-json\/wp\/v2\/types\/product"}],"replies":[{"embeddable":true,"href":"https:\/\/www.aps-eb.de\/pl\/wp-json\/wp\/v2\/comments?post=453"}],"wp:featuredmedia":[{"embeddable":true,"href":"https:\/\/www.aps-eb.de\/pl\/wp-json\/wp\/v2\/media\/340"}],"wp:attachment":[{"href":"https:\/\/www.aps-eb.de\/pl\/wp-json\/wp\/v2\/media?parent=453"}],"wp:term":[{"taxonomy":"product_brand","embeddable":true,"href":"https:\/\/www.aps-eb.de\/pl\/wp-json\/wp\/v2\/product_brand?post=453"},{"taxonomy":"product_cat","embeddable":true,"href":"https:\/\/www.aps-eb.de\/pl\/wp-json\/wp\/v2\/product_cat?post=453"},{"taxonomy":"product_tag","embeddable":true,"href":"https:\/\/www.aps-eb.de\/pl\/wp-json\/wp\/v2\/product_tag?post=453"}],"curies":[{"name":"wp","href":"https:\/\/api.w.org\/{rel}","templated":true}]}}