{"id":665,"date":"2023-06-01T08:56:39","date_gmt":"2023-06-01T08:56:39","guid":{"rendered":"https:\/\/aps-eb.de\/?post_type=product&#038;p=665"},"modified":"2026-03-24T12:42:51","modified_gmt":"2026-03-24T12:42:51","slug":"propper-series-100-8-waterproof-boot-herren-serie-100-wasserdichte-stiefel-203-cm","status":"publish","type":"product","link":"https:\/\/www.aps-eb.de\/pl\/categorie\/propper-series-100-8-waterproof-boot-herren-serie-100-wasserdichte-stiefel-203-cm\/","title":{"rendered":"Propper Series 100\u2122 ORIGINAL US-KAMPFSTIEFEL US-ARMEE US-EINSATZSTIEFEL &#8211; wasserdicht"},"content":{"rendered":"<h4>Propper Series 100\u2122 ORIGINAL US-KAMPFSTIEFEL US-ARMEE US-EINSATZSTIEFEL &#8211; wasserdicht<\/h4>\n<p>Wk\u0142adki PREMIUM MEMORY FOAM zapewniaj\u0105 optymalny komfort noszenia przez ca\u0142y dzie\u0144, a do\u0142\u0105czone BEZP\u0141ATNE zmywalne i zdejmowane wk\u0142adki do dopasowania dodaj\u0105 dodatkowej amortyzacji i kszta\u0142tu stopom, aby podtrzyma\u0107 \u0142uk i roz\u0142o\u017cy\u0107 ci\u0119\u017car. Buty Propper Series 100 Coyote s\u0105 zgodne z AR-670 i s\u0105 oparte na prawdziwych rozmiarach ameryka\u0144skich. Konstrukcja \u0142uku jest odporna na zu\u017cycie ze wzgl\u0119du na drabiny i szybkie zjazdy. Szybki system sznurowania pozwala na szybkie ubieranie i rozbieranie. Przeciwdrobnoustrojowa podszewka promuje oddychalno\u015b\u0107 i blokuje bakterie wywo\u0142uj\u0105ce zapach, aby zwi\u0119kszy\u0107 \u015bwie\u017co\u015b\u0107 i przed\u0142u\u017cy\u0107 \u017cywotno\u015b\u0107 but\u00f3w. Wysokiej jako\u015bci materia\u0142y wykonane ze sk\u00f3ry bydl\u0119cej i nylonu wytrzymuj\u0105 z czasem i utrzymuj\u0105 Ci\u0119 w ruchu.<\/p>\n<ul>\n<li>Wk\u0142adka piankowa Premium Memory<\/li>\n<li>Zaprojektowany w prawdziwych rozmiarach ameryka\u0144skich dla doskona\u0142ego dopasowania z doskona\u0142ym rozk\u0142adem masy dla komfortu przez ca\u0142y dzie\u0144<\/li>\n<li>Cholewka wykonana ze sk\u00f3ry bydl\u0119cej wg AR 670-1 i 1000D nylon<\/li>\n<li>Odporny na tarcie system szybkiego sznurowania z sznurowaniem 550 paracord<\/li>\n<li>Konstrukcja \u0142uku jest odporna na zu\u017cycie dzi\u0119ki drabinom i szybkiemu zsuwaniu si\u0119<\/li>\n<li>Pianka z siatk\u0105 powietrzn\u0105 o otwartych kom\u00f3rkach zapewnia pe\u0142n\u0105 cyrkulacj\u0119 powietrza stopy i maksymalny komfort<\/li>\n<li>Oddychaj\u0105ca podszewka odprowadza wilgo\u0107 i reguluje temperatur\u0119, potraktowana Aegis\u00ae, aby zapobiec nieprzyjemnym zapachom<\/li>\n<li>Podeszwa zewn\u0119trzna z gumy olejowej i antypo\u015blizgowej zapewnia doskona\u0142\u0105 przyczepno\u015b\u0107 i amortyzacj\u0119 wstrz\u0105s\u00f3w<\/li>\n<li>Przetestowane i zatwierdzone przez cz\u0142onk\u00f3w NATO<\/li>\n<li>BEZP\u0141ATNE opcjonalne wk\u0142adki dopasowuj\u0105ce w zestawie<\/li>\n<li>Przywo\u017cone<\/li>\n<\/ul>\n<p>Buty Propper\u00ae zosta\u0142y zaprojektowane z my\u015bl\u0105 o d\u0142ugotrwa\u0142ym komforcie i trwa\u0142o\u015bci. Wszystkie nasze buty s\u0105 oparte na prawdziwych ameryka\u0144skich rozmiarach, aby zapewni\u0107 idealne dopasowanie. Sk\u00f3r\u0119 i nylonow\u0105 cholewk\u0119 1000D mo\u017cna dokr\u0119ci\u0107 szybkim i \u0142atwym systemem szybkiego sznurowania. Nasz gumowy fundament o potr\u00f3jnej g\u0119sto\u015bci i trwa\u0142y \u0142uk mieszany wytrzymuj\u0105 rygory szybkiego \u015bledzenia. Seria 100\u00ae oferuje doskona\u0142y stosunek ceny do wydajno\u015bci obuwia.<\/p>\n<p><b>Uwaga:<\/b>&nbsp;M = szeroko\u015b\u0107 regularna ?? W = szeroko\u015b\u0107 szeroka<\/p>","protected":false},"excerpt":{"rendered":"<h4>Propper Series 100\u2122 ORIGINAL US-KAMPFSTIEFEL US-ARMEE US-EINSATZSTIEFEL &#8211; wasserdicht<\/h4>\n<p>Wk\u0142adki PREMIUM MEMORY FOAM zapewniaj\u0105 optymalny komfort noszenia przez ca\u0142y dzie\u0144, a do\u0142\u0105czone BEZP\u0141ATNE zmywalne i zdejmowane wk\u0142adki do dopasowania dodaj\u0105 dodatkowej amortyzacji i kszta\u0142tu stopom, aby podtrzyma\u0107 \u0142uk i roz\u0142o\u017cy\u0107 ci\u0119\u017car. Buty Propper Series 100 Coyote s\u0105 zgodne z AR-670 i s\u0105 oparte na prawdziwych rozmiarach ameryka\u0144skich. Konstrukcja \u0142uku jest odporna na zu\u017cycie ze wzgl\u0119du na drabiny i szybkie zjazdy. Szybki system sznurowania pozwala na szybkie ubieranie i rozbieranie. Przeciwdrobnoustrojowa podszewka promuje oddychalno\u015b\u0107 i blokuje bakterie wywo\u0142uj\u0105ce zapach, aby zwi\u0119kszy\u0107 \u015bwie\u017co\u015b\u0107 i przed\u0142u\u017cy\u0107 \u017cywotno\u015b\u0107 but\u00f3w. Wysokiej jako\u015bci materia\u0142y wykonane ze sk\u00f3ry bydl\u0119cej i nylonu wytrzymuj\u0105 z czasem i utrzymuj\u0105 Ci\u0119 w ruchu.<\/p>","protected":false},"featured_media":1134,"comment_status":"open","ping_status":"closed","template":"","meta":{"_rtcl_gb_attr":"","ngg_post_thumbnail":0},"product_brand":[],"product_cat":[333],"product_tag":[154,147,155,85,153],"class_list":{"0":"post-665","1":"product","2":"type-product","3":"status-publish","4":"has-post-thumbnail","6":"product_cat-schuhe","7":"product_tag-kampfstiefel","8":"product_tag-propper","9":"product_tag-springerstiefel","10":"product_tag-us-army","11":"product_tag-us-boots","13":"first","14":"instock","15":"taxable","16":"shipping-taxable","17":"purchasable","18":"product-type-variable"},"bundled_by":[],"bundle_stock_status":"instock","bundle_stock_quantity":10,"bundle_virtual":false,"bundle_layout":"","bundle_add_to_cart_form_location":"","bundle_editable_in_cart":false,"bundle_sold_individually_context":"","bundle_item_grouping":"","bundle_min_size":"","bundle_max_size":"","bundle_price":[],"bundled_items":[],"bundle_sell_ids":[],"jetpack_sharing_enabled":true,"_links":{"self":[{"href":"https:\/\/www.aps-eb.de\/pl\/wp-json\/wp\/v2\/product\/665","targetHints":{"allow":["GET"]}}],"collection":[{"href":"https:\/\/www.aps-eb.de\/pl\/wp-json\/wp\/v2\/product"}],"about":[{"href":"https:\/\/www.aps-eb.de\/pl\/wp-json\/wp\/v2\/types\/product"}],"replies":[{"embeddable":true,"href":"https:\/\/www.aps-eb.de\/pl\/wp-json\/wp\/v2\/comments?post=665"}],"wp:featuredmedia":[{"embeddable":true,"href":"https:\/\/www.aps-eb.de\/pl\/wp-json\/wp\/v2\/media\/1134"}],"wp:attachment":[{"href":"https:\/\/www.aps-eb.de\/pl\/wp-json\/wp\/v2\/media?parent=665"}],"wp:term":[{"taxonomy":"product_brand","embeddable":true,"href":"https:\/\/www.aps-eb.de\/pl\/wp-json\/wp\/v2\/product_brand?post=665"},{"taxonomy":"product_cat","embeddable":true,"href":"https:\/\/www.aps-eb.de\/pl\/wp-json\/wp\/v2\/product_cat?post=665"},{"taxonomy":"product_tag","embeddable":true,"href":"https:\/\/www.aps-eb.de\/pl\/wp-json\/wp\/v2\/product_tag?post=665"}],"curies":[{"name":"wp","href":"https:\/\/api.w.org\/{rel}","templated":true}]}}