{"id":6894,"date":"2025-11-20T10:28:53","date_gmt":"2025-11-20T10:28:53","guid":{"rendered":"https:\/\/www.aps-eb.de\/?post_type=product&#038;p=6894"},"modified":"2025-12-08T15:44:14","modified_gmt":"2025-12-08T15:44:14","slug":"beringer-wheel-rad-ra-001","status":"publish","type":"product","link":"https:\/\/www.aps-eb.de\/pl\/categorie\/beringer-wheel-rad-ra-001\/","title":{"rendered":"Beringer Wheel &#8211; Rad RA-001 &#8211; 5.00-4\u00b4\u00b4"},"content":{"rendered":"<h2>Beringer Wheel &#8211; Rad RA-001 &#8211; 5.00-4\u00b4\u00b4<\/h2>\n<div id=\"tw-container\" class=\"nev7se\" data-cp=\"1\" data-nnttsvi=\"1\" data-sletp=\"false\" data-sm=\"1\" data-ssbp=\"false\" data-sugg-time=\"500\" data-sugg-url=\"https:\/\/clients1.google.com\/complete\/search\" data-uilc=\"de\" data-vil=\",af,af-ZA,am,am-ET,ar-EG,ar-AE,ar-KW,ar-QA,ar,ar-IL,ar-JO,ar-LB,ar-PS,az,az-AZ,bg,bg-BG,bn,bn-BD,bn-IN,ca,ca-es,cs,cs-CZ,de,de-DE,de-CH,de-AT,de-LI,en,en-US,en-CA,en-AU,en-NZ,en-GB,en-IN,en-KE,en-TZ,en-NG,en-GH,en-PH,en-ZA,es,es-ES,es-AR,es-UY,es-419,es-BO,es-CL,es-CR,es-CO,es-DO,es-EC,es-GT,es-HN,es-NI,es-PA,es-PE,es-PR,es-PY,es-SV,es-VE,es-MX,es-US,eu,eu-ES,fi,fi-FI,fr,fr-FR,fr-CH,fr-BE,gl,gl-ES,gu,gu-IN,he,he-IL,iw,iw-IL,hu,hu-HU,hy,hy-AM,id,id-ID,is,is-IS,it,it-IT,it-CH,ja,ja-JP,jv,jv-ID,ka,ka-GE,km,km-KH,kn,kn-IN,ko,ko-KR,la,lo,lo-LA,lv,lv-LV,ml,ml-IN,mr,mr-IN,ms,ms-MY,nl,nl-NL,nb,nb-NO,ne,ne-NP,pl,pl-PL,pt,pt-BR,pt-PT,ro,ro-RO,ru,ru-RU,si-LK,sk,sk-SK,sr,sr-RS,su,su-ID,sv,sv-SE,sw,sw-TZ,sw-KE,ta,ta-IN,ta-SG,ta-LK,ta-MY,te,te-IN,tr,tr-TR,ur,ur-PK,ur-IN,yue,yue-HK,yue-Hant-HK,zh-HK,zh,zh-CN,zh-cmn,zh-cmn-CN,zh-Hans,zh-Hans-CN,zh-cmn-Hans,zh-cmn-Hans-CN,cmn-CN,cmn-Hans,cmn-Hans-CN,zh-TW,zh-Hant-TW,cmn-TW,cmn-Hant-TW,zh-cmn-TW,zh-cmn-Hant-TW,zu,zu-ZA,hi,hi-IN,tl,tl-PH,pa,pa-IN\">\n<div id=\"tw-ob\" class=\"tw-src-ltr\">\n<div class=\"oSioSc\">\n<div id=\"tw-target\">\n<div id=\"kAz1tf\" class=\"g9WsWb PZPZlf\" data-attrid=\"tw-targetArea\" data-entityname=\"Google Translate\">\n<div id=\"tw-target-text-container\" class=\"tw-ta-container tw-nfl\" tabindex=\"0\" role=\"text\">\n<h5 id=\"tw-target-text\" class=\"tw-data-text tw-text-large tw-ta\" dir=\"ltr\" tabindex=\"-1\" role=\"text\" data-placeholder=\"\u00dcbersetzung\" data-ved=\"2ahUKEwjcocms47yQAxW92wIHHfGDA4QQ3ewLegQICxAV\" aria-label=\"Przet\u0142umaczony tekst: Og\u00f3lne dane techniczne: Ko\u0142o w dw\u00f3ch po\u0142\u00f3wkach Wykonane z aluminium o wysokiej wytrzyma\u0142o\u015bci, frezowane z anodowania siarki sta\u0142ej Tubeless dla wi\u0119kszego bezpiecze\u0144stwa (O-ring i sztywny zaw\u00f3r) \u0141o\u017cyska wodoodporne \u2192 nie jest wymagane przepakowanie (opcjonalnie dost\u0119pna stal nierdzewna) Opatentowane zaciski hamulcowe, Aerotec z t\u0142okami ze stali nierdzewnej Spiekane metalowe klocki hamulcowe, zamontowane na p\u0142ycie no\u015bnej P\u0142ywaj\u0105ca tarcza hamulcowa Osie stalowe lub aluminiowe Opony bezd\u0119tkowe \u0141o\u017cyska ze stali nierdzewnej opcjonalnie\"><span class=\"Y2IQFc\" lang=\"de\">Og\u00f3lne dane techniczne:<\/span><\/h5>\n<ul>\n<li class=\"tw-data-text tw-text-large tw-ta\" dir=\"ltr\" tabindex=\"-1\" role=\"text\" data-placeholder=\"\u00dcbersetzung\" data-ved=\"2ahUKEwjcocms47yQAxW92wIHHfGDA4QQ3ewLegQICxAV\" aria-label=\"Przet\u0142umaczony tekst: Og\u00f3lne dane techniczne: Ko\u0142o w dw\u00f3ch po\u0142\u00f3wkach Wykonane z aluminium o wysokiej wytrzyma\u0142o\u015bci, frezowane z anodowania siarki sta\u0142ej Tubeless dla wi\u0119kszego bezpiecze\u0144stwa (O-ring i sztywny zaw\u00f3r) \u0141o\u017cyska wodoodporne \u2192 nie jest wymagane przepakowanie (opcjonalnie dost\u0119pna stal nierdzewna) Opatentowane zaciski hamulcowe, Aerotec z t\u0142okami ze stali nierdzewnej Spiekane metalowe klocki hamulcowe, zamontowane na p\u0142ycie no\u015bnej P\u0142ywaj\u0105ca tarcza hamulcowa Osie stalowe lub aluminiowe Opony bezd\u0119tkowe \u0141o\u017cyska ze stali nierdzewnej opcjonalnie\"><span class=\"Y2IQFc\" lang=\"de\">Ko\u0142o w dw\u00f3ch po\u0142\u00f3wkach <\/span><\/li>\n<li class=\"tw-data-text tw-text-large tw-ta\" dir=\"ltr\" tabindex=\"-1\" role=\"text\" data-placeholder=\"\u00dcbersetzung\" data-ved=\"2ahUKEwjcocms47yQAxW92wIHHfGDA4QQ3ewLegQICxAV\" aria-label=\"Przet\u0142umaczony tekst: Og\u00f3lne dane techniczne: Ko\u0142o w dw\u00f3ch po\u0142\u00f3wkach Wykonane z aluminium o wysokiej wytrzyma\u0142o\u015bci, frezowane z anodowania siarki sta\u0142ej Tubeless dla wi\u0119kszego bezpiecze\u0144stwa (O-ring i sztywny zaw\u00f3r) \u0141o\u017cyska wodoodporne \u2192 nie jest wymagane przepakowanie (opcjonalnie dost\u0119pna stal nierdzewna) Opatentowane zaciski hamulcowe, Aerotec z t\u0142okami ze stali nierdzewnej Spiekane metalowe klocki hamulcowe, zamontowane na p\u0142ycie no\u015bnej P\u0142ywaj\u0105ca tarcza hamulcowa Osie stalowe lub aluminiowe Opony bezd\u0119tkowe \u0141o\u017cyska ze stali nierdzewnej opcjonalnie\"><span class=\"Y2IQFc\" lang=\"de\">Wykonane z aluminium o wysokiej wytrzyma\u0142o\u015bci, frezowane z litego<\/span><\/li>\n<li class=\"tw-data-text tw-text-large tw-ta\" dir=\"ltr\" tabindex=\"-1\" role=\"text\" data-placeholder=\"\u00dcbersetzung\" data-ved=\"2ahUKEwjcocms47yQAxW92wIHHfGDA4QQ3ewLegQICxAV\" aria-label=\"Przet\u0142umaczony tekst: Og\u00f3lne dane techniczne: Ko\u0142o w dw\u00f3ch po\u0142\u00f3wkach Wykonane z aluminium o wysokiej wytrzyma\u0142o\u015bci, frezowane z anodowania siarki sta\u0142ej Tubeless dla wi\u0119kszego bezpiecze\u0144stwa (O-ring i sztywny zaw\u00f3r) \u0141o\u017cyska wodoodporne \u2192 nie jest wymagane przepakowanie (opcjonalnie dost\u0119pna stal nierdzewna) Opatentowane zaciski hamulcowe, Aerotec z t\u0142okami ze stali nierdzewnej Spiekane metalowe klocki hamulcowe, zamontowane na p\u0142ycie no\u015bnej P\u0142ywaj\u0105ca tarcza hamulcowa Osie stalowe lub aluminiowe Opony bezd\u0119tkowe \u0141o\u017cyska ze stali nierdzewnej opcjonalnie\"><span class=\"Y2IQFc\" lang=\"de\">Anodowana siarka<\/span><\/li>\n<li class=\"tw-data-text tw-text-large tw-ta\" dir=\"ltr\" tabindex=\"-1\" role=\"text\" data-placeholder=\"\u00dcbersetzung\" data-ved=\"2ahUKEwjcocms47yQAxW92wIHHfGDA4QQ3ewLegQICxAV\" aria-label=\"Przet\u0142umaczony tekst: Og\u00f3lne dane techniczne: Ko\u0142o w dw\u00f3ch po\u0142\u00f3wkach Wykonane z aluminium o wysokiej wytrzyma\u0142o\u015bci, frezowane z anodowania siarki sta\u0142ej Tubeless dla wi\u0119kszego bezpiecze\u0144stwa (O-ring i sztywny zaw\u00f3r) \u0141o\u017cyska wodoodporne \u2192 nie jest wymagane przepakowanie (opcjonalnie dost\u0119pna stal nierdzewna) Opatentowane zaciski hamulcowe, Aerotec z t\u0142okami ze stali nierdzewnej Spiekane metalowe klocki hamulcowe, zamontowane na p\u0142ycie no\u015bnej P\u0142ywaj\u0105ca tarcza hamulcowa Osie stalowe lub aluminiowe Opony bezd\u0119tkowe \u0141o\u017cyska ze stali nierdzewnej opcjonalnie\"><span class=\"Y2IQFc\" lang=\"de\">Bez w\u0119\u017ca dla wi\u0119kszego bezpiecze\u0144stwa (O-ring i sztywny zaw\u00f3r)<\/span><\/li>\n<li class=\"tw-data-text tw-text-large tw-ta\" dir=\"ltr\" tabindex=\"-1\" role=\"text\" data-placeholder=\"\u00dcbersetzung\" data-ved=\"2ahUKEwjcocms47yQAxW92wIHHfGDA4QQ3ewLegQICxAV\" aria-label=\"Przet\u0142umaczony tekst: Og\u00f3lne dane techniczne: Ko\u0142o w dw\u00f3ch po\u0142\u00f3wkach Wykonane z aluminium o wysokiej wytrzyma\u0142o\u015bci, frezowane z anodowania siarki sta\u0142ej Tubeless dla wi\u0119kszego bezpiecze\u0144stwa (O-ring i sztywny zaw\u00f3r) \u0141o\u017cyska wodoodporne \u2192 nie jest wymagane przepakowanie (opcjonalnie dost\u0119pna stal nierdzewna) Opatentowane zaciski hamulcowe, Aerotec z t\u0142okami ze stali nierdzewnej Spiekane metalowe klocki hamulcowe, zamontowane na p\u0142ycie no\u015bnej P\u0142ywaj\u0105ca tarcza hamulcowa Osie stalowe lub aluminiowe Opony bezd\u0119tkowe \u0141o\u017cyska ze stali nierdzewnej opcjonalnie\"><span class=\"Y2IQFc\" lang=\"de\">\u0141o\u017cyska wodoodporne \u2192 przepakowanie nie jest wymagane (opcjonalnie dost\u0119pna stal nierdzewna)<\/span><\/li>\n<li class=\"tw-data-text tw-text-large tw-ta\" dir=\"ltr\" tabindex=\"-1\" role=\"text\" data-placeholder=\"\u00dcbersetzung\" data-ved=\"2ahUKEwjcocms47yQAxW92wIHHfGDA4QQ3ewLegQICxAV\" aria-label=\"Przet\u0142umaczony tekst: Og\u00f3lne dane techniczne: Ko\u0142o w dw\u00f3ch po\u0142\u00f3wkach Wykonane z aluminium o wysokiej wytrzyma\u0142o\u015bci, frezowane z anodowania siarki sta\u0142ej Tubeless dla wi\u0119kszego bezpiecze\u0144stwa (O-ring i sztywny zaw\u00f3r) \u0141o\u017cyska wodoodporne \u2192 nie jest wymagane przepakowanie (opcjonalnie dost\u0119pna stal nierdzewna) Opatentowane zaciski hamulcowe, Aerotec z t\u0142okami ze stali nierdzewnej Spiekane metalowe klocki hamulcowe, zamontowane na p\u0142ycie no\u015bnej P\u0142ywaj\u0105ca tarcza hamulcowa Osie stalowe lub aluminiowe Opony bezd\u0119tkowe \u0141o\u017cyska ze stali nierdzewnej opcjonalnie\"><span class=\"Y2IQFc\" lang=\"de\">Opatentowane zaciski hamulcowe<\/span><\/li>\n<li class=\"tw-data-text tw-text-large tw-ta\" dir=\"ltr\" tabindex=\"-1\" role=\"text\" data-placeholder=\"\u00dcbersetzung\" data-ved=\"2ahUKEwjcocms47yQAxW92wIHHfGDA4QQ3ewLegQICxAV\" aria-label=\"Przet\u0142umaczony tekst: Og\u00f3lne dane techniczne: Ko\u0142o w dw\u00f3ch po\u0142\u00f3wkach Wykonane z aluminium o wysokiej wytrzyma\u0142o\u015bci, frezowane z anodowania siarki sta\u0142ej Tubeless dla wi\u0119kszego bezpiecze\u0144stwa (O-ring i sztywny zaw\u00f3r) \u0141o\u017cyska wodoodporne \u2192 nie jest wymagane przepakowanie (opcjonalnie dost\u0119pna stal nierdzewna) Opatentowane zaciski hamulcowe, Aerotec z t\u0142okami ze stali nierdzewnej Spiekane metalowe klocki hamulcowe, zamontowane na p\u0142ycie no\u015bnej P\u0142ywaj\u0105ca tarcza hamulcowa Osie stalowe lub aluminiowe Opony bezd\u0119tkowe \u0141o\u017cyska ze stali nierdzewnej opcjonalnie\"><span class=\"Y2IQFc\" lang=\"de\">Aerotec z t\u0142okiem ze stali nierdzewnej<\/span><\/li>\n<li class=\"tw-data-text tw-text-large tw-ta\" dir=\"ltr\" tabindex=\"-1\" role=\"text\" data-placeholder=\"\u00dcbersetzung\" data-ved=\"2ahUKEwjcocms47yQAxW92wIHHfGDA4QQ3ewLegQICxAV\" aria-label=\"Przet\u0142umaczony tekst: Og\u00f3lne dane techniczne: Ko\u0142o w dw\u00f3ch po\u0142\u00f3wkach Wykonane z aluminium o wysokiej wytrzyma\u0142o\u015bci, frezowane z anodowania siarki sta\u0142ej Tubeless dla wi\u0119kszego bezpiecze\u0144stwa (O-ring i sztywny zaw\u00f3r) \u0141o\u017cyska wodoodporne \u2192 nie jest wymagane przepakowanie (opcjonalnie dost\u0119pna stal nierdzewna) Opatentowane zaciski hamulcowe, Aerotec z t\u0142okami ze stali nierdzewnej Spiekane metalowe klocki hamulcowe, zamontowane na p\u0142ycie no\u015bnej P\u0142ywaj\u0105ca tarcza hamulcowa Osie stalowe lub aluminiowe Opony bezd\u0119tkowe \u0141o\u017cyska ze stali nierdzewnej opcjonalnie\"><span class=\"Y2IQFc\" lang=\"de\">Spiekane metalowe klocki hamulcowe, przymocowane do p\u0142yty no\u015bnej<\/span><\/li>\n<li class=\"tw-data-text tw-text-large tw-ta\" dir=\"ltr\" tabindex=\"-1\" role=\"text\" data-placeholder=\"\u00dcbersetzung\" data-ved=\"2ahUKEwjcocms47yQAxW92wIHHfGDA4QQ3ewLegQICxAV\" aria-label=\"Przet\u0142umaczony tekst: Og\u00f3lne dane techniczne: Ko\u0142o w dw\u00f3ch po\u0142\u00f3wkach Wykonane z aluminium o wysokiej wytrzyma\u0142o\u015bci, frezowane z anodowania siarki sta\u0142ej Tubeless dla wi\u0119kszego bezpiecze\u0144stwa (O-ring i sztywny zaw\u00f3r) \u0141o\u017cyska wodoodporne \u2192 nie jest wymagane przepakowanie (opcjonalnie dost\u0119pna stal nierdzewna) Opatentowane zaciski hamulcowe, Aerotec z t\u0142okami ze stali nierdzewnej Spiekane metalowe klocki hamulcowe, zamontowane na p\u0142ycie no\u015bnej P\u0142ywaj\u0105ca tarcza hamulcowa Osie stalowe lub aluminiowe Opony bezd\u0119tkowe \u0141o\u017cyska ze stali nierdzewnej opcjonalnie\"><span class=\"Y2IQFc\" lang=\"de\">P\u0142ywaj\u0105ca tarcza hamulcowa<\/span><\/li>\n<li class=\"tw-data-text tw-text-large tw-ta\" dir=\"ltr\" tabindex=\"-1\" role=\"text\" data-placeholder=\"\u00dcbersetzung\" data-ved=\"2ahUKEwjcocms47yQAxW92wIHHfGDA4QQ3ewLegQICxAV\" aria-label=\"Przet\u0142umaczony tekst: Og\u00f3lne dane techniczne: Ko\u0142o w dw\u00f3ch po\u0142\u00f3wkach Wykonane z aluminium o wysokiej wytrzyma\u0142o\u015bci, frezowane z anodowania siarki sta\u0142ej Tubeless dla wi\u0119kszego bezpiecze\u0144stwa (O-ring i sztywny zaw\u00f3r) \u0141o\u017cyska wodoodporne \u2192 nie jest wymagane przepakowanie (opcjonalnie dost\u0119pna stal nierdzewna) Opatentowane zaciski hamulcowe, Aerotec z t\u0142okami ze stali nierdzewnej Spiekane metalowe klocki hamulcowe, zamontowane na p\u0142ycie no\u015bnej P\u0142ywaj\u0105ca tarcza hamulcowa Osie stalowe lub aluminiowe Opony bezd\u0119tkowe \u0141o\u017cyska ze stali nierdzewnej opcjonalnie\"><span class=\"Y2IQFc\" lang=\"de\">Osie stalowe lub aluminiowe<\/span><\/li>\n<li class=\"tw-data-text tw-text-large tw-ta\" dir=\"ltr\" tabindex=\"-1\" role=\"text\" data-placeholder=\"\u00dcbersetzung\" data-ved=\"2ahUKEwjcocms47yQAxW92wIHHfGDA4QQ3ewLegQICxAV\" aria-label=\"Przet\u0142umaczony tekst: Og\u00f3lne dane techniczne: Ko\u0142o w dw\u00f3ch po\u0142\u00f3wkach Wykonane z aluminium o wysokiej wytrzyma\u0142o\u015bci, frezowane z anodowania siarki sta\u0142ej Tubeless dla wi\u0119kszego bezpiecze\u0144stwa (O-ring i sztywny zaw\u00f3r) \u0141o\u017cyska wodoodporne \u2192 nie jest wymagane przepakowanie (opcjonalnie dost\u0119pna stal nierdzewna) Opatentowane zaciski hamulcowe, Aerotec z t\u0142okami ze stali nierdzewnej Spiekane metalowe klocki hamulcowe, zamontowane na p\u0142ycie no\u015bnej P\u0142ywaj\u0105ca tarcza hamulcowa Osie stalowe lub aluminiowe Opony bezd\u0119tkowe \u0141o\u017cyska ze stali nierdzewnej opcjonalnie\"><span class=\"Y2IQFc\" lang=\"de\">Opony bezd\u0119tkowe<\/span><\/li>\n<li class=\"tw-data-text tw-text-large tw-ta\" dir=\"ltr\" tabindex=\"-1\" role=\"text\" data-placeholder=\"\u00dcbersetzung\" data-ved=\"2ahUKEwjcocms47yQAxW92wIHHfGDA4QQ3ewLegQICxAV\" aria-label=\"Przet\u0142umaczony tekst: Og\u00f3lne dane techniczne: Ko\u0142o w dw\u00f3ch po\u0142\u00f3wkach Wykonane z aluminium o wysokiej wytrzyma\u0142o\u015bci, frezowane z anodowania siarki sta\u0142ej Tubeless dla wi\u0119kszego bezpiecze\u0144stwa (O-ring i sztywny zaw\u00f3r) \u0141o\u017cyska wodoodporne \u2192 nie jest wymagane przepakowanie (opcjonalnie dost\u0119pna stal nierdzewna) Opatentowane zaciski hamulcowe, Aerotec z t\u0142okami ze stali nierdzewnej Spiekane metalowe klocki hamulcowe, zamontowane na p\u0142ycie no\u015bnej P\u0142ywaj\u0105ca tarcza hamulcowa Osie stalowe lub aluminiowe Opony bezd\u0119tkowe \u0141o\u017cyska ze stali nierdzewnej opcjonalnie\"><span class=\"Y2IQFc\" lang=\"de\">\u0141o\u017cysko ze stali nierdzewnej opcjonalne<\/span><\/li>\n<\/ul>\n<table style=\"width: 72.0565%;\">\n<tbody>\n<tr>\n<td style=\"width: 15.0438%;\" width=\"42\"><strong>ko\u0142o<\/strong><strong> P\/N<\/strong><\/td>\n<td style=\"width: 1.00503%;\" width=\"43\"><strong>Dimen-<\/strong><strong>sion<\/strong><\/td>\n<td style=\"width: 2.81501%;\" width=\"21\"><strong>\u00f8<\/strong><\/td>\n<td style=\"width: 8.98123%;\" width=\"52\"><strong>Lager (Achse)<\/strong><\/td>\n<td style=\"width: 11.5282%;\" width=\"58\"><strong>Ruhende<\/strong><strong> Belastung lbs (Kg)<\/strong><\/td>\n<td style=\"width: 18.3646%;\" width=\"75\"><strong>Hochgewichtbe-<\/strong><strong>lastung<\/strong><\/p>\n<p><strong>lbs <\/strong><strong>(kg)<\/strong><\/td>\n<td style=\"width: 9.51743%;\" width=\"52\"><strong>ko\u0142o<\/strong><strong> Gewicht<\/strong><strong> lbs (Kg)<\/strong><\/td>\n<td style=\"width: 18.3646%;\" width=\"81\"><strong>P\/N Achse <\/strong><strong>(Gabelmontage)<\/strong><\/td>\n<td style=\"width: 47.319%;\" width=\"79\"><strong>Dimension<\/strong> <strong>Achse<\/strong><\/td>\n<\/tr>\n<tr>\n<td style=\"width: 15.0438%;\" width=\"42\">RA-001<\/p>\n<p>CSTC<\/td>\n<td style=\"width: 1.00503%;\" width=\"43\">5.00-4&#8243;<\/td>\n<td style=\"width: 2.81501%;\" width=\"21\">4&#8243;<\/td>\n<td style=\"width: 8.98123%;\" width=\"52\">\u00f830\u2013\u00f825<\/td>\n<td style=\"width: 11.5282%;\" width=\"58\">1034 (469)<\/td>\n<td style=\"width: 18.3646%;\" width=\"75\">2810 (1274)<\/td>\n<td style=\"width: 9.51743%;\" width=\"52\">2.43 (1.1)<\/td>\n<td style=\"width: 18.3646%;\" width=\"81\">AV-PIL-001<\/td>\n<td style=\"width: 47.319%;\" width=\"79\">X=135 \/ Z=12<\/td>\n<\/tr>\n<\/tbody>\n<\/table>\n<\/div>\n<\/div>\n<\/div>\n<\/div>\n<\/div>\n<\/div>","protected":false},"excerpt":{"rendered":"<h2>Beringer Wheel &#8211; Rad RA-001 &#8211; 5.00-4\u00b4\u00b4<\/h2>","protected":false},"featured_media":6981,"comment_status":"open","ping_status":"closed","template":"","meta":{"_rtcl_gb_attr":"","ngg_post_thumbnail":0},"product_brand":[431],"product_cat":[390],"product_tag":[391,387,122,118,389,386],"class_list":{"0":"post-6894","1":"product","2":"type-product","3":"status-publish","4":"has-post-thumbnail","6":"product_brand-beringer","7":"product_cat-beringer_wheel","8":"product_tag-beringer","9":"product_tag-breakpad","10":"product_tag-bremsbelag","11":"product_tag-bremsscheibe","12":"product_tag-felge","13":"product_tag-rad","15":"first","16":"instock","17":"taxable","18":"shipping-taxable","19":"purchasable","20":"product-type-bundle"},"bundled_by":[],"bundle_stock_status":"instock","bundle_stock_quantity":"","bundle_virtual":false,"bundle_layout":"grid","bundle_add_to_cart_form_location":"default","bundle_editable_in_cart":true,"bundle_sold_individually_context":"product","bundle_item_grouping":"parent","bundle_min_size":1,"bundle_max_size":"","bundle_price":{"price":{"min":{"incl_tax":"0.00","excl_tax":"0.00"},"max":{"incl_tax":"0.00","excl_tax":"0.00"}},"regular_price":{"min":{"incl_tax":"0.00","excl_tax":"0.00"},"max":{"incl_tax":"0.00","excl_tax":"0.00"}}},"bundled_items":[{"bundled_item_id":179,"product_id":5808,"menu_order":0,"quantity_min":1,"quantity_max":30,"quantity_default":1,"priced_individually":true,"shipped_individually":false,"override_title":true,"title":"Pos. 01","override_description":false,"description":"","optional":true,"hide_thumbnail":true,"discount":"","override_variations":false,"allowed_variations":[],"override_default_variation_attributes":false,"default_variation_attributes":[],"single_product_visibility":"visible","cart_visibility":"visible","order_visibility":"visible","single_product_price_visibility":"visible","cart_price_visibility":"visible","order_price_visibility":"visible","stock_status":"in_stock"},{"bundled_item_id":180,"product_id":5083,"menu_order":1,"quantity_min":1,"quantity_max":30,"quantity_default":1,"priced_individually":true,"shipped_individually":false,"override_title":true,"title":"Pos. 02","override_description":false,"description":"","optional":true,"hide_thumbnail":true,"discount":"","override_variations":false,"allowed_variations":[],"override_default_variation_attributes":false,"default_variation_attributes":[],"single_product_visibility":"visible","cart_visibility":"visible","order_visibility":"visible","single_product_price_visibility":"visible","cart_price_visibility":"visible","order_price_visibility":"visible","stock_status":"in_stock"},{"bundled_item_id":181,"product_id":5260,"menu_order":2,"quantity_min":1,"quantity_max":30,"quantity_default":1,"priced_individually":true,"shipped_individually":false,"override_title":true,"title":"Pos. 03","override_description":false,"description":"","optional":true,"hide_thumbnail":true,"discount":"","override_variations":false,"allowed_variations":[],"override_default_variation_attributes":false,"default_variation_attributes":[],"single_product_visibility":"visible","cart_visibility":"visible","order_visibility":"visible","single_product_price_visibility":"visible","cart_price_visibility":"visible","order_price_visibility":"visible","stock_status":"in_stock"},{"bundled_item_id":182,"product_id":5780,"menu_order":3,"quantity_min":1,"quantity_max":30,"quantity_default":1,"priced_individually":true,"shipped_individually":false,"override_title":true,"title":"Pos. 04","override_description":false,"description":"","optional":true,"hide_thumbnail":true,"discount":"","override_variations":false,"allowed_variations":[],"override_default_variation_attributes":false,"default_variation_attributes":[],"single_product_visibility":"visible","cart_visibility":"visible","order_visibility":"visible","single_product_price_visibility":"visible","cart_price_visibility":"visible","order_price_visibility":"visible","stock_status":"in_stock"},{"bundled_item_id":183,"product_id":5081,"menu_order":4,"quantity_min":1,"quantity_max":30,"quantity_default":1,"priced_individually":true,"shipped_individually":false,"override_title":true,"title":"Pos. 05","override_description":false,"description":"","optional":true,"hide_thumbnail":true,"discount":"","override_variations":false,"allowed_variations":[],"override_default_variation_attributes":false,"default_variation_attributes":[],"single_product_visibility":"visible","cart_visibility":"visible","order_visibility":"visible","single_product_price_visibility":"visible","cart_price_visibility":"visible","order_price_visibility":"visible","stock_status":"in_stock"},{"bundled_item_id":184,"product_id":5259,"menu_order":5,"quantity_min":1,"quantity_max":30,"quantity_default":1,"priced_individually":true,"shipped_individually":false,"override_title":true,"title":"Pos. 06","override_description":false,"description":"","optional":true,"hide_thumbnail":true,"discount":"","override_variations":false,"allowed_variations":[],"override_default_variation_attributes":false,"default_variation_attributes":[],"single_product_visibility":"visible","cart_visibility":"visible","order_visibility":"visible","single_product_price_visibility":"visible","cart_price_visibility":"visible","order_price_visibility":"visible","stock_status":"in_stock"},{"bundled_item_id":185,"product_id":6685,"menu_order":6,"quantity_min":1,"quantity_max":60,"quantity_default":6,"priced_individually":true,"shipped_individually":false,"override_title":true,"title":"Pos. 07","override_description":false,"description":"","optional":true,"hide_thumbnail":true,"discount":"","override_variations":false,"allowed_variations":[],"override_default_variation_attributes":false,"default_variation_attributes":[],"single_product_visibility":"visible","cart_visibility":"visible","order_visibility":"visible","single_product_price_visibility":"visible","cart_price_visibility":"visible","order_price_visibility":"visible","stock_status":"in_stock"}],"bundle_sell_ids":[],"jetpack_sharing_enabled":true,"_links":{"self":[{"href":"https:\/\/www.aps-eb.de\/pl\/wp-json\/wp\/v2\/product\/6894","targetHints":{"allow":["GET"]}}],"collection":[{"href":"https:\/\/www.aps-eb.de\/pl\/wp-json\/wp\/v2\/product"}],"about":[{"href":"https:\/\/www.aps-eb.de\/pl\/wp-json\/wp\/v2\/types\/product"}],"replies":[{"embeddable":true,"href":"https:\/\/www.aps-eb.de\/pl\/wp-json\/wp\/v2\/comments?post=6894"}],"wp:featuredmedia":[{"embeddable":true,"href":"https:\/\/www.aps-eb.de\/pl\/wp-json\/wp\/v2\/media\/6981"}],"wp:attachment":[{"href":"https:\/\/www.aps-eb.de\/pl\/wp-json\/wp\/v2\/media?parent=6894"}],"wp:term":[{"taxonomy":"product_brand","embeddable":true,"href":"https:\/\/www.aps-eb.de\/pl\/wp-json\/wp\/v2\/product_brand?post=6894"},{"taxonomy":"product_cat","embeddable":true,"href":"https:\/\/www.aps-eb.de\/pl\/wp-json\/wp\/v2\/product_cat?post=6894"},{"taxonomy":"product_tag","embeddable":true,"href":"https:\/\/www.aps-eb.de\/pl\/wp-json\/wp\/v2\/product_tag?post=6894"}],"curies":[{"name":"wp","href":"https:\/\/api.w.org\/{rel}","templated":true}]}}