{"id":892,"date":"2023-06-01T12:46:38","date_gmt":"2023-06-01T12:46:38","guid":{"rendered":"https:\/\/aps-eb.de\/?post_type=product&#038;p=892"},"modified":"2025-10-11T08:18:46","modified_gmt":"2025-10-11T08:18:46","slug":"erweiterbarer-rucksack","status":"publish","type":"product","link":"https:\/\/www.aps-eb.de\/pl\/categorie\/erweiterbarer-rucksack\/","title":{"rendered":"Plecak z mo\u017cliwo\u015bci\u0105 rozbudowy"},"content":{"rendered":"<h4 id=\"tw-target-text\" class=\"tw-data-text tw-text-large tw-ta\" dir=\"ltr\" data-placeholder=\"Translation\"><span class=\"Y2IQFc\" lang=\"de\">Plecak z mo\u017cliwo\u015bci\u0105 rozbudowy<\/span><\/h4>\n<ul>\n<li>100 % nylonu<\/li>\n<li>mo\u017cliwo\u015b\u0107 rozbudowy o dodatkowe moce produkcyjne<\/li>\n<li>Pasy kompatybilne z MOLLE do indywidualnej regulacji<\/li>\n<li>Dwie zewn\u0119trzne kieszenie przednie z wewn\u0119trzn\u0105 organizacj\u0105<\/li>\n<li>wewn\u0119trzny klips do przytrzymywania klucza<\/li>\n<li>Boczne kieszenie z zamkiem b\u0142yskawicznym mo\u017cna wyd\u0142u\u017cy\u0107 i zaoferowa\u0107 miejsce na butelk\u0119 lub telefon<\/li>\n<li>Wy\u015bcie\u0142ane, regulowane pasy na rami\u0119 i regulowany pas napiersiowy<\/li>\n<li>Kompatybilny z systemem do picia<\/li>\n<li>Du\u017ce kieszenie wewn\u0119trzne dla organizacji<\/li>\n<li>Kontrastowa podszewka dla lepszej widoczno\u015bci<\/li>\n<li>Tylna komora na laptopa<\/li>\n<li>Zewn\u0119trzne pole p\u0119tli dla \u0142atek<\/li>\n<li>Przetestowane i zatwierdzone przez cz\u0142onk\u00f3w NTOA<\/li>\n<li>Przywo\u017cone<\/li>\n<\/ul>\n<p>Wszechstronny, rozszerzalny plecak to idealny plecak do ka\u017cdej misji. Ten wysokiej jako\u015bci, trwa\u0142y plecak oferuje maksymaln\u0105 no\u015bno\u015b\u0107 i organizacj\u0119 dla optymalnego przechowywania sprz\u0119tu z 2-calowym przed\u0142u\u017ceniem, gdy jest to potrzebne. Wy\u015bcie\u0142ana tylna komora z podw\u00f3jnym dost\u0119pem zapewnia bezpieczn\u0105 ochron\u0119. Wy\u015bcie\u0142ane pasy na rami\u0119 i regulowany pas napiersiowy zapewniaj\u0105 doskona\u0142y ca\u0142odzienny komfort i rozk\u0142ad masy cia\u0142a. Poza tym ta torba jest idealna do podr\u00f3\u017cy, poniewa\u017c mo\u017cna j\u0105 wygodnie schowa\u0107 pod siedzeniami samolotu.<\/p>","protected":false},"excerpt":{"rendered":"<h4 id=\"tw-target-text\" class=\"tw-data-text tw-text-large tw-ta\" dir=\"ltr\" data-placeholder=\"Translation\"><span class=\"Y2IQFc\" lang=\"de\">Plecak z mo\u017cliwo\u015bci\u0105 rozbudowy<\/span><\/h4>","protected":false},"featured_media":901,"comment_status":"open","ping_status":"closed","template":"","meta":{"_rtcl_gb_attr":"","ngg_post_thumbnail":0},"product_brand":[],"product_cat":[330],"product_tag":[152,85],"class_list":{"0":"post-892","1":"product","2":"type-product","3":"status-publish","4":"has-post-thumbnail","6":"product_cat-taschen-backpacks","7":"product_tag-rucksack","8":"product_tag-us-army","9":"pa_farbe-coyote","10":"pa_farbe-schwarz","12":"first","13":"instock","14":"taxable","15":"shipping-taxable","16":"purchasable","17":"product-type-variable"},"bundled_by":[],"bundle_stock_status":"instock","bundle_stock_quantity":10,"bundle_virtual":false,"bundle_layout":"","bundle_add_to_cart_form_location":"","bundle_editable_in_cart":false,"bundle_sold_individually_context":"","bundle_item_grouping":"","bundle_min_size":"","bundle_max_size":"","bundle_price":[],"bundled_items":[],"bundle_sell_ids":[],"jetpack_sharing_enabled":true,"_links":{"self":[{"href":"https:\/\/www.aps-eb.de\/pl\/wp-json\/wp\/v2\/product\/892","targetHints":{"allow":["GET"]}}],"collection":[{"href":"https:\/\/www.aps-eb.de\/pl\/wp-json\/wp\/v2\/product"}],"about":[{"href":"https:\/\/www.aps-eb.de\/pl\/wp-json\/wp\/v2\/types\/product"}],"replies":[{"embeddable":true,"href":"https:\/\/www.aps-eb.de\/pl\/wp-json\/wp\/v2\/comments?post=892"}],"wp:featuredmedia":[{"embeddable":true,"href":"https:\/\/www.aps-eb.de\/pl\/wp-json\/wp\/v2\/media\/901"}],"wp:attachment":[{"href":"https:\/\/www.aps-eb.de\/pl\/wp-json\/wp\/v2\/media?parent=892"}],"wp:term":[{"taxonomy":"product_brand","embeddable":true,"href":"https:\/\/www.aps-eb.de\/pl\/wp-json\/wp\/v2\/product_brand?post=892"},{"taxonomy":"product_cat","embeddable":true,"href":"https:\/\/www.aps-eb.de\/pl\/wp-json\/wp\/v2\/product_cat?post=892"},{"taxonomy":"product_tag","embeddable":true,"href":"https:\/\/www.aps-eb.de\/pl\/wp-json\/wp\/v2\/product_tag?post=892"}],"curies":[{"name":"wp","href":"https:\/\/api.w.org\/{rel}","templated":true}]}}