{"id":905,"date":"2023-06-01T12:56:35","date_gmt":"2023-06-01T12:56:35","guid":{"rendered":"https:\/\/aps-eb.de\/?post_type=product&#038;p=905"},"modified":"2026-03-17T05:41:09","modified_gmt":"2026-03-17T05:41:09","slug":"taktische-tragetasche","status":"publish","type":"product","link":"https:\/\/www.aps-eb.de\/pl\/categorie\/taktische-tragetasche\/","title":{"rendered":"Torba pilota\u017cowa"},"content":{"rendered":"<h4 id=\"tw-target-text\" class=\"tw-data-text tw-text-large tw-ta\" dir=\"ltr\" data-placeholder=\"Translation\">Torba pilota\u017cowa<\/h4>\n<ul>\n<li>100 % poliestry<\/li>\n<li>Wy\u015bcie\u0142ane ze wszystkich stron dla wi\u0119kszej ochrony i stabilno\u015bci<\/li>\n<li>Przednia kiesze\u0144 z sze\u015bcioma przegrodami<\/li>\n<li>Tylna kiesze\u0144 z zapi\u0119ciem na rzep i wyjmowan\u0105, rozk\u0142adan\u0105 mat\u0105<\/li>\n<li>Pasy kompatybilne z MOLLE dla indywidualnego projektu<\/li>\n<li>Wy\u015bcie\u0142any, regulowany pasek na rami\u0119<\/li>\n<li>Dwa regulowane przegrody wewn\u0119trzne<\/li>\n<li>Bezp\u0142atny wyjmowany panel organizatora z rzepem<\/li>\n<li>Przetestowane i zatwierdzone przez cz\u0142onk\u00f3w NTOA<\/li>\n<li>Przywo\u017cone<\/li>\n<\/ul>\n<p>Solidne materia\u0142y i wystarczaj\u0105co du\u017co miejsca do przechowywania, dzi\u0119ki czemu jeste\u015b gotowy na ka\u017cd\u0105 podr\u00f3\u017c lub misj\u0119. Tactical Duffle jest wykonany z wytrzyma\u0142ego nylonu Cordura i wzmocnionego dna dla zwi\u0119kszenia stabilno\u015bci. Wy\u015bcie\u0142any pasek na rami\u0119 i gumowane uchwyty sprawiaj\u0105, \u017ce ta torba jest \u0142atwa do przenoszenia nawet po za\u0142adowaniu wszystkimi niezb\u0119dnymi rzeczami. Przechowuj buty lub buty oddzielnie od innych przedmiot\u00f3w w bocznym tunelu but\u00f3w, kt\u00f3ry rozszerza si\u0119 do wewn\u0105trz, i dostosuj go dzi\u0119ki dodatkowej przestrzeni do przechowywania dzi\u0119ki pasom kompatybilnym z MOLLE i wewn\u0119trznym panelom kieszeniowym wy\u0142o\u017conym p\u0119tl\u0105.<\/p>","protected":false},"excerpt":{"rendered":"<h4 id=\"tw-target-text\" class=\"tw-data-text tw-text-large tw-ta\" dir=\"ltr\" data-placeholder=\"Translation\">taktyczna torba transportowa<\/h4>","protected":false},"featured_media":1874,"comment_status":"open","ping_status":"closed","template":"","meta":{"_rtcl_gb_attr":"","ngg_post_thumbnail":0},"product_brand":[],"product_cat":[330],"product_tag":[133,135,132,85],"class_list":{"0":"post-905","1":"product","2":"type-product","3":"status-publish","4":"has-post-thumbnail","6":"product_cat-taschen-backpacks","7":"product_tag-pilotentasche","8":"product_tag-taktische-tragetasche","9":"product_tag-tragetasche","10":"product_tag-us-army","11":"pa_farbe-olive","12":"pa_farbe-schwarz","14":"first","15":"instock","16":"taxable","17":"shipping-taxable","18":"purchasable","19":"product-type-variable","20":"has-default-attributes"},"bundled_by":[],"bundle_stock_status":"instock","bundle_stock_quantity":null,"bundle_virtual":false,"bundle_layout":"","bundle_add_to_cart_form_location":"","bundle_editable_in_cart":false,"bundle_sold_individually_context":"","bundle_item_grouping":"","bundle_min_size":"","bundle_max_size":"","bundle_price":[],"bundled_items":[],"bundle_sell_ids":[],"jetpack_sharing_enabled":true,"_links":{"self":[{"href":"https:\/\/www.aps-eb.de\/pl\/wp-json\/wp\/v2\/product\/905","targetHints":{"allow":["GET"]}}],"collection":[{"href":"https:\/\/www.aps-eb.de\/pl\/wp-json\/wp\/v2\/product"}],"about":[{"href":"https:\/\/www.aps-eb.de\/pl\/wp-json\/wp\/v2\/types\/product"}],"replies":[{"embeddable":true,"href":"https:\/\/www.aps-eb.de\/pl\/wp-json\/wp\/v2\/comments?post=905"}],"wp:featuredmedia":[{"embeddable":true,"href":"https:\/\/www.aps-eb.de\/pl\/wp-json\/wp\/v2\/media\/1874"}],"wp:attachment":[{"href":"https:\/\/www.aps-eb.de\/pl\/wp-json\/wp\/v2\/media?parent=905"}],"wp:term":[{"taxonomy":"product_brand","embeddable":true,"href":"https:\/\/www.aps-eb.de\/pl\/wp-json\/wp\/v2\/product_brand?post=905"},{"taxonomy":"product_cat","embeddable":true,"href":"https:\/\/www.aps-eb.de\/pl\/wp-json\/wp\/v2\/product_cat?post=905"},{"taxonomy":"product_tag","embeddable":true,"href":"https:\/\/www.aps-eb.de\/pl\/wp-json\/wp\/v2\/product_tag?post=905"}],"curies":[{"name":"wp","href":"https:\/\/api.w.org\/{rel}","templated":true}]}}