{"id":79,"date":"2021-02-10T12:57:24","date_gmt":"2021-02-10T12:57:24","guid":{"rendered":"http:\/\/aps-eb.de\/?page_id=79"},"modified":"2021-02-10T12:57:24","modified_gmt":"2021-02-10T12:57:24","slug":"batterieverordnung","status":"publish","type":"page","link":"https:\/\/www.aps-eb.de\/th\/batterieverordnung\/","title":{"rendered":"Batterieverordnung"},"content":{"rendered":"<p>Im Zusammenhang mit dem Vertrieb von Batterien und Akkus sind wir als H\u00e4ndler gem\u00e4\u00df Batterieverordnung verpflichtet, Sie als Verbraucher auf folgendes hinzuweisen:<br>Sie sind gesetzlich verpflichtet, Batterien und Akkus zur\u00fcckzugeben. Sie k\u00f6nnen diese nach Gebrauch in unserer Verkaufsstelle, in einer kommunalen Sammelstelle oder auch im Handel vor Ort zur\u00fcckgeben. Schadstoffhaltige Batterien sind mit einem Zeichen, bestehend aus einer durchgestrichenen M\u00fclltonne und dem chemischen Symbol (Cd, Hg oder Pb) des f\u00fcr die Einstufung als schadstoffhaltig ausschlaggebenden Schwermetalls versehen.<\/p>","protected":false},"excerpt":{"rendered":"<p>Im Zusammenhang mit dem Vertrieb von Batterien und Akkus sind wir als H\u00e4ndler gem\u00e4\u00df Batterieverordnung verpflichtet, Sie als Verbraucher auf<\/p>","protected":false},"author":1,"featured_media":0,"parent":0,"menu_order":0,"comment_status":"closed","ping_status":"closed","template":"","meta":{"_rtcl_gb_attr":"","ngg_post_thumbnail":0,"footnotes":""},"class_list":["post-79","page","type-page","status-publish","hentry"],"jetpack_sharing_enabled":true,"_links":{"self":[{"href":"https:\/\/www.aps-eb.de\/th\/wp-json\/wp\/v2\/pages\/79","targetHints":{"allow":["GET"]}}],"collection":[{"href":"https:\/\/www.aps-eb.de\/th\/wp-json\/wp\/v2\/pages"}],"about":[{"href":"https:\/\/www.aps-eb.de\/th\/wp-json\/wp\/v2\/types\/page"}],"author":[{"embeddable":true,"href":"https:\/\/www.aps-eb.de\/th\/wp-json\/wp\/v2\/users\/1"}],"replies":[{"embeddable":true,"href":"https:\/\/www.aps-eb.de\/th\/wp-json\/wp\/v2\/comments?post=79"}],"version-history":[{"count":0,"href":"https:\/\/www.aps-eb.de\/th\/wp-json\/wp\/v2\/pages\/79\/revisions"}],"wp:attachment":[{"href":"https:\/\/www.aps-eb.de\/th\/wp-json\/wp\/v2\/media?parent=79"}],"curies":[{"name":"wp","href":"https:\/\/api.w.org\/{rel}","templated":true}]}}