{"id":1058,"date":"2023-06-14T12:04:02","date_gmt":"2023-06-14T12:04:02","guid":{"rendered":"https:\/\/aps-eb.de\/?post_type=product&#038;p=1058"},"modified":"2025-03-10T10:00:35","modified_gmt":"2025-03-10T10:00:35","slug":"bremsbelag-066-14100","status":"publish","type":"product","link":"https:\/\/www.aps-eb.de\/th\/categorie\/bremsbelag-066-14100\/","title":{"rendered":"Bremsbelag Cleveland 066-14100"},"content":{"rendered":"<h1 class=\"product-info-title\">Bremsbelag Cleveland 066-14100<\/h1>\n<p>Halbmetallischer\/organischer (abrasiver) Bremsbelag<\/p>\n<p>Metallische und halbmetallische Bremsbel\u00e4ge<br \/>\nEs stehen zwei Arten von Bremsbel\u00e4gen zur Verf\u00fcgung: halbmetallisch\/organisch (abrasiv) und metallisch (haftend). Die vom OEM festgelegte Teilenummer der Bremsbaugruppe bestimmt, welcher Belagtyp verwendet werden soll.<\/p>\n<p>Die halbmetallischen Bel\u00e4ge bestehen aus in das Material integrierten Kevlar-Fasern, die f\u00fcr h\u00f6chste Bremskraft und lange Lebensdauer der Auskleidung sorgen. Die optimale Betriebstemperatur der halbmetallischen Bremsbel\u00e4ge liegt bei 600\u2013900 \u00b0F.<\/p>\n<p>Der Hauptbestandteil der metallischen Bremsbel\u00e4ge ist Eisen. Bei einem Adh\u00e4sionssystem wird beim Einlaufen eine d\u00fcnne Schicht Bremsbelagsmaterial auf die Scheibe \u00fcbertragen und haftet daran. Der optimale Betriebstemperaturbereich der metallischen Bremsbel\u00e4ge liegt bei 950\u20131200 \u00b0F.<\/p>\n<p>Die Bel\u00e4ge k\u00f6nnen mit allen OEM- oder PMA-Scheiben verwendet werden.<\/p>","protected":false},"excerpt":{"rendered":"<h1 class=\"product-info-title\">Bremsbelag Cleveland 066-14100<\/h1>","protected":false},"featured_media":1737,"comment_status":"open","ping_status":"closed","template":"","meta":{"_rtcl_gb_attr":"","ngg_post_thumbnail":0},"product_brand":[],"product_cat":[19],"product_tag":[73,72],"class_list":{"0":"post-1058","1":"product","2":"type-product","3":"status-publish","4":"has-post-thumbnail","6":"product_cat-bremskomponenten","7":"product_tag-06-14100","8":"product_tag-cleevland","10":"first","11":"instock","12":"taxable","13":"shipping-taxable","14":"purchasable","15":"product-type-simple"},"bundled_by":[],"bundle_stock_status":"instock","bundle_stock_quantity":10,"bundle_virtual":false,"bundle_layout":"","bundle_add_to_cart_form_location":"","bundle_editable_in_cart":false,"bundle_sold_individually_context":"","bundle_item_grouping":"","bundle_min_size":"","bundle_max_size":"","bundle_price":[],"bundled_items":[],"bundle_sell_ids":[],"jetpack_sharing_enabled":true,"_links":{"self":[{"href":"https:\/\/www.aps-eb.de\/th\/wp-json\/wp\/v2\/product\/1058","targetHints":{"allow":["GET"]}}],"collection":[{"href":"https:\/\/www.aps-eb.de\/th\/wp-json\/wp\/v2\/product"}],"about":[{"href":"https:\/\/www.aps-eb.de\/th\/wp-json\/wp\/v2\/types\/product"}],"replies":[{"embeddable":true,"href":"https:\/\/www.aps-eb.de\/th\/wp-json\/wp\/v2\/comments?post=1058"}],"wp:featuredmedia":[{"embeddable":true,"href":"https:\/\/www.aps-eb.de\/th\/wp-json\/wp\/v2\/media\/1737"}],"wp:attachment":[{"href":"https:\/\/www.aps-eb.de\/th\/wp-json\/wp\/v2\/media?parent=1058"}],"wp:term":[{"taxonomy":"product_brand","embeddable":true,"href":"https:\/\/www.aps-eb.de\/th\/wp-json\/wp\/v2\/product_brand?post=1058"},{"taxonomy":"product_cat","embeddable":true,"href":"https:\/\/www.aps-eb.de\/th\/wp-json\/wp\/v2\/product_cat?post=1058"},{"taxonomy":"product_tag","embeddable":true,"href":"https:\/\/www.aps-eb.de\/th\/wp-json\/wp\/v2\/product_tag?post=1058"}],"curies":[{"name":"wp","href":"https:\/\/api.w.org\/{rel}","templated":true}]}}