{"id":1068,"date":"2023-06-15T18:32:54","date_gmt":"2023-06-15T18:32:54","guid":{"rendered":"https:\/\/aps-eb.de\/?post_type=product&#038;p=1068"},"modified":"2025-03-10T10:01:47","modified_gmt":"2025-03-10T10:01:47","slug":"bremsscheibe-164-30195","status":"publish","type":"product","link":"https:\/\/www.aps-eb.de\/th\/categorie\/bremsscheibe-164-30195\/","title":{"rendered":"Bremsscheibe 164-30195"},"content":{"rendered":"<h1 class=\"product-info-title\">Bremsscheibe 164-30195<\/h1>\n<p>BlackSteel-Bremsscheiben werden auf dem neuesten Stand der Technik aus einem einteiligen Schmiedest\u00fcck CNC-gefr\u00e4st.<br \/>\nBeim Schmieden des Metalls entsteht ein gerichteter Kornfluss, der der Kontur der Scheibe folgt. Dies erm\u00f6glicht eine viel st\u00e4rkere Scheibe, bei der das Risiko von Rissen und katastrophalen Ausf\u00e4llen, die mit minderwertigen Schwei\u00dfkonstruktionen einhergehen, geringer ist.<\/p>\n<p>Die propriet\u00e4re W\u00e4rmebehandlung von APS hat einen zweifachen Zweck. Durch die W\u00e4rmebehandlung wird der Stahl gest\u00e4rkt, indem Kohlenstoff, Sauerstoff und Stickstoff in der obersten Metallschicht gebunden werden. Dabei handelt es sich nicht um eine Beschichtung, die sich abnutzen kann, da der Stahl selbst umgewandelt wird. Die W\u00e4rmebehandlung verleiht dem Stahl sein schwarzes Aussehen und verleiht der Oberfl\u00e4che eine hohe Best\u00e4ndigkeit gegen Korrosion und Oxidation, die mit den extremen Temperaturwechseln in Flugzeugbremssystemen einhergeht. Dies macht es zu einer hervorragenden Wahl f\u00fcr landwirtschaftliche Flugzeuge, die in einer rauen, chemischen Umgebung arbeiten, sowie f\u00fcr alle, die ihr Flugzeug die meiste Zeit drau\u00dfen lassen.<\/p>\n<p>Passend f\u00fcr:<\/p>\n<table class=\"table table-striped table-bordered\">\n<thead>\n<tr>\n<td>Make<\/td>\n<td>Series<\/td>\n<td>Model<\/td>\n<td>Beginning S\/N<\/td>\n<td>Ending S\/N<\/td>\n<td>Comment<\/td>\n<td>Eligibility Chart<\/td>\n<\/tr>\n<\/thead>\n<tbody>\n<tr>\n<td>Cessna<\/td>\n<td>152<\/td>\n<td>F152<\/td>\n<td>F15201429<\/td>\n<td>F15201980<\/td>\n<td>&nbsp;<\/td>\n<td>&nbsp;<\/td>\n<\/tr>\n<tr>\n<td>Cessna<\/td>\n<td>152<\/td>\n<td>FA152<\/td>\n<td>FA1520337<\/td>\n<td>FA1520425<\/td>\n<td>Wheel Assembly P\/N D-30580, Brake Assembly P\/N C-30118-4. Owner must verify wheel or brake assembly part numbers to determine applicable disc and lining part numbers.<\/td>\n<td>&nbsp;<\/td>\n<\/tr>\n<tr>\n<td>Cessna<\/td>\n<td>172<\/td>\n<td>F172M<\/td>\n<td>F17200905<\/td>\n<td>F17201234<\/td>\n<td>Wheel Assembly P\/N D-30260, Brake Assembly P\/N C-30018-2. Owner must verify wheel or brake assembly part numbers to determine applicable disc and lining part numbers.<\/td>\n<td>&nbsp;<\/td>\n<\/tr>\n<tr>\n<td>Cessna<\/td>\n<td>172<\/td>\n<td>F172M<\/td>\n<td>F17201235<\/td>\n<td>F17201514<\/td>\n<td>Wheel Assembly P\/N D-30260, Brake Assembly P\/N C-30018-2. Owner must verify wheel or brake assembly part numbers to determine applicable disc and lining part numbers.<\/td>\n<td>&nbsp;<\/td>\n<\/tr>\n<tr>\n<td>Cessna<\/td>\n<td>172<\/td>\n<td>FR172J<\/td>\n<td>FR17200351<\/td>\n<td>FR17200590<\/td>\n<td>Wheel Assembly P\/N D-30260, Brake Assembly P\/N C-30018-2. Owner must verify wheel or brake assembly part numbers to determine applicable disc and lining part numbers.<\/td>\n<td>&nbsp;<\/td>\n<\/tr>\n<tr>\n<td>Cessna<\/td>\n<td>177<\/td>\n<td>177<\/td>\n<td>17700001<\/td>\n<td>17701164<\/td>\n<td>&nbsp;<\/td>\n<td>&nbsp;<\/td>\n<\/tr>\n<tr>\n<td>Cessna<\/td>\n<td>177<\/td>\n<td>177B<\/td>\n<td>17702124<\/td>\n<td>17702313<\/td>\n<td>Wheel Assembly P\/N D-30580, Brake Assembly P\/N C-30018-4. Owner must verify wheel or brake assembly part numbers to determine applicable disc and lining part numbers.<\/td>\n<td>&nbsp;<\/td>\n<\/tr>\n<tr>\n<td>Cessna<\/td>\n<td>177<\/td>\n<td>177RG<\/td>\n<td>177RG0001<\/td>\n<td>177RG1366<\/td>\n<td>Wheel Assembly P\/N D-30580, Brake Assembly P\/N 30018-4. Owner must verify wheel or brake assembly part numbers to determine applicable disc and lining part numbers.<\/td>\n<td>&nbsp;<\/td>\n<\/tr>\n<tr>\n<td>Cessna<\/td>\n<td>177<\/td>\n<td>F177RG<\/td>\n<td>F177RG0001<\/td>\n<td>F177RG0177<\/td>\n<td>Wheel Assembly P\/N D-30580, Brake Assembly P\/N 30018-4. Owner must verify wheel or brake assembly part numbers to determine applicable disc and lining part numbers.<\/td>\n<\/tr>\n<\/tbody>\n<\/table>","protected":false},"excerpt":{"rendered":"<p>Bremsscheibe 164-30195 BlackSteel-Bremsscheiben werden auf dem neuesten Stand der Technik aus einem einteiligen Schmiedest\u00fcck CNC-gefr\u00e4st. Beim Schmieden des Metalls entsteht<\/p>","protected":false},"featured_media":1069,"comment_status":"open","ping_status":"closed","template":"","meta":{"_rtcl_gb_attr":"","ngg_post_thumbnail":0},"product_brand":[],"product_cat":[19],"product_tag":[76,77,72],"class_list":{"0":"post-1068","1":"product","2":"type-product","3":"status-publish","4":"has-post-thumbnail","6":"product_cat-bremskomponenten","7":"product_tag-164-04000","8":"product_tag-cessna","9":"product_tag-cleevland","11":"first","12":"instock","13":"taxable","14":"shipping-taxable","15":"purchasable","16":"product-type-simple"},"bundled_by":[],"bundle_stock_status":"instock","bundle_stock_quantity":10,"bundle_virtual":false,"bundle_layout":"","bundle_add_to_cart_form_location":"","bundle_editable_in_cart":false,"bundle_sold_individually_context":"","bundle_item_grouping":"","bundle_min_size":"","bundle_max_size":"","bundle_price":[],"bundled_items":[],"bundle_sell_ids":[],"jetpack_sharing_enabled":true,"_links":{"self":[{"href":"https:\/\/www.aps-eb.de\/th\/wp-json\/wp\/v2\/product\/1068","targetHints":{"allow":["GET"]}}],"collection":[{"href":"https:\/\/www.aps-eb.de\/th\/wp-json\/wp\/v2\/product"}],"about":[{"href":"https:\/\/www.aps-eb.de\/th\/wp-json\/wp\/v2\/types\/product"}],"replies":[{"embeddable":true,"href":"https:\/\/www.aps-eb.de\/th\/wp-json\/wp\/v2\/comments?post=1068"}],"wp:featuredmedia":[{"embeddable":true,"href":"https:\/\/www.aps-eb.de\/th\/wp-json\/wp\/v2\/media\/1069"}],"wp:attachment":[{"href":"https:\/\/www.aps-eb.de\/th\/wp-json\/wp\/v2\/media?parent=1068"}],"wp:term":[{"taxonomy":"product_brand","embeddable":true,"href":"https:\/\/www.aps-eb.de\/th\/wp-json\/wp\/v2\/product_brand?post=1068"},{"taxonomy":"product_cat","embeddable":true,"href":"https:\/\/www.aps-eb.de\/th\/wp-json\/wp\/v2\/product_cat?post=1068"},{"taxonomy":"product_tag","embeddable":true,"href":"https:\/\/www.aps-eb.de\/th\/wp-json\/wp\/v2\/product_tag?post=1068"}],"curies":[{"name":"wp","href":"https:\/\/api.w.org\/{rel}","templated":true}]}}