{"id":1112,"date":"2023-11-15T16:32:12","date_gmt":"2023-11-15T16:32:12","guid":{"rendered":"https:\/\/aps-eb.de\/?post_type=product&#038;p=1112"},"modified":"2024-12-04T10:21:05","modified_gmt":"2024-12-04T10:21:05","slug":"jpi-edm-930","status":"publish","type":"product","link":"https:\/\/www.aps-eb.de\/th\/categorie\/jpi-edm-930\/","title":{"rendered":"JPI EDM-930"},"content":{"rendered":"<h1>JPI EDM-930<\/h1>\n<p>Der EDM-930 ist standardm\u00e4\u00dfig mit einem vollfarbigen VGA-Balkendiagramm ausgestattet, das die Neigung (ROP\/LOP) unterst\u00fctzt. Dar\u00fcber hinaus verf\u00fcgt das Balkendiagramm \u00fcber jeder Spalte und im Nachrichtenbereich auf einem einzigen Bildschirm \u00fcber eine \u201enormalisierte\u201c und digitale Anzeige von EGT und CHT. . Kein anderes Balkendiagramm in der Branche bietet auch nur ann\u00e4hernd die Anzahl der Funktionen, die das EDM-930 bietet: 39. Alle k\u00f6nnen hinzugef\u00fcgt und angezeigt werden.<\/p>\n<p>Spezifikation: 6,18&#8243; x 5,17&#8243; hinter dem Panel.<br \/>\nVorderseite 5,53&#8243; x 4,74&#8243; x 0,9&#8243; tief mit 2,8&#8243;<br \/>\n1 \u00b0 F Aufl\u00f6sung. Linearisierte Genauigkeit von 1 Grad nicht (1\/2 % = 10 Grad).<br \/>\nTFT-Display mit direkter und indirekter Sonneneinstrahlung, 1.000 Nits.<br \/>\nBetrieb von 7,5 bis 35 Volt oder 1\/2 Ampere.<\/p>\n<h6>Das Set beinhaltet:<\/h6>\n<p>\u2022 RPM Prop sender<br \/>\n\u2022 MAP Manifold Press Subtract $195 not req.<br \/>\n\u2022 EGT &amp;haust Gas Temp. ea Cyl ..<br \/>\n\u2022 CHT Cylinder Head Temp. ea Cyl.<br \/>\n\u2022 0-T Oil Temperature primary location<br \/>\n\u2022 O-P Oil Pressure<br \/>\n\u2022 OA T Outside Air Temp.<br \/>\n\u2022 Fuel Pressure (Optional on EDM-900)<br \/>\n\u2022 VDC Voltage(1)<br \/>\n\u2022 AMP Current amps (2 twins)<br \/>\n\u2022 Fuel Flow Transducer FloScan<br \/>\n\u2022 Remote display (RAD) or (RAL)<br \/>\n\u2022 % HP Percent of Horse Power<br \/>\n\u2022 USB Memory stick 1 GB<br \/>\n\u2022 Data Recording 600 Hrs every 6 sec.<br \/>\n\u2022 EZTrends Charting and download Software free<br \/>\n\u2022 Pre-Wired Harnesses for all functions<br \/>\n\u2022 EGT Normalize mode<br \/>\n\u2022 LOP\/ROP JPI &amp;clusive Leaning Mode<br \/>\n\u2022 Flight Timer<br \/>\n\u2022 Tach Hobs<br \/>\n\u2022 Local Time<br \/>\n\u2022 Zulu Time<br \/>\n\u2022 Data Recording<br \/>\n\u2022 USB Port<br \/>\n\u2022 fxtemal Caution Lights<br \/>\n\u2022 GPH Gallons per Hour GPH<br \/>\n\u2022 REQ Required to wp or destination<br \/>\n\u2022 USD Fuel used<br \/>\n\u2022 H:M Endurance Hours &amp; Minutes<br \/>\n\u2022 MPG Mi\/es per Gai<br \/>\n\u2022 CLD Shock Cooling on ALL cylinders<br \/>\n\u2022 DIFF Difference between EGT&#8217;s<br \/>\n\u2022 3 year Warranty<\/p>\n<h6>Optional:<\/h6>\n<p>TIT Turbine lnlets Temp.(2)<br \/>\nF-P Fuel Pressure<br \/>\nF-P Differential Fuel Press. CRB Carburetor Temp.<br \/>\nCDT Compressor Discharge IAT lnduction Air Temp.<br \/>\nVolts pick-up V-2<br \/>\nAmps 2<br \/>\nL\/R-Tank Fuel Quantity module L\/R-Aux Fuel Quantity module Fuel Quantity senders frequency<br \/>\nFrequency fuel level<\/p>","protected":false},"excerpt":{"rendered":"<h1>JPI EDM-930<\/h1>\n<p>Der EDM-930 ist standardm\u00e4\u00dfig mit einem vollfarbigen VGA-Balkendiagramm ausgestattet, das die Neigung (ROP\/LOP) unterst\u00fctzt. Dar\u00fcber hinaus verf\u00fcgt das Balkendiagramm \u00fcber jeder Spalte und im Nachrichtenbereich auf einem einzigen Bildschirm \u00fcber eine \u201enormalisierte\u201c und digitale Anzeige von EGT und CHT. . Kein anderes Balkendiagramm in der Branche bietet auch nur ann\u00e4hernd die Anzahl der Funktionen, die das EDM-930 bietet: 39. Alle k\u00f6nnen hinzugef\u00fcgt und angezeigt werden.<\/p>","protected":false},"featured_media":1130,"comment_status":"open","ping_status":"closed","template":"","meta":{"_rtcl_gb_attr":"","ngg_post_thumbnail":0},"product_brand":[],"product_cat":[53],"product_tag":[150,151,149],"class_list":{"0":"post-1112","1":"product","2":"type-product","3":"status-publish","4":"has-post-thumbnail","6":"product_cat-instrumente","7":"product_tag-edm","8":"product_tag-edm-930","9":"product_tag-jpi","11":"first","12":"instock","13":"taxable","14":"shipping-taxable","15":"purchasable","16":"product-type-variable"},"bundled_by":[],"bundle_stock_status":"instock","bundle_stock_quantity":null,"bundle_virtual":false,"bundle_layout":"","bundle_add_to_cart_form_location":"","bundle_editable_in_cart":false,"bundle_sold_individually_context":"","bundle_item_grouping":"","bundle_min_size":"","bundle_max_size":"","bundle_price":[],"bundled_items":[],"bundle_sell_ids":[],"jetpack_sharing_enabled":true,"_links":{"self":[{"href":"https:\/\/www.aps-eb.de\/th\/wp-json\/wp\/v2\/product\/1112","targetHints":{"allow":["GET"]}}],"collection":[{"href":"https:\/\/www.aps-eb.de\/th\/wp-json\/wp\/v2\/product"}],"about":[{"href":"https:\/\/www.aps-eb.de\/th\/wp-json\/wp\/v2\/types\/product"}],"replies":[{"embeddable":true,"href":"https:\/\/www.aps-eb.de\/th\/wp-json\/wp\/v2\/comments?post=1112"}],"wp:featuredmedia":[{"embeddable":true,"href":"https:\/\/www.aps-eb.de\/th\/wp-json\/wp\/v2\/media\/1130"}],"wp:attachment":[{"href":"https:\/\/www.aps-eb.de\/th\/wp-json\/wp\/v2\/media?parent=1112"}],"wp:term":[{"taxonomy":"product_brand","embeddable":true,"href":"https:\/\/www.aps-eb.de\/th\/wp-json\/wp\/v2\/product_brand?post=1112"},{"taxonomy":"product_cat","embeddable":true,"href":"https:\/\/www.aps-eb.de\/th\/wp-json\/wp\/v2\/product_cat?post=1112"},{"taxonomy":"product_tag","embeddable":true,"href":"https:\/\/www.aps-eb.de\/th\/wp-json\/wp\/v2\/product_tag?post=1112"}],"curies":[{"name":"wp","href":"https:\/\/api.w.org\/{rel}","templated":true}]}}