{"id":1249,"date":"2024-02-06T06:41:30","date_gmt":"2024-02-06T06:41:30","guid":{"rendered":"https:\/\/aps-eb.de\/?post_type=product&#038;p=1249"},"modified":"2025-12-20T10:28:33","modified_gmt":"2025-12-20T10:28:33","slug":"kinetic-combat-shirt-long-sleeve-olivegruen","status":"publish","type":"product","link":"https:\/\/www.aps-eb.de\/th\/categorie\/kinetic-combat-shirt-long-sleeve-olivegruen\/","title":{"rendered":"Kinetic\u00ae Combat Shirt &#8211; Long Sleeve &#8211; Olivegr\u00fcn"},"content":{"rendered":"<h4>Kinetic\u00ae Combat Shirt &#8211; Long Sleeve &#8211; Olivegr\u00fcn<\/h4>\n<ul class=\"a-unordered-list a-vertical a-spacing-mini\">\n<li>K\u00f6rper, Passe und Seitenfalten: 5,2 Unzen Doppel-Piqu\u00e9-Strick aus 100 % Polyester<\/li>\n<li>Kragen und \u00c4rmel: 4,5 oz 65 % Polyester \/ 32 % Baumwolle \/ 3 % Elasthan NexStretch Ripstop<\/li>\n<li>Teflon-Stoffschutz an Kragen und \u00c4rmeln weist Flecken und Fl\u00fcssigkeiten ab<\/li>\n<li>1\/4-Rei\u00dfverschluss vorne mit Stehkragen<\/li>\n<li>Reibungsfreier und pillingfester Strickk\u00f6rper<\/li>\n<li>Antimikrobiell \/ geruchshemmend<\/li>\n<li>Schnell trocknend<\/li>\n<li>\u00c4rmeltaschen mit Rei\u00dfverschluss und Schlaufenfeldern f\u00fcr Identifikation und Abzeichen<\/li>\n<li>Verst\u00e4rkte Ellenbogen<\/li>\n<li>Verstellbare \u00c4rmelb\u00fcndchen mit Klettverschluss<\/li>\n<li>Verl\u00e4ngerte R\u00fcckseite<\/li>\n<li>Importiert<\/li>\n<\/ul>\n<p>Original US Ware!<br \/>\nShirt f\u00e4llt sehr gro\u00df aus, im Zweifel eine Nummer kleiner bestellen!!<\/p>\n<p>Das Kinetic Combat Shirt wurde speziell f\u00fcr die Bed\u00fcrfnisse von Strafverfolgungs- und Milit\u00e4rbeamten mit Blick auf Funktion und Komfort unter schwerer K\u00f6rperpanzerung entwickelt und trifft genau ins Schwarze. Der K\u00f6rper des Shirts besteht aus unserem branchenweit besten rei\u00dffesten 100 % Polyester mit feuchtigkeitsableitenden, schnell trocknenden und antimikrobiellen Eigenschaften, um Sie den ganzen Tag \u00fcber k\u00fchl und frisch zu halten. Die \u00c4rmel und der Kragen bestehen aus unserem NexStretch-Ripstop-Gewebe, einer Kombination aus Polyester, Baumwolle und Elasthan, die optimale Bewegungsfreiheit bietet. Dieses Hemd ist mit praktischen Aufbewahrungstaschen, Stiftf\u00e4chern und Schlaufenfeldern f\u00fcr Identifikation und Abzeichen ausgestattet. Raglan\u00e4rmel mit Unterarmzwickeln sorgen f\u00fcr au\u00dfergew\u00f6hnliche Bewegungsfreiheit, w\u00e4hrend verst\u00e4rkte Ellenbogenbes\u00e4tze zur Haltbarkeit beitragen. Der Stehkragen und der 1\/4-Rei\u00dfverschluss vorne sind mit einem weichen, atmungsaktiven Mesh gef\u00fcttert, um Abrieb zu verhindern und den Komfort zu erh\u00f6hen.<\/p>","protected":false},"excerpt":{"rendered":"<h4>Kinetic\u00ae Combat Shirt &#8211; Long Sleeve &#8211; Olivegr\u00fcn<\/h4>","protected":false},"featured_media":1262,"comment_status":"open","ping_status":"closed","template":"","meta":{"_rtcl_gb_attr":"","ngg_post_thumbnail":0},"product_brand":[],"product_cat":[332],"product_tag":[87,144,145,85],"class_list":{"0":"post-1249","1":"product","2":"type-product","3":"status-publish","4":"has-post-thumbnail","6":"product_cat-shirts","7":"product_tag-combat-shirt","8":"product_tag-kinetic","9":"product_tag-kinetic-combat-shirt-long-sleeve-olivegruen","10":"product_tag-us-army","11":"pa_groesse-l","12":"pa_groesse-m","13":"pa_groesse-s","14":"pa_groesse-xl","15":"pa_groesse-xs","16":"pa_groesse-xxl","18":"first","19":"instock","20":"taxable","21":"shipping-taxable","22":"purchasable","23":"product-type-variable","24":"has-default-attributes"},"bundled_by":[],"bundle_stock_status":"instock","bundle_stock_quantity":null,"bundle_virtual":false,"bundle_layout":"","bundle_add_to_cart_form_location":"","bundle_editable_in_cart":false,"bundle_sold_individually_context":"","bundle_item_grouping":"","bundle_min_size":"","bundle_max_size":"","bundle_price":[],"bundled_items":[],"bundle_sell_ids":[],"jetpack_sharing_enabled":true,"_links":{"self":[{"href":"https:\/\/www.aps-eb.de\/th\/wp-json\/wp\/v2\/product\/1249","targetHints":{"allow":["GET"]}}],"collection":[{"href":"https:\/\/www.aps-eb.de\/th\/wp-json\/wp\/v2\/product"}],"about":[{"href":"https:\/\/www.aps-eb.de\/th\/wp-json\/wp\/v2\/types\/product"}],"replies":[{"embeddable":true,"href":"https:\/\/www.aps-eb.de\/th\/wp-json\/wp\/v2\/comments?post=1249"}],"wp:featuredmedia":[{"embeddable":true,"href":"https:\/\/www.aps-eb.de\/th\/wp-json\/wp\/v2\/media\/1262"}],"wp:attachment":[{"href":"https:\/\/www.aps-eb.de\/th\/wp-json\/wp\/v2\/media?parent=1249"}],"wp:term":[{"taxonomy":"product_brand","embeddable":true,"href":"https:\/\/www.aps-eb.de\/th\/wp-json\/wp\/v2\/product_brand?post=1249"},{"taxonomy":"product_cat","embeddable":true,"href":"https:\/\/www.aps-eb.de\/th\/wp-json\/wp\/v2\/product_cat?post=1249"},{"taxonomy":"product_tag","embeddable":true,"href":"https:\/\/www.aps-eb.de\/th\/wp-json\/wp\/v2\/product_tag?post=1249"}],"curies":[{"name":"wp","href":"https:\/\/api.w.org\/{rel}","templated":true}]}}