{"id":1471,"date":"2024-03-06T12:27:40","date_gmt":"2024-03-06T12:27:40","guid":{"rendered":"https:\/\/aps-eb.de\/?post_type=product&#038;p=1471"},"modified":"2025-12-20T10:28:15","modified_gmt":"2025-12-20T10:28:15","slug":"us-army-basecap-mesh","status":"publish","type":"product","link":"https:\/\/www.aps-eb.de\/th\/categorie\/us-army-basecap-mesh\/","title":{"rendered":"US-Army Basecap &#8211; Mesh"},"content":{"rendered":"<h4>US-Army Basecap &#8211; Mesh<\/h4>\n<p>Die Tactical OCP Cap bietet schnell trocknenden, atmungsaktiven Komfort mit k\u00fchlenden k\u00fchlenden Mesh-Eins\u00e4tzen und einem verstellbaren Klettverschluss. Diese NIR-konforme M\u00fctze im Occupational Camouflage Pattern (OCP) wird aus dem gleichen Stoff hergestellt wie die Improved Hot Weather Uniform, die von der US-Armee und der US-Luftwaffe getragen wird. Die Mesh-Eins\u00e4tze bestehen aus 100 % Tan499-Polyester. F\u00fcr Namensb\u00e4nder und Identifikation wurde auf der R\u00fcckseite ein Schlaufenfeld sowie oben ein 1 x 1 Zoll gro\u00dfes Schlaufenfeld hinzugef\u00fcgt.<\/p>","protected":false},"excerpt":{"rendered":"<h4>US-Army Base Cap &#8211; Mesh<\/h4>","protected":false},"featured_media":1493,"comment_status":"open","ping_status":"closed","template":"","meta":{"_rtcl_gb_attr":"","ngg_post_thumbnail":0},"product_brand":[],"product_cat":[332],"product_tag":[83],"class_list":{"0":"post-1471","1":"product","2":"type-product","3":"status-publish","4":"has-post-thumbnail","6":"product_cat-shirts","7":"product_tag-fliegerkombi","9":"first","10":"instock","11":"taxable","12":"shipping-taxable","13":"purchasable","14":"product-type-simple"},"bundled_by":[],"bundle_stock_status":"instock","bundle_stock_quantity":10,"bundle_virtual":false,"bundle_layout":"","bundle_add_to_cart_form_location":"","bundle_editable_in_cart":false,"bundle_sold_individually_context":"","bundle_item_grouping":"","bundle_min_size":"","bundle_max_size":"","bundle_price":[],"bundled_items":[],"bundle_sell_ids":[],"jetpack_sharing_enabled":true,"_links":{"self":[{"href":"https:\/\/www.aps-eb.de\/th\/wp-json\/wp\/v2\/product\/1471","targetHints":{"allow":["GET"]}}],"collection":[{"href":"https:\/\/www.aps-eb.de\/th\/wp-json\/wp\/v2\/product"}],"about":[{"href":"https:\/\/www.aps-eb.de\/th\/wp-json\/wp\/v2\/types\/product"}],"replies":[{"embeddable":true,"href":"https:\/\/www.aps-eb.de\/th\/wp-json\/wp\/v2\/comments?post=1471"}],"wp:featuredmedia":[{"embeddable":true,"href":"https:\/\/www.aps-eb.de\/th\/wp-json\/wp\/v2\/media\/1493"}],"wp:attachment":[{"href":"https:\/\/www.aps-eb.de\/th\/wp-json\/wp\/v2\/media?parent=1471"}],"wp:term":[{"taxonomy":"product_brand","embeddable":true,"href":"https:\/\/www.aps-eb.de\/th\/wp-json\/wp\/v2\/product_brand?post=1471"},{"taxonomy":"product_cat","embeddable":true,"href":"https:\/\/www.aps-eb.de\/th\/wp-json\/wp\/v2\/product_cat?post=1471"},{"taxonomy":"product_tag","embeddable":true,"href":"https:\/\/www.aps-eb.de\/th\/wp-json\/wp\/v2\/product_tag?post=1471"}],"curies":[{"name":"wp","href":"https:\/\/api.w.org\/{rel}","templated":true}]}}