{"id":1494,"date":"2024-03-07T06:04:05","date_gmt":"2024-03-07T06:04:05","guid":{"rendered":"https:\/\/aps-eb.de\/?post_type=product&#038;p=1494"},"modified":"2025-10-05T08:59:12","modified_gmt":"2025-10-05T08:59:12","slug":"us-army-gen-iii-polartec-fleece-jacke","status":"publish","type":"product","link":"https:\/\/www.aps-eb.de\/th\/categorie\/us-army-gen-iii-polartec-fleece-jacke\/","title":{"rendered":"US-Army Gen III Polartec\u00ae Fleece Jacke"},"content":{"rendered":"<h4>US-Army Gen III Polartec\u00ae Fleece Jacke<\/h4>\n<ul>\n<li>100 % Polartec\u00ae Thermal Pro\u00ae-Fleece<\/li>\n<li>Polartec\u00ae Thermal Pro\u00ae-Gewebe ist 30-mal haltbarer als herk\u00f6mmliches Fleece<\/li>\n<li>Nylonverst\u00e4rkungen an Kragen, Schultern und Ellbogen<\/li>\n<li>Seiteneins\u00e4tze aus Stretch-Gitterfleece sorgen f\u00fcr Komfort und Atmungsaktivit\u00e4t<\/li>\n<li>Gen\u00e4ht nach Milit\u00e4rspezifikation GL\/PD-06-03<\/li>\n<li>Farb- und schrumpffest<\/li>\n<li>Handw\u00e4rmetaschen<\/li>\n<li>Zwei interne Brusttaschen<\/li>\n<li>Raglan\u00e4rmel f\u00fcr bessere Bewegungsfreiheit<\/li>\n<li>Elastische \u00c4rmelb\u00fcndchen<\/li>\n<li>US-Import<\/li>\n<\/ul>\n<p>Die Gen III Polartec\u00ae Fleecejacke ist f\u00fcr den Einsatz mit dem erweiterten Kaltwetter-Bekleidungssystem konzipiert und bereit f\u00fcr den aktiven Einsatz. Sie ist nach aktuellen Milit\u00e4rspezifikationen gen\u00e4ht. Diese Jacke eignet sich auch hervorragend zum Campen, Wandern und Arbeiten im Freien und h\u00e4lt Sie dank des hochwertigen Polartec\u00ae Thermal Pro\u00ae-Gewebes, das 30-mal haltbarer als herk\u00f6mmliches Fleece ist, auch bei k\u00fchleren Temperaturen warm.<\/p>","protected":false},"excerpt":{"rendered":"<h4>US-Army Gen III Polartec\u00ae Fleece Jacke<\/h4>","protected":false},"featured_media":1496,"comment_status":"open","ping_status":"closed","template":"","meta":{"_rtcl_gb_attr":"","ngg_post_thumbnail":0},"product_brand":[],"product_cat":[329],"product_tag":[160,164,85],"class_list":{"0":"post-1494","1":"product","2":"type-product","3":"status-publish","4":"has-post-thumbnail","6":"product_cat-jacken","7":"product_tag-fleece-jacke","8":"product_tag-polartec","9":"product_tag-us-army","11":"first","12":"instock","13":"taxable","14":"shipping-taxable","15":"purchasable","16":"product-type-variable","17":"has-default-attributes"},"bundled_by":[],"bundle_stock_status":"instock","bundle_stock_quantity":null,"bundle_virtual":false,"bundle_layout":"","bundle_add_to_cart_form_location":"","bundle_editable_in_cart":false,"bundle_sold_individually_context":"","bundle_item_grouping":"","bundle_min_size":"","bundle_max_size":"","bundle_price":[],"bundled_items":[],"bundle_sell_ids":[],"jetpack_sharing_enabled":true,"_links":{"self":[{"href":"https:\/\/www.aps-eb.de\/th\/wp-json\/wp\/v2\/product\/1494","targetHints":{"allow":["GET"]}}],"collection":[{"href":"https:\/\/www.aps-eb.de\/th\/wp-json\/wp\/v2\/product"}],"about":[{"href":"https:\/\/www.aps-eb.de\/th\/wp-json\/wp\/v2\/types\/product"}],"replies":[{"embeddable":true,"href":"https:\/\/www.aps-eb.de\/th\/wp-json\/wp\/v2\/comments?post=1494"}],"wp:featuredmedia":[{"embeddable":true,"href":"https:\/\/www.aps-eb.de\/th\/wp-json\/wp\/v2\/media\/1496"}],"wp:attachment":[{"href":"https:\/\/www.aps-eb.de\/th\/wp-json\/wp\/v2\/media?parent=1494"}],"wp:term":[{"taxonomy":"product_brand","embeddable":true,"href":"https:\/\/www.aps-eb.de\/th\/wp-json\/wp\/v2\/product_brand?post=1494"},{"taxonomy":"product_cat","embeddable":true,"href":"https:\/\/www.aps-eb.de\/th\/wp-json\/wp\/v2\/product_cat?post=1494"},{"taxonomy":"product_tag","embeddable":true,"href":"https:\/\/www.aps-eb.de\/th\/wp-json\/wp\/v2\/product_tag?post=1494"}],"curies":[{"name":"wp","href":"https:\/\/api.w.org\/{rel}","templated":true}]}}