{"id":1752,"date":"2024-05-14T04:59:13","date_gmt":"2024-05-14T04:59:13","guid":{"rendered":"https:\/\/aps-eb.de\/?post_type=product&#038;p=1752"},"modified":"2025-03-25T06:56:57","modified_gmt":"2025-03-25T06:56:57","slug":"bremsscheibe-dynamic-wt-9","status":"publish","type":"product","link":"https:\/\/www.aps-eb.de\/th\/categorie\/bremsscheibe-dynamic-wt-9\/","title":{"rendered":"Goldfren\u00ae Bremsscheibe Dynamic WT 9"},"content":{"rendered":"<h1>Bremsscheibe Dynamic WT 9<\/h1>\n<p>High-Tech Bremsscheibe von Goldfren\u00ae f\u00fcr Ultraleichtflugzeug Dynamic WT 9<\/p>\n<p>In unserem Angebot sind auch die Bremsscheiben inbegriffen, die sich gegen der langj\u00e4hringen Praxis unterschieden. Einige Hersteller der Flugzeuge und Komponenten pr\u00e4ferieren stets die Anwendung der Bremsscheiben die mit Plasma-Oberfl\u00e4chebehandlung. Durch diesen Vorgang ist aber die W\u00e4rme\u00fcbertragung in der Richtung in die Scheibe verhindert und nachfolgent entsteht das Problem mit der \u00dcberw\u00e4rmung der Bremsfl\u00fcssigkeit und Besch\u00e4digung\/Verbrennen der Dichtungsringe im Kolben des Calipers. Wir empfehlen unsere Bremsscheiben und Bremscalipers, die diese Komplikationen eliminieren und beseitigen.<\/p>","protected":false},"excerpt":{"rendered":"<h1>Bremsscheibe Dynamic WT 9<\/h1>","protected":false},"featured_media":1753,"comment_status":"open","ping_status":"closed","template":"","meta":{"_rtcl_gb_attr":"","ngg_post_thumbnail":0},"product_brand":[],"product_cat":[19],"product_tag":[121,117,118,120,119],"class_list":{"0":"post-1752","1":"product","2":"type-product","3":"status-publish","4":"has-post-thumbnail","6":"product_cat-bremskomponenten","7":"product_tag-aerospool","8":"product_tag-break-disc","9":"product_tag-bremsscheibe","10":"product_tag-dynamic","11":"product_tag-wt9","13":"first","14":"instock","15":"taxable","16":"shipping-taxable","17":"purchasable","18":"product-type-simple"},"bundled_by":[],"bundle_stock_status":"instock","bundle_stock_quantity":19,"bundle_virtual":false,"bundle_layout":"","bundle_add_to_cart_form_location":"","bundle_editable_in_cart":false,"bundle_sold_individually_context":"","bundle_item_grouping":"","bundle_min_size":"","bundle_max_size":"","bundle_price":[],"bundled_items":[],"bundle_sell_ids":[],"jetpack_sharing_enabled":true,"_links":{"self":[{"href":"https:\/\/www.aps-eb.de\/th\/wp-json\/wp\/v2\/product\/1752","targetHints":{"allow":["GET"]}}],"collection":[{"href":"https:\/\/www.aps-eb.de\/th\/wp-json\/wp\/v2\/product"}],"about":[{"href":"https:\/\/www.aps-eb.de\/th\/wp-json\/wp\/v2\/types\/product"}],"replies":[{"embeddable":true,"href":"https:\/\/www.aps-eb.de\/th\/wp-json\/wp\/v2\/comments?post=1752"}],"wp:featuredmedia":[{"embeddable":true,"href":"https:\/\/www.aps-eb.de\/th\/wp-json\/wp\/v2\/media\/1753"}],"wp:attachment":[{"href":"https:\/\/www.aps-eb.de\/th\/wp-json\/wp\/v2\/media?parent=1752"}],"wp:term":[{"taxonomy":"product_brand","embeddable":true,"href":"https:\/\/www.aps-eb.de\/th\/wp-json\/wp\/v2\/product_brand?post=1752"},{"taxonomy":"product_cat","embeddable":true,"href":"https:\/\/www.aps-eb.de\/th\/wp-json\/wp\/v2\/product_cat?post=1752"},{"taxonomy":"product_tag","embeddable":true,"href":"https:\/\/www.aps-eb.de\/th\/wp-json\/wp\/v2\/product_tag?post=1752"}],"curies":[{"name":"wp","href":"https:\/\/api.w.org\/{rel}","templated":true}]}}