{"id":17978,"date":"2025-12-23T15:20:09","date_gmt":"2025-12-23T15:20:09","guid":{"rendered":"https:\/\/www.aps-eb.de\/?post_type=product&#038;p=17978"},"modified":"2026-03-05T06:22:31","modified_gmt":"2026-03-05T06:22:31","slug":"softshell-jacke-taktisch","status":"publish","type":"product","link":"https:\/\/www.aps-eb.de\/th\/categorie\/softshell-jacke-taktisch\/","title":{"rendered":"Softshell-Jacke taktisch"},"content":{"rendered":"<div class=\"info-block--item\">\n<div>Beschreibung:<\/div>\n<div>\n<p><big>Au\u00dfenschicht: 100% Polyester, 4-way elastic, h\u00f6chste Qualit\u00e4t<br \/>\nZwischenschicht: Atmungsaktive<br \/>\nMembrane Innenschicht: Super feines Fleece<\/big><\/p>\n<p><strong>Gewicht:&nbsp;<\/strong>1135 Gramm Wasserdicht<br \/>\nYKK-2Wege-Rei\u00dfverschluss<\/p>\n<p><strong>Mehr Merkmale:<\/strong><\/p>\n<ul>\n<li><big>Senkrechte Brusttaschen<\/big><\/li>\n<li><big>2 Seitentaschen<\/big><\/li>\n<li><big>2 Schultertaschen<\/big><\/li>\n<li><big>2 Schulterpassen<\/big><\/li>\n<li><big>2 Innentaschen<\/big><\/li>\n<li><big>Durchgehender<\/big><\/li>\n<li><big>Doppelrei\u00dfverschluss vorne<\/big><\/li>\n<li><big>Zwei Ventilationsunterarm-Rei\u00dfverschl\u00fcsse<\/big><\/li>\n<li><big>Unterarm 2-lagig verst\u00e4rkt<\/big><\/li>\n<li><big>Schn\u00fcrbund Verstellbares \u00c4rmelb\u00fcndchen<\/big><\/li>\n<\/ul>\n<\/div>\n<\/div>\n<div class=\"info-block--item\">&nbsp;<\/div>\n<div class=\"info-block--item\">\n<div>Gewicht (gr):<\/div>\n<div>935.00<\/div>\n<\/div>\n<div class=\"info-block--item\">\n<div>Marke:<\/div>\n<div>101 INC<\/div>\n<\/div>\n<div class=\"info-block--item\">\n<div>Material:<\/div>\n<div>100% polyester 4 way elastic<\/div>\n<\/div>\n<div class=\"info-block--item\">\n<div>Logo:<\/div>\n<div><a class=\"semantic_image_link\" href=\"https:\/\/www.vanosimports.com\/de\/catalog\/item\/129840\" data-bs-toggle=\"modal\" data-bs-target=\".stock-modal\" data-image=\"https:\/\/plm.vanosimports.com\/media\/uploads\/product_files\/10656_dfd3b7362a297f4b1b666d51c3dab28338da6d5a.png\" data-image-title=\"Logo\"><img decoding=\"async\" src=\"https:\/\/plm.vanosimports.com\/media\/uploads\/product_files\/10656_dfd3b7362a297f4b1b666d51c3dab28338da6d5a.png?&amp;height=50\"><\/a><\/div>\n<\/div>","protected":false},"excerpt":{"rendered":"<p>Beschreibung: Au\u00dfenschicht: 100% Polyester, 4-way elastic, h\u00f6chste Qualit\u00e4t Zwischenschicht: Atmungsaktive Membrane Innenschicht: Super feines Fleece Gewicht:&nbsp;1135 Gramm Wasserdicht YKK-2Wege-Rei\u00dfverschluss Mehr<\/p>","protected":false},"featured_media":14843,"comment_status":"open","ping_status":"closed","template":"","meta":{"_rtcl_gb_attr":"","ngg_post_thumbnail":0},"product_brand":[473],"product_cat":[329],"product_tag":[336,422,421,423,85],"class_list":{"0":"post-17978","1":"product","2":"type-product","3":"status-publish","4":"has-post-thumbnail","6":"product_brand-101-inc","7":"product_cat-jacken","8":"product_tag-fostex-garments","9":"product_tag-holzfaeller","10":"product_tag-holzfaellerjacke","11":"product_tag-outdoor","12":"product_tag-us-army","13":"pa_groesse-4xl","14":"pa_groesse-5xl","15":"pa_groesse-l","16":"pa_groesse-m","17":"pa_groesse-s","18":"pa_groesse-xl","19":"pa_groesse-xxl","20":"pa_groesse-xxxl","22":"first","23":"instock","24":"taxable","25":"shipping-taxable","26":"purchasable","27":"product-type-variable"},"bundled_by":[],"bundle_stock_status":"instock","bundle_stock_quantity":5,"bundle_virtual":false,"bundle_layout":"","bundle_add_to_cart_form_location":"","bundle_editable_in_cart":false,"bundle_sold_individually_context":"","bundle_item_grouping":"","bundle_min_size":"","bundle_max_size":"","bundle_price":[],"bundled_items":[],"bundle_sell_ids":[],"jetpack_sharing_enabled":true,"_links":{"self":[{"href":"https:\/\/www.aps-eb.de\/th\/wp-json\/wp\/v2\/product\/17978","targetHints":{"allow":["GET"]}}],"collection":[{"href":"https:\/\/www.aps-eb.de\/th\/wp-json\/wp\/v2\/product"}],"about":[{"href":"https:\/\/www.aps-eb.de\/th\/wp-json\/wp\/v2\/types\/product"}],"replies":[{"embeddable":true,"href":"https:\/\/www.aps-eb.de\/th\/wp-json\/wp\/v2\/comments?post=17978"}],"wp:featuredmedia":[{"embeddable":true,"href":"https:\/\/www.aps-eb.de\/th\/wp-json\/wp\/v2\/media\/14843"}],"wp:attachment":[{"href":"https:\/\/www.aps-eb.de\/th\/wp-json\/wp\/v2\/media?parent=17978"}],"wp:term":[{"taxonomy":"product_brand","embeddable":true,"href":"https:\/\/www.aps-eb.de\/th\/wp-json\/wp\/v2\/product_brand?post=17978"},{"taxonomy":"product_cat","embeddable":true,"href":"https:\/\/www.aps-eb.de\/th\/wp-json\/wp\/v2\/product_cat?post=17978"},{"taxonomy":"product_tag","embeddable":true,"href":"https:\/\/www.aps-eb.de\/th\/wp-json\/wp\/v2\/product_tag?post=17978"}],"curies":[{"name":"wp","href":"https:\/\/api.w.org\/{rel}","templated":true}]}}