{"id":18066,"date":"2025-12-23T15:23:11","date_gmt":"2025-12-23T15:23:11","guid":{"rendered":"https:\/\/www.aps-eb.de\/?post_type=product&#038;p=18066"},"modified":"2026-03-13T12:48:21","modified_gmt":"2026-03-13T12:48:21","slug":"denkmalpfleger-jacke","status":"publish","type":"product","link":"https:\/\/www.aps-eb.de\/th\/categorie\/denkmalpfleger-jacke\/","title":{"rendered":"Heritage-Arbeiterjacke"},"content":{"rendered":"<h2><big><strong>Heritage Worker Jacke<\/strong><\/big><\/h2>\n<p><span style=\"font-size: 10pt;\"><big>Die originale Worker Jacke ist von der ikonischen Detroit Jacket inspiriert. Hergestellt aus 100 % Baumwolle und mit einem glatten Nylonfutter versehen, eignet sich diese Jacke perfekt als \u00dcbergangsjacke f\u00fcr den t\u00e4glichen Gebrauch w\u00e4hrend der Arbeitszeit.<\/big><\/span><\/p>\n<p><span style=\"font-size: 10pt;\"><big><strong>Merkmale<\/strong><\/big><\/span><\/p>\n<ul>\n<li><span style=\"font-size: 10pt;\"><big>Gewaschener Vintage-Look<\/big><\/span><\/li>\n<li><span style=\"font-size: 10pt;\"><big>Lockerer Schnitt<\/big><\/span><\/li>\n<li><span style=\"font-size: 10pt;\"><big>Verstellbar mit Druckkn\u00f6pfen an \u00c4rmeln und Taille<\/big><\/span><\/li>\n<li><span style=\"font-size: 10pt;\"><big>Offene linke Brusttasche mit Label auf der Tasche<\/big><\/span><\/li>\n<li><span style=\"font-size: 10pt;\"><big>Offene Innentasche links<\/big><\/span><\/li>\n<li><span style=\"font-size: 10pt;\"><big>Durchgehender Frontrei\u00dfverschluss<\/big><\/span><\/li>\n<\/ul>\n<p><span style=\"font-size: 10pt;\"><big><strong>Material<\/strong><\/big><\/span><\/p>\n<ul>\n<li><span style=\"font-size: 10pt;\"><big>Obermaterial: 100 % Baumwolle<\/big><\/span><\/li>\n<li><span style=\"font-size: 10pt;\"><big>Futter: 100 % Nylon<\/big><\/span><\/li>\n<li><span style=\"font-size: 10pt;\"><big>Wattierung: 100 % Polyester<\/big><\/span><\/li>\n<\/ul>","protected":false},"excerpt":{"rendered":"<p>Heritage Worker Jacke Die originale Worker Jacke ist von der ikonischen Detroit Jacket inspiriert. Hergestellt aus 100 % Baumwolle und<\/p>","protected":false},"featured_media":18352,"comment_status":"open","ping_status":"closed","template":"","meta":{"_rtcl_gb_attr":"","ngg_post_thumbnail":0},"product_brand":[432],"product_cat":[15],"product_tag":[336,422,421,423,85],"class_list":{"0":"post-18066","1":"product","2":"type-product","3":"status-publish","4":"has-post-thumbnail","6":"product_brand-fostex-garments","7":"product_cat-unkategorisiert","8":"product_tag-fostex-garments","9":"product_tag-holzfaeller","10":"product_tag-holzfaellerjacke","11":"product_tag-outdoor","12":"product_tag-us-army","13":"pa_groesse-l","14":"pa_groesse-m","15":"pa_groesse-s","16":"pa_groesse-xl","17":"pa_groesse-xxl","19":"first","20":"instock","21":"taxable","22":"shipping-taxable","23":"purchasable","24":"product-type-variable"},"bundled_by":[],"bundle_stock_status":"instock","bundle_stock_quantity":5,"bundle_virtual":false,"bundle_layout":"","bundle_add_to_cart_form_location":"","bundle_editable_in_cart":false,"bundle_sold_individually_context":"","bundle_item_grouping":"","bundle_min_size":"","bundle_max_size":"","bundle_price":[],"bundled_items":[],"bundle_sell_ids":[],"jetpack_sharing_enabled":true,"_links":{"self":[{"href":"https:\/\/www.aps-eb.de\/th\/wp-json\/wp\/v2\/product\/18066","targetHints":{"allow":["GET"]}}],"collection":[{"href":"https:\/\/www.aps-eb.de\/th\/wp-json\/wp\/v2\/product"}],"about":[{"href":"https:\/\/www.aps-eb.de\/th\/wp-json\/wp\/v2\/types\/product"}],"replies":[{"embeddable":true,"href":"https:\/\/www.aps-eb.de\/th\/wp-json\/wp\/v2\/comments?post=18066"}],"wp:featuredmedia":[{"embeddable":true,"href":"https:\/\/www.aps-eb.de\/th\/wp-json\/wp\/v2\/media\/18352"}],"wp:attachment":[{"href":"https:\/\/www.aps-eb.de\/th\/wp-json\/wp\/v2\/media?parent=18066"}],"wp:term":[{"taxonomy":"product_brand","embeddable":true,"href":"https:\/\/www.aps-eb.de\/th\/wp-json\/wp\/v2\/product_brand?post=18066"},{"taxonomy":"product_cat","embeddable":true,"href":"https:\/\/www.aps-eb.de\/th\/wp-json\/wp\/v2\/product_cat?post=18066"},{"taxonomy":"product_tag","embeddable":true,"href":"https:\/\/www.aps-eb.de\/th\/wp-json\/wp\/v2\/product_tag?post=18066"}],"curies":[{"name":"wp","href":"https:\/\/api.w.org\/{rel}","templated":true}]}}