{"id":1928,"date":"2024-11-28T09:33:33","date_gmt":"2024-11-28T09:33:33","guid":{"rendered":"https:\/\/aps-eb.de\/?post_type=product&#038;p=1928"},"modified":"2025-10-05T09:14:27","modified_gmt":"2025-10-05T09:14:27","slug":"trinksystemtraeger-des-usmc","status":"publish","type":"product","link":"https:\/\/www.aps-eb.de\/th\/categorie\/trinksystemtraeger-des-usmc\/","title":{"rendered":"Trinksystemtr\u00e4ger des USMC"},"content":{"rendered":"<h4 id=\"tw-target-text\" class=\"tw-data-text tw-text-large tw-ta\" dir=\"ltr\" data-placeholder=\"Translation\">Trinksystemtr\u00e4ger des USMC<\/h4>\n<ul>\n<li>Hergestellt nach Milit\u00e4rspezifikation DTL-17001A0001<\/li>\n<li>NSN: 8465-01-600-7882<\/li>\n<li>Blase nicht enthalten<\/li>\n<li>Bestandteil des USMC-Pakets<\/li>\n<\/ul>\n<p>Der Propper USMC Hydration Carrier ist eine hochwertige Trinkl\u00f6sung nach Milit\u00e4rstandard, die den strengen Anforderungen des US Marine Corps gerecht wird. Dieser robuste Tr\u00e4ger wurde nach Milit\u00e4rstandard DTL-17001A0001 gebaut und verf\u00fcgt \u00fcber die NSN: 8465-01-600-7882. Er ist ein wichtiger Bestandteil des USMC Pack.<\/p>","protected":false},"excerpt":{"rendered":"<h4 id=\"tw-target-text\" class=\"tw-data-text tw-text-large tw-ta\" dir=\"ltr\" data-placeholder=\"Translation\">Trinksystemtr\u00e4ger des USMC<\/h4>","protected":false},"featured_media":1931,"comment_status":"open","ping_status":"closed","template":"","meta":{"_rtcl_gb_attr":"","ngg_post_thumbnail":0},"product_brand":[],"product_cat":[330],"product_tag":[132,137,85,138],"class_list":{"0":"post-1928","1":"product","2":"type-product","3":"status-publish","4":"has-post-thumbnail","6":"product_cat-taschen-backpacks","7":"product_tag-tragetasche","8":"product_tag-trinksystemtraeger","9":"product_tag-us-army","10":"product_tag-usmc","12":"first","13":"instock","14":"taxable","15":"shipping-taxable","16":"purchasable","17":"product-type-simple"},"bundled_by":[],"bundle_stock_status":"instock","bundle_stock_quantity":10,"bundle_virtual":false,"bundle_layout":"","bundle_add_to_cart_form_location":"","bundle_editable_in_cart":false,"bundle_sold_individually_context":"","bundle_item_grouping":"","bundle_min_size":"","bundle_max_size":"","bundle_price":[],"bundled_items":[],"bundle_sell_ids":[],"jetpack_sharing_enabled":true,"_links":{"self":[{"href":"https:\/\/www.aps-eb.de\/th\/wp-json\/wp\/v2\/product\/1928","targetHints":{"allow":["GET"]}}],"collection":[{"href":"https:\/\/www.aps-eb.de\/th\/wp-json\/wp\/v2\/product"}],"about":[{"href":"https:\/\/www.aps-eb.de\/th\/wp-json\/wp\/v2\/types\/product"}],"replies":[{"embeddable":true,"href":"https:\/\/www.aps-eb.de\/th\/wp-json\/wp\/v2\/comments?post=1928"}],"wp:featuredmedia":[{"embeddable":true,"href":"https:\/\/www.aps-eb.de\/th\/wp-json\/wp\/v2\/media\/1931"}],"wp:attachment":[{"href":"https:\/\/www.aps-eb.de\/th\/wp-json\/wp\/v2\/media?parent=1928"}],"wp:term":[{"taxonomy":"product_brand","embeddable":true,"href":"https:\/\/www.aps-eb.de\/th\/wp-json\/wp\/v2\/product_brand?post=1928"},{"taxonomy":"product_cat","embeddable":true,"href":"https:\/\/www.aps-eb.de\/th\/wp-json\/wp\/v2\/product_cat?post=1928"},{"taxonomy":"product_tag","embeddable":true,"href":"https:\/\/www.aps-eb.de\/th\/wp-json\/wp\/v2\/product_tag?post=1928"}],"curies":[{"name":"wp","href":"https:\/\/api.w.org\/{rel}","templated":true}]}}