{"id":1964,"date":"2025-01-08T13:35:33","date_gmt":"2025-01-08T13:35:33","guid":{"rendered":"https:\/\/aps-eb.de\/?post_type=product&#038;p=1964"},"modified":"2025-10-05T08:58:53","modified_gmt":"2025-10-05T08:58:53","slug":"us-army-gen-iii-fleece-jacke","status":"publish","type":"product","link":"https:\/\/www.aps-eb.de\/th\/categorie\/us-army-gen-iii-fleece-jacke\/","title":{"rendered":"US-Army Gen III Fleece Jacke"},"content":{"rendered":"<h4>US-Army Gen III Fleece Jacke<\/h4>\n<ul>\n<li>100 % Polyester<\/li>\n<li>Taslan-Verst\u00e4rkungen an Kragen, Schultern und Ellbogen<\/li>\n<li>Farb- und schrumpfbest\u00e4ndig<\/li>\n<li>Handw\u00e4rmertaschen<\/li>\n<li>Zwei interne Brusttaschen<\/li>\n<li>Stretch-Gitter-Fleece-Seitenteile sorgen f\u00fcr Komfort und Atmungsaktivit\u00e4t<\/li>\n<li>Raglan-\u00c4rmel f\u00fcr mehr Bewegungsfreiheit<\/li>\n<li>Elastische \u00c4rmelb\u00fcndchen<\/li>\n<li>US-Import<\/li>\n<\/ul>\n<p>Die Gen III Fleecejacke wurde f\u00fcr den Einsatz im erweiterten Kaltwetter-Bekleidungssystem entwickelt und entspricht den aktuellen Milit\u00e4rspezifikationen. Mit ihrer hochwertigen, hochflorigen Fleecekonstruktion ist diese Jacke auch eine gro\u00dfartige Option f\u00fcr Camping, Wandern und Arbeiten im Freien bei k\u00fchleren Temperaturen.<\/p>","protected":false},"excerpt":{"rendered":"<h4>US-Army Gen III Fleece Jacke<\/h4>","protected":false},"featured_media":1987,"comment_status":"open","ping_status":"closed","template":"","meta":{"_rtcl_gb_attr":"","ngg_post_thumbnail":0},"product_brand":[],"product_cat":[329],"product_tag":[160,159,147,85],"class_list":{"0":"post-1964","1":"product","2":"type-product","3":"status-publish","4":"has-post-thumbnail","6":"product_cat-jacken","7":"product_tag-fleece-jacke","8":"product_tag-jacke","9":"product_tag-propper","10":"product_tag-us-army","12":"first","13":"instock","14":"taxable","15":"shipping-taxable","16":"purchasable","17":"product-type-variable","18":"has-default-attributes"},"bundled_by":[],"bundle_stock_status":"instock","bundle_stock_quantity":null,"bundle_virtual":false,"bundle_layout":"","bundle_add_to_cart_form_location":"","bundle_editable_in_cart":false,"bundle_sold_individually_context":"","bundle_item_grouping":"","bundle_min_size":"","bundle_max_size":"","bundle_price":[],"bundled_items":[],"bundle_sell_ids":[],"jetpack_sharing_enabled":true,"_links":{"self":[{"href":"https:\/\/www.aps-eb.de\/th\/wp-json\/wp\/v2\/product\/1964","targetHints":{"allow":["GET"]}}],"collection":[{"href":"https:\/\/www.aps-eb.de\/th\/wp-json\/wp\/v2\/product"}],"about":[{"href":"https:\/\/www.aps-eb.de\/th\/wp-json\/wp\/v2\/types\/product"}],"replies":[{"embeddable":true,"href":"https:\/\/www.aps-eb.de\/th\/wp-json\/wp\/v2\/comments?post=1964"}],"wp:featuredmedia":[{"embeddable":true,"href":"https:\/\/www.aps-eb.de\/th\/wp-json\/wp\/v2\/media\/1987"}],"wp:attachment":[{"href":"https:\/\/www.aps-eb.de\/th\/wp-json\/wp\/v2\/media?parent=1964"}],"wp:term":[{"taxonomy":"product_brand","embeddable":true,"href":"https:\/\/www.aps-eb.de\/th\/wp-json\/wp\/v2\/product_brand?post=1964"},{"taxonomy":"product_cat","embeddable":true,"href":"https:\/\/www.aps-eb.de\/th\/wp-json\/wp\/v2\/product_cat?post=1964"},{"taxonomy":"product_tag","embeddable":true,"href":"https:\/\/www.aps-eb.de\/th\/wp-json\/wp\/v2\/product_tag?post=1964"}],"curies":[{"name":"wp","href":"https:\/\/api.w.org\/{rel}","templated":true}]}}